{"id":1902,"date":"2025-01-13T10:25:50","date_gmt":"2025-01-13T08:25:50","guid":{"rendered":"https:\/\/www.paroslawyers.com\/profilo\/"},"modified":"2025-03-25T12:20:03","modified_gmt":"2025-03-25T10:20:03","slug":"profilo","status":"publish","type":"page","link":"https:\/\/www.paroslawyers.com\/it\/profilo\/","title":{"rendered":"Profilo"},"content":{"rendered":"<div id='full_slider_1'  class='avia-fullwidth-slider main_color avia-shadow   avia-builder-el-0  el_before_av_section  avia-builder-el-first   container_wrap fullsize'  ><div  class='avia-slideshow av-k0nwn71q-c1b56a2d9c5d82931d12f93d3be35ae1 avia-slideshow-featured av_slideshow_full avia-slide-slider av-slideshow-ui av-control-default av-slideshow-autoplay av-loop-endless av-loop-manual-endless av-default-height-applied   avia-slideshow-1' data-slideshow-options=\"{&quot;animation&quot;:&quot;slide&quot;,&quot;autoplay&quot;:true,&quot;loop_autoplay&quot;:&quot;endless&quot;,&quot;interval&quot;:5,&quot;loop_manual&quot;:&quot;manual-endless&quot;,&quot;autoplay_stopper&quot;:false,&quot;noNavigation&quot;:false,&quot;bg_slider&quot;:false,&quot;keep_padding&quot;:false,&quot;hoverpause&quot;:false,&quot;show_slide_delay&quot;:0}\"  itemprop=\"image\" itemscope=\"itemscope\" itemtype=\"https:\/\/schema.org\/ImageObject\" ><ul class='avia-slideshow-inner ' style='padding-bottom: 28.666666666667%;'><li  class='avia-slideshow-slide av-k0nwn71q-c1b56a2d9c5d82931d12f93d3be35ae1__0  slide-1 slide-odd'><div data-rel='slideshow-1' class='avia-slide-wrap '   ><img decoding=\"async\" fetchpriority=\"high\" class=\"wp-image-1908 avia-img-lazy-loading-not-1908\"  src=\"https:\/\/www.paroslawyers.com\/wp-content\/uploads\/2023\/04\/Andreopoulos2023-5.jpg\" width=\"1500\" height=\"430\" title='Paros Andreopoulos, Attorney in Law' alt=''  itemprop=\"thumbnailUrl\" srcset=\"https:\/\/www.paroslawyers.com\/wp-content\/uploads\/2023\/04\/Andreopoulos2023-5.jpg 1500w, https:\/\/www.paroslawyers.com\/wp-content\/uploads\/2023\/04\/Andreopoulos2023-5-300x86.jpg 300w, https:\/\/www.paroslawyers.com\/wp-content\/uploads\/2023\/04\/Andreopoulos2023-5-1030x295.jpg 1030w, https:\/\/www.paroslawyers.com\/wp-content\/uploads\/2023\/04\/Andreopoulos2023-5-768x220.jpg 768w, https:\/\/www.paroslawyers.com\/wp-content\/uploads\/2023\/04\/Andreopoulos2023-5-705x202.jpg 705w\" sizes=\"(max-width: 1500px) 100vw, 1500px\" \/><\/div><\/li><li  class='avia-slideshow-slide av-k0nwn71q-c1b56a2d9c5d82931d12f93d3be35ae1__1  slide-2 slide-even'><div data-rel='slideshow-1' class='avia-slide-wrap '   ><img decoding=\"async\" fetchpriority=\"high\" class=\"wp-image-1903 avia-img-lazy-loading-not-1903\"  src=\"https:\/\/www.paroslawyers.com\/wp-content\/uploads\/2023\/04\/Andreopoulos2023-7.jpg\" width=\"1500\" height=\"430\" title='Ioannis Andreopoulos &amp; Associates, Lawyers, Paros' alt=''  itemprop=\"thumbnailUrl\" srcset=\"https:\/\/www.paroslawyers.com\/wp-content\/uploads\/2023\/04\/Andreopoulos2023-7.jpg 1500w, https:\/\/www.paroslawyers.com\/wp-content\/uploads\/2023\/04\/Andreopoulos2023-7-300x86.jpg 300w, https:\/\/www.paroslawyers.com\/wp-content\/uploads\/2023\/04\/Andreopoulos2023-7-1030x295.jpg 1030w, https:\/\/www.paroslawyers.com\/wp-content\/uploads\/2023\/04\/Andreopoulos2023-7-768x220.jpg 768w, https:\/\/www.paroslawyers.com\/wp-content\/uploads\/2023\/04\/Andreopoulos2023-7-705x202.jpg 705w\" sizes=\"(max-width: 1500px) 100vw, 1500px\" \/><\/div><\/li><li  class='avia-slideshow-slide av-k0nwn71q-c1b56a2d9c5d82931d12f93d3be35ae1__2  slide-3 slide-odd'><div data-rel='slideshow-1' class='avia-slide-wrap '   ><img decoding=\"async\" fetchpriority=\"high\" class=\"wp-image-1907 avia-img-lazy-loading-not-1907\"  src=\"https:\/\/www.paroslawyers.com\/wp-content\/uploads\/2023\/04\/Andreopoulos2023-4.jpg\" width=\"1500\" height=\"430\" title='Paros Andreopoulos, Attorney in Law' alt=''  itemprop=\"thumbnailUrl\" srcset=\"https:\/\/www.paroslawyers.com\/wp-content\/uploads\/2023\/04\/Andreopoulos2023-4.jpg 1500w, https:\/\/www.paroslawyers.com\/wp-content\/uploads\/2023\/04\/Andreopoulos2023-4-300x86.jpg 300w, https:\/\/www.paroslawyers.com\/wp-content\/uploads\/2023\/04\/Andreopoulos2023-4-1030x295.jpg 1030w, https:\/\/www.paroslawyers.com\/wp-content\/uploads\/2023\/04\/Andreopoulos2023-4-768x220.jpg 768w, https:\/\/www.paroslawyers.com\/wp-content\/uploads\/2023\/04\/Andreopoulos2023-4-705x202.jpg 705w\" sizes=\"(max-width: 1500px) 100vw, 1500px\" \/><\/div><\/li><li  class='avia-slideshow-slide av-k0nwn71q-c1b56a2d9c5d82931d12f93d3be35ae1__3  slide-4 slide-even'><div data-rel='slideshow-1' class='avia-slide-wrap '   ><img decoding=\"async\" fetchpriority=\"high\" class=\"wp-image-1904 avia-img-lazy-loading-not-1904\"  src=\"https:\/\/www.paroslawyers.com\/wp-content\/uploads\/2023\/04\/Andreopoulos2023-16.jpg\" width=\"1500\" height=\"430\" title='Ioannis Andreopoulos &amp; Associates, Lawyers, Paros' alt=''  itemprop=\"thumbnailUrl\" srcset=\"https:\/\/www.paroslawyers.com\/wp-content\/uploads\/2023\/04\/Andreopoulos2023-16.jpg 1500w, https:\/\/www.paroslawyers.com\/wp-content\/uploads\/2023\/04\/Andreopoulos2023-16-300x86.jpg 300w, https:\/\/www.paroslawyers.com\/wp-content\/uploads\/2023\/04\/Andreopoulos2023-16-1030x295.jpg 1030w, https:\/\/www.paroslawyers.com\/wp-content\/uploads\/2023\/04\/Andreopoulos2023-16-768x220.jpg 768w, https:\/\/www.paroslawyers.com\/wp-content\/uploads\/2023\/04\/Andreopoulos2023-16-705x202.jpg 705w\" sizes=\"(max-width: 1500px) 100vw, 1500px\" \/><\/div><\/li><li  class='avia-slideshow-slide av-k0nwn71q-c1b56a2d9c5d82931d12f93d3be35ae1__4  slide-5 slide-odd'><div data-rel='slideshow-1' class='avia-slide-wrap '   ><img decoding=\"async\" fetchpriority=\"high\" class=\"wp-image-1905 avia-img-lazy-loading-not-1905\"  src=\"https:\/\/www.paroslawyers.com\/wp-content\/uploads\/2023\/04\/Andreopoulos2023-21.jpg\" width=\"1500\" height=\"430\" title='Andreopoulos &amp; Associates, Lawyers, Paros' alt=''  itemprop=\"thumbnailUrl\" srcset=\"https:\/\/www.paroslawyers.com\/wp-content\/uploads\/2023\/04\/Andreopoulos2023-21.jpg 1500w, https:\/\/www.paroslawyers.com\/wp-content\/uploads\/2023\/04\/Andreopoulos2023-21-300x86.jpg 300w, https:\/\/www.paroslawyers.com\/wp-content\/uploads\/2023\/04\/Andreopoulos2023-21-1030x295.jpg 1030w, https:\/\/www.paroslawyers.com\/wp-content\/uploads\/2023\/04\/Andreopoulos2023-21-768x220.jpg 768w, https:\/\/www.paroslawyers.com\/wp-content\/uploads\/2023\/04\/Andreopoulos2023-21-705x202.jpg 705w\" sizes=\"(max-width: 1500px) 100vw, 1500px\" \/><\/div><\/li><li  class='avia-slideshow-slide av-k0nwn71q-c1b56a2d9c5d82931d12f93d3be35ae1__5  slide-6 slide-even'><div data-rel='slideshow-1' class='avia-slide-wrap '   ><img decoding=\"async\" fetchpriority=\"high\" class=\"wp-image-1906 avia-img-lazy-loading-not-1906\"  src=\"https:\/\/www.paroslawyers.com\/wp-content\/uploads\/2023\/04\/Andreopoulos2023-25.jpg\" width=\"1500\" height=\"430\" title='Andreopoulos &amp; Associates, Lawyers, Paros' alt=''  itemprop=\"thumbnailUrl\" srcset=\"https:\/\/www.paroslawyers.com\/wp-content\/uploads\/2023\/04\/Andreopoulos2023-25.jpg 1500w, https:\/\/www.paroslawyers.com\/wp-content\/uploads\/2023\/04\/Andreopoulos2023-25-300x86.jpg 300w, https:\/\/www.paroslawyers.com\/wp-content\/uploads\/2023\/04\/Andreopoulos2023-25-1030x295.jpg 1030w, https:\/\/www.paroslawyers.com\/wp-content\/uploads\/2023\/04\/Andreopoulos2023-25-768x220.jpg 768w, https:\/\/www.paroslawyers.com\/wp-content\/uploads\/2023\/04\/Andreopoulos2023-25-705x202.jpg 705w\" sizes=\"(max-width: 1500px) 100vw, 1500px\" \/><\/div><\/li><\/ul><div class='avia-slideshow-arrows avia-slideshow-controls' ><a href='#prev' class='prev-slide  avia-svg-icon avia-font-svg_entypo-fontello' data-av_svg_icon='left-open-big' data-av_iconset='svg_entypo-fontello' tabindex='-1' title=\"Prec\"><svg version=\"1.1\" xmlns=\"http:\/\/www.w3.org\/2000\/svg\" width=\"15\" height=\"32\" viewBox=\"0 0 15 32\" preserveAspectRatio=\"xMidYMid meet\" aria-labelledby='av-svg-title-1' aria-describedby='av-svg-desc-1' role=\"graphics-symbol\" aria-hidden=\"true\">\n<title id='av-svg-title-1'>Prec<\/title>\n<desc id='av-svg-desc-1'>Prec<\/desc>\n<path d=\"M14.464 27.84q0.832 0.832 0 1.536-0.832 0.832-1.536 0l-12.544-12.608q-0.768-0.768 0-1.6l12.544-12.608q0.704-0.832 1.536 0 0.832 0.704 0 1.536l-11.456 11.904z\"><\/path>\n<\/svg><span class='avia_hidden_link_text'>Prec<\/span><\/a><a href='#next' class='next-slide  avia-svg-icon avia-font-svg_entypo-fontello' data-av_svg_icon='right-open-big' data-av_iconset='svg_entypo-fontello' tabindex='-1' title=\"Succ\"><svg version=\"1.1\" xmlns=\"http:\/\/www.w3.org\/2000\/svg\" width=\"15\" height=\"32\" viewBox=\"0 0 15 32\" preserveAspectRatio=\"xMidYMid meet\" aria-labelledby='av-svg-title-2' aria-describedby='av-svg-desc-2' role=\"graphics-symbol\" aria-hidden=\"true\">\n<title id='av-svg-title-2'>Succ<\/title>\n<desc id='av-svg-desc-2'>Succ<\/desc>\n<path d=\"M0.416 27.84l11.456-11.84-11.456-11.904q-0.832-0.832 0-1.536 0.832-0.832 1.536 0l12.544 12.608q0.768 0.832 0 1.6l-12.544 12.608q-0.704 0.832-1.536 0-0.832-0.704 0-1.536z\"><\/path>\n<\/svg><span class='avia_hidden_link_text'>Succ<\/span><\/a><\/div><div class='avia-slideshow-dots avia-slideshow-controls'><a href='#1' class='goto-slide active' >1<\/a><a href='#2' class='goto-slide ' >2<\/a><a href='#3' class='goto-slide ' >3<\/a><a href='#4' class='goto-slide ' >4<\/a><a href='#5' class='goto-slide ' >5<\/a><a href='#6' class='goto-slide ' >6<\/a><\/div><\/div><\/div>\n<div id='av_section_1'  class='avia-section av-qet8u-302724420a1541272444459cb6af4cea main_color avia-section-default avia-no-border-styling  avia-builder-el-1  el_after_av_slideshow_full  avia-builder-el-last  avia-bg-style-scroll container_wrap fullsize'  ><div class='container av-section-cont-open' ><div class='template-page content  av-content-full alpha units'><div class='post-entry post-entry-type-page post-entry-1902'><div class='entry-content-wrapper clearfix'>\n<div class='flex_column_table av-9wkhy-8e8b19e8eb20a203272cb5ba5ad24e03 sc-av_one_fourth av-equal-height-column-flextable'>\n<style type=\"text\/css\" data-created_by=\"avia_inline_auto\" id=\"style-css-av-9wkhy-8e8b19e8eb20a203272cb5ba5ad24e03\">\n#top .flex_column_table.av-equal-height-column-flextable.av-9wkhy-8e8b19e8eb20a203272cb5ba5ad24e03{\nmargin-top:0px;\nmargin-bottom:0px;\n}\n.flex_column.av-9wkhy-8e8b19e8eb20a203272cb5ba5ad24e03{\nborder-radius:3px 3px 3px 3px;\npadding:0px 0px 0px 0px;\n}\n<\/style>\n<div  class='flex_column av-9wkhy-8e8b19e8eb20a203272cb5ba5ad24e03 av_one_fourth  avia-builder-el-2  el_before_av_three_fourth  avia-builder-el-first  first flex_column_table_cell av-equal-height-column av-align-middle av-animated-generic left-to-right av-zero-column-padding  '     ><style type=\"text\/css\" data-created_by=\"avia_inline_auto\" id=\"style-css-av-m7kro2pz-a88c2afa2f7dfd4e6e4566ab20503361\">\n.avia-image-container.av-m7kro2pz-a88c2afa2f7dfd4e6e4566ab20503361 img.avia_image{\nbox-shadow:none;\n}\n.avia-image-container.av-m7kro2pz-a88c2afa2f7dfd4e6e4566ab20503361 .av-image-caption-overlay-center{\ncolor:#ffffff;\n}\n<\/style>\n<div  class='avia-image-container av-m7kro2pz-a88c2afa2f7dfd4e6e4566ab20503361 av-styling-circle avia-align-center  avia-builder-el-3  avia-builder-el-no-sibling '   itemprop=\"image\" itemscope=\"itemscope\" itemtype=\"https:\/\/schema.org\/ImageObject\" ><div class=\"avia-image-container-inner\"><div class=\"avia-image-overlay-wrap\"><img decoding=\"async\" fetchpriority=\"high\" class='wp-image-2066 avia-img-lazy-loading-not-2066 avia_image ' src=\"https:\/\/www.paroslawyers.com\/wp-content\/uploads\/2025\/02\/Yannis-Andreopoulos-300x300.jpg\" alt='Yannis Andreopoulos, avvocato a Paros' title='Yannis Andreopoulos, avvocato a Paros'  height=\"300\" width=\"300\"  itemprop=\"thumbnailUrl\" srcset=\"https:\/\/www.paroslawyers.com\/wp-content\/uploads\/2025\/02\/Yannis-Andreopoulos-300x300.jpg 300w, https:\/\/www.paroslawyers.com\/wp-content\/uploads\/2025\/02\/Yannis-Andreopoulos-80x80.jpg 80w, https:\/\/www.paroslawyers.com\/wp-content\/uploads\/2025\/02\/Yannis-Andreopoulos-36x36.jpg 36w, https:\/\/www.paroslawyers.com\/wp-content\/uploads\/2025\/02\/Yannis-Andreopoulos-180x180.jpg 180w, https:\/\/www.paroslawyers.com\/wp-content\/uploads\/2025\/02\/Yannis-Andreopoulos.jpg 600w\" sizes=\"(max-width: 300px) 100vw, 300px\" \/><\/div><\/div><\/div><\/div><div class='av-flex-placeholder'><\/div>\n<style type=\"text\/css\" data-created_by=\"avia_inline_auto\" id=\"style-css-av-9wkhy-10-5e1a033e0924c49031e87a618d5a5447\">\n#top .flex_column_table.av-equal-height-column-flextable.av-9wkhy-10-5e1a033e0924c49031e87a618d5a5447{\nmargin-top:0px;\nmargin-bottom:0px;\n}\n.flex_column.av-9wkhy-10-5e1a033e0924c49031e87a618d5a5447{\nborder-radius:3px 3px 3px 3px;\npadding:0px 0px 0px 0px;\n}\n<\/style>\n<div  class='flex_column av-9wkhy-10-5e1a033e0924c49031e87a618d5a5447 av_three_fourth  avia-builder-el-4  el_after_av_one_fourth  el_before_av_hr  flex_column_table_cell av-equal-height-column av-align-middle av-animated-generic left-to-right av-zero-column-padding  '     ><style type=\"text\/css\" data-created_by=\"avia_inline_auto\" id=\"style-css-av-jgds8wgh-9-f001fba7e458c46cbb5456f86a58a251\">\n#top .av_textblock_section.av-jgds8wgh-9-f001fba7e458c46cbb5456f86a58a251 .avia_textblock{\ncolumn-count:2;\n}\n<\/style>\n<section  class='av_textblock_section av-jgds8wgh-9-f001fba7e458c46cbb5456f86a58a251 '   itemscope=\"itemscope\" itemtype=\"https:\/\/schema.org\/CreativeWork\" ><div class='avia_textblock av_multi_colums'  itemprop=\"text\" ><p><strong>Ioannis L. Andreopoulos <\/strong> \u00e8 nato ad Atene il 21 novembre 1963.<\/p>\n<p>Si \u00e8 laureato presso la Facolt\u00e0 di Giurisprudenza dell\u2019Universit\u00e0 di Friburgo(<a href=\"http:\/\/www.unifr.ch\" target=\"_blank\" rel=\"noopener\">www.unifr.ch<\/a>) in Svizzera nel 1989, dopo aver completato gli studi di legge in lingua tedesca.<\/p>\n<p>Nel novembre 1989 si \u00e8 arruolato nella Marina Militare dove ha prestato servizio fino al 1991 come Segretario del Pubblico Ministero presso il Tribunale Navale del Pireo.<\/p>\n<p>Nel 1992 \u00e8 diventato membro dell\u2019Ordine degli Avvocati di Atene.<\/p>\n<p>Nel 1994 ha chiesto di diventare membro dell\u2019Ordine degli Avvocati di Syros e dal 1995 \u00e8 Avvocato nelle Cicladi con sede nell\u2019isola di Paros, grazie a suo nonno, Antonios L. Ragoussis, che fu nato a Paros fu era stato giudice e membro del Consiglio di Stato.<\/p>\n<p>Dal 1996 \u00e8 stato consulente legale di <span class=\"caps\">ALPHA<\/span> Bank (filiale di Paros e Naoussa) e ha fatto parte della sezione legale delle Ambasciate della Repubblica Federale di Germania e della Svizzera ad Atene.<\/p>\n<p>Dal 10 maggio 2019 \u00e8 <strong>Console Onorario della Repubblica d\u2019Austria<\/strong> a Parikia, Paros (Repubblica Ellenica), con giurisdizione sulle isole Cicladi.<\/p>\n<p><strong>Parla fluentemente inglese e tedesco, oltre al francese.<\/strong><\/p>\n<\/div><\/section><\/div><\/div><!--close column table wrapper. Autoclose: 1 -->\n<style type=\"text\/css\" data-created_by=\"avia_inline_auto\" id=\"style-css-av-m5uasoki-774862642d49cd83859aef15da9993e0\">\n#top .hr.av-m5uasoki-774862642d49cd83859aef15da9993e0{\nmargin-top:20px;\nmargin-bottom:20px;\n}\n.hr.av-m5uasoki-774862642d49cd83859aef15da9993e0 .hr-inner{\nwidth:75%;\nborder-color:#c9c9c9;\nmax-width:45%;\n}\n<\/style>\n<div  class='hr av-m5uasoki-774862642d49cd83859aef15da9993e0 hr-custom  avia-builder-el-6  el_after_av_three_fourth  el_before_av_one_fourth  hr-center hr-icon-yes'><span class='hr-inner inner-border-av-border-fat'><span class=\"hr-inner-style\"><\/span><\/span><span class='av-seperator-icon avia-iconfont avia-font-justice' data-av_icon='\uf106' data-av_iconfont='justice' ><\/span><span class='hr-inner inner-border-av-border-fat'><span class=\"hr-inner-style\"><\/span><\/span><\/div>\n<div  class='flex_column av-tp302-50120190a885f13bff2661d6039966f7 av_one_fourth  avia-builder-el-7  el_after_av_hr  el_before_av_three_fourth  first flex_column_div  '     ><style type=\"text\/css\" data-created_by=\"avia_inline_auto\" id=\"style-css-av-m7ks6dcr-3439f41728f7681cf9aa6274f60ee503\">\n.avia-image-container.av-m7ks6dcr-3439f41728f7681cf9aa6274f60ee503 img.avia_image{\nbox-shadow:none;\n}\n.avia-image-container.av-m7ks6dcr-3439f41728f7681cf9aa6274f60ee503 .av-image-caption-overlay-center{\ncolor:#ffffff;\n}\n<\/style>\n<div  class='avia-image-container av-m7ks6dcr-3439f41728f7681cf9aa6274f60ee503 av-styling-circle avia-align-center  avia-builder-el-8  avia-builder-el-no-sibling '   itemprop=\"image\" itemscope=\"itemscope\" itemtype=\"https:\/\/schema.org\/ImageObject\" ><div class=\"avia-image-container-inner\"><div class=\"avia-image-overlay-wrap\"><img decoding=\"async\" fetchpriority=\"high\" class='wp-image-2070 avia-img-lazy-loading-not-2070 avia_image ' src=\"https:\/\/www.paroslawyers.com\/wp-content\/uploads\/2025\/02\/Georgia-Giannitsopoulou.jpg\" alt='Georgia I. Giannitsopoulou, avvocato a Paros' title='Georgia I. Giannitsopoulou, avvocato a Paros'  height=\"300\" width=\"300\"  itemprop=\"thumbnailUrl\" srcset=\"https:\/\/www.paroslawyers.com\/wp-content\/uploads\/2025\/02\/Georgia-Giannitsopoulou.jpg 300w, https:\/\/www.paroslawyers.com\/wp-content\/uploads\/2025\/02\/Georgia-Giannitsopoulou-80x80.jpg 80w, https:\/\/www.paroslawyers.com\/wp-content\/uploads\/2025\/02\/Georgia-Giannitsopoulou-36x36.jpg 36w, https:\/\/www.paroslawyers.com\/wp-content\/uploads\/2025\/02\/Georgia-Giannitsopoulou-180x180.jpg 180w\" sizes=\"(max-width: 300px) 100vw, 300px\" \/><\/div><\/div><\/div><\/div><div  class='flex_column av-fycte-6f76aa23141ad69516e9c1ec90987267 av_three_fourth  avia-builder-el-9  el_after_av_one_fourth  avia-builder-el-last  flex_column_div  '     ><style type=\"text\/css\" data-created_by=\"avia_inline_auto\" id=\"style-css-av-m5uaud74-3d64a1a403fceaced4ede84ba7653f97\">\n#top .av_textblock_section.av-m5uaud74-3d64a1a403fceaced4ede84ba7653f97 .avia_textblock{\ncolumn-count:2;\n}\n<\/style>\n<section  class='av_textblock_section av-m5uaud74-3d64a1a403fceaced4ede84ba7653f97 '   itemscope=\"itemscope\" itemtype=\"https:\/\/schema.org\/CreativeWork\" ><div class='avia_textblock av_multi_colums'  itemprop=\"text\" ><p><strong>Georgia I. Giannitsopoulou \u00e8 nata ad Atene il 29 giugno 1970.<\/strong><\/p>\n<p>Si \u00e8 laureata presso la Facolt\u00e0 di Giurisprudenza dell&#8217;Universit\u00e0 di Atene nel 1994.<\/p>\n<p>Ha frequentato un programma Erasmus di tre mesi in inglese presso l&#8217;Universit\u00e0 LUISS di Roma nel 1992.<\/p>\n<p>Nel 1994 si \u00e8 iscritta come praticante avvocato all&#8217;Ordine degli Avvocati di Atene.<\/p>\n<p>Esercita la professione di avvocato dal 1997 come membro dell&#8217;Athens Bar Association, dopo essere stata promossa in Appello nel 2003 e in Corte Suprema nel 2008. La sua principale area di specializzazione \u00e8 il diritto immobiliare e vanta una significativa esperienza in materia di catasto e diritto fondiario.<\/p>\n<p>Dal 1999 lavora come consulente legale in progetti catastali in varie regioni della Grecia e ha svolto il ruolo di co-appaltatore del progetto catastale del Pireo e di Vathy Samos.<\/p>\n<p><strong>Parla inglese, francese e italiano,<\/strong> avendo conseguito rispettivamente i diplomi di Proficiency (1992), Sorbonne II (1991) e Superiore (1993).<\/p>\n<\/div><\/section><\/div>\n","protected":false},"excerpt":{"rendered":"","protected":false},"author":1,"featured_media":0,"parent":0,"menu_order":0,"comment_status":"open","ping_status":"closed","template":"","meta":{"footnotes":""},"class_list":["post-1902","page","type-page","status-publish","hentry"],"yoast_head":"<!-- This site is optimized with the Yoast SEO plugin v27.5 - https:\/\/yoast.com\/product\/yoast-seo-wordpress\/ -->\n<title>Profilo - Paros Lawyers<\/title>\n<meta name=\"robots\" content=\"index, follow, max-snippet:-1, max-image-preview:large, max-video-preview:-1\" \/>\n<link rel=\"canonical\" href=\"https:\/\/www.paroslawyers.com\/it\/profilo\/\" \/>\n<meta property=\"og:locale\" content=\"it_IT\" \/>\n<meta property=\"og:type\" content=\"article\" \/>\n<meta property=\"og:title\" content=\"Profilo - Paros Lawyers\" \/>\n<meta property=\"og:url\" content=\"https:\/\/www.paroslawyers.com\/it\/profilo\/\" \/>\n<meta property=\"og:site_name\" content=\"Paros Lawyers\" \/>\n<meta property=\"article:modified_time\" content=\"2025-03-25T10:20:03+00:00\" \/>\n<meta property=\"og:image\" content=\"https:\/\/www.paroslawyers.com\/wp-content\/uploads\/2019\/09\/paros-lawyers-andreopoulos.jpg\" \/>\n\t<meta property=\"og:image:width\" content=\"1200\" \/>\n\t<meta property=\"og:image:height\" content=\"630\" \/>\n\t<meta property=\"og:image:type\" content=\"image\/jpeg\" \/>\n<meta name=\"twitter:card\" content=\"summary_large_image\" \/>\n<meta name=\"twitter:label1\" content=\"Tempo di lettura stimato\" \/>\n\t<meta name=\"twitter:data1\" content=\"20 minuti\" \/>\n<script type=\"application\/ld+json\" class=\"yoast-schema-graph\">{\"@context\":\"https:\\\/\\\/schema.org\",\"@graph\":[{\"@type\":\"WebPage\",\"@id\":\"https:\\\/\\\/www.paroslawyers.com\\\/it\\\/profilo\\\/\",\"url\":\"https:\\\/\\\/www.paroslawyers.com\\\/it\\\/profilo\\\/\",\"name\":\"Profilo - Paros Lawyers\",\"isPartOf\":{\"@id\":\"https:\\\/\\\/www.paroslawyers.com\\\/it\\\/#website\"},\"datePublished\":\"2025-01-13T08:25:50+00:00\",\"dateModified\":\"2025-03-25T10:20:03+00:00\",\"breadcrumb\":{\"@id\":\"https:\\\/\\\/www.paroslawyers.com\\\/it\\\/profilo\\\/#breadcrumb\"},\"inLanguage\":\"it-IT\",\"potentialAction\":[{\"@type\":\"ReadAction\",\"target\":[\"https:\\\/\\\/www.paroslawyers.com\\\/it\\\/profilo\\\/\"]}]},{\"@type\":\"BreadcrumbList\",\"@id\":\"https:\\\/\\\/www.paroslawyers.com\\\/it\\\/profilo\\\/#breadcrumb\",\"itemListElement\":[{\"@type\":\"ListItem\",\"position\":1,\"name\":\"Home\",\"item\":\"https:\\\/\\\/www.paroslawyers.com\\\/it\\\/pagina-iniziale\\\/\"},{\"@type\":\"ListItem\",\"position\":2,\"name\":\"Profilo\"}]},{\"@type\":\"WebSite\",\"@id\":\"https:\\\/\\\/www.paroslawyers.com\\\/it\\\/#website\",\"url\":\"https:\\\/\\\/www.paroslawyers.com\\\/it\\\/\",\"name\":\"Paros Lawyers\",\"description\":\"Attorney at Law Ioannis (Jannis) Andreopoulos\",\"publisher\":{\"@id\":\"https:\\\/\\\/www.paroslawyers.com\\\/it\\\/#organization\"},\"potentialAction\":[{\"@type\":\"SearchAction\",\"target\":{\"@type\":\"EntryPoint\",\"urlTemplate\":\"https:\\\/\\\/www.paroslawyers.com\\\/it\\\/?s={search_term_string}\"},\"query-input\":{\"@type\":\"PropertyValueSpecification\",\"valueRequired\":true,\"valueName\":\"search_term_string\"}}],\"inLanguage\":\"it-IT\"},{\"@type\":\"Organization\",\"@id\":\"https:\\\/\\\/www.paroslawyers.com\\\/it\\\/#organization\",\"name\":\"Andreopoulos Law Office on Paros, Cyclades, Greece\",\"url\":\"https:\\\/\\\/www.paroslawyers.com\\\/it\\\/\",\"logo\":{\"@type\":\"ImageObject\",\"inLanguage\":\"it-IT\",\"@id\":\"https:\\\/\\\/www.paroslawyers.com\\\/it\\\/#\\\/schema\\\/logo\\\/image\\\/\",\"url\":\"\",\"contentUrl\":\"\",\"caption\":\"Andreopoulos Law Office on Paros, Cyclades, Greece\"},\"image\":{\"@id\":\"https:\\\/\\\/www.paroslawyers.com\\\/it\\\/#\\\/schema\\\/logo\\\/image\\\/\"}}]}<\/script>\n<!-- \/ Yoast SEO plugin. -->","yoast_head_json":{"title":"Profilo - Paros Lawyers","robots":{"index":"index","follow":"follow","max-snippet":"max-snippet:-1","max-image-preview":"max-image-preview:large","max-video-preview":"max-video-preview:-1"},"canonical":"https:\/\/www.paroslawyers.com\/it\/profilo\/","og_locale":"it_IT","og_type":"article","og_title":"Profilo - Paros Lawyers","og_url":"https:\/\/www.paroslawyers.com\/it\/profilo\/","og_site_name":"Paros Lawyers","article_modified_time":"2025-03-25T10:20:03+00:00","og_image":[{"width":1200,"height":630,"url":"https:\/\/www.paroslawyers.com\/wp-content\/uploads\/2019\/09\/paros-lawyers-andreopoulos.jpg","type":"image\/jpeg"}],"twitter_card":"summary_large_image","twitter_misc":{"Tempo di lettura stimato":"20 minuti"},"schema":{"@context":"https:\/\/schema.org","@graph":[{"@type":"WebPage","@id":"https:\/\/www.paroslawyers.com\/it\/profilo\/","url":"https:\/\/www.paroslawyers.com\/it\/profilo\/","name":"Profilo - Paros Lawyers","isPartOf":{"@id":"https:\/\/www.paroslawyers.com\/it\/#website"},"datePublished":"2025-01-13T08:25:50+00:00","dateModified":"2025-03-25T10:20:03+00:00","breadcrumb":{"@id":"https:\/\/www.paroslawyers.com\/it\/profilo\/#breadcrumb"},"inLanguage":"it-IT","potentialAction":[{"@type":"ReadAction","target":["https:\/\/www.paroslawyers.com\/it\/profilo\/"]}]},{"@type":"BreadcrumbList","@id":"https:\/\/www.paroslawyers.com\/it\/profilo\/#breadcrumb","itemListElement":[{"@type":"ListItem","position":1,"name":"Home","item":"https:\/\/www.paroslawyers.com\/it\/pagina-iniziale\/"},{"@type":"ListItem","position":2,"name":"Profilo"}]},{"@type":"WebSite","@id":"https:\/\/www.paroslawyers.com\/it\/#website","url":"https:\/\/www.paroslawyers.com\/it\/","name":"Paros Lawyers","description":"Attorney at Law Ioannis (Jannis) Andreopoulos","publisher":{"@id":"https:\/\/www.paroslawyers.com\/it\/#organization"},"potentialAction":[{"@type":"SearchAction","target":{"@type":"EntryPoint","urlTemplate":"https:\/\/www.paroslawyers.com\/it\/?s={search_term_string}"},"query-input":{"@type":"PropertyValueSpecification","valueRequired":true,"valueName":"search_term_string"}}],"inLanguage":"it-IT"},{"@type":"Organization","@id":"https:\/\/www.paroslawyers.com\/it\/#organization","name":"Andreopoulos Law Office on Paros, Cyclades, Greece","url":"https:\/\/www.paroslawyers.com\/it\/","logo":{"@type":"ImageObject","inLanguage":"it-IT","@id":"https:\/\/www.paroslawyers.com\/it\/#\/schema\/logo\/image\/","url":"","contentUrl":"","caption":"Andreopoulos Law Office on Paros, Cyclades, Greece"},"image":{"@id":"https:\/\/www.paroslawyers.com\/it\/#\/schema\/logo\/image\/"}}]}},"_links":{"self":[{"href":"https:\/\/www.paroslawyers.com\/it\/wp-json\/wp\/v2\/pages\/1902","targetHints":{"allow":["GET"]}}],"collection":[{"href":"https:\/\/www.paroslawyers.com\/it\/wp-json\/wp\/v2\/pages"}],"about":[{"href":"https:\/\/www.paroslawyers.com\/it\/wp-json\/wp\/v2\/types\/page"}],"author":[{"embeddable":true,"href":"https:\/\/www.paroslawyers.com\/it\/wp-json\/wp\/v2\/users\/1"}],"replies":[{"embeddable":true,"href":"https:\/\/www.paroslawyers.com\/it\/wp-json\/wp\/v2\/comments?post=1902"}],"version-history":[{"count":10,"href":"https:\/\/www.paroslawyers.com\/it\/wp-json\/wp\/v2\/pages\/1902\/revisions"}],"predecessor-version":[{"id":2343,"href":"https:\/\/www.paroslawyers.com\/it\/wp-json\/wp\/v2\/pages\/1902\/revisions\/2343"}],"wp:attachment":[{"href":"https:\/\/www.paroslawyers.com\/it\/wp-json\/wp\/v2\/media?parent=1902"}],"curies":[{"name":"wp","href":"https:\/\/api.w.org\/{rel}","templated":true}]}}