{"id":1211,"date":"2019-09-17T17:17:23","date_gmt":"2019-09-17T14:17:23","guid":{"rendered":"https:\/\/paroslawyers.com\/profil\/"},"modified":"2025-03-25T12:19:15","modified_gmt":"2025-03-25T10:19:15","slug":"profil","status":"publish","type":"page","link":"https:\/\/www.paroslawyers.com\/fr\/profil\/","title":{"rendered":"Profile"},"content":{"rendered":"<div id='full_slider_1'  class='avia-fullwidth-slider main_color avia-shadow   avia-builder-el-0  el_before_av_section  avia-builder-el-first   container_wrap fullsize'  ><div  class='avia-slideshow av-k0nwn71q-c1b56a2d9c5d82931d12f93d3be35ae1 avia-slideshow-featured av_slideshow_full avia-slide-slider av-slideshow-ui av-control-default av-slideshow-autoplay av-loop-endless av-loop-manual-endless av-default-height-applied   avia-slideshow-1' data-slideshow-options=\"{&quot;animation&quot;:&quot;slide&quot;,&quot;autoplay&quot;:true,&quot;loop_autoplay&quot;:&quot;endless&quot;,&quot;interval&quot;:5,&quot;loop_manual&quot;:&quot;manual-endless&quot;,&quot;autoplay_stopper&quot;:false,&quot;noNavigation&quot;:false,&quot;bg_slider&quot;:false,&quot;keep_padding&quot;:false,&quot;hoverpause&quot;:false,&quot;show_slide_delay&quot;:0}\"  itemprop=\"image\" itemscope=\"itemscope\" itemtype=\"https:\/\/schema.org\/ImageObject\" ><ul class='avia-slideshow-inner ' style='padding-bottom: 28.666666666667%;'><li  class='avia-slideshow-slide av-k0nwn71q-c1b56a2d9c5d82931d12f93d3be35ae1__0  slide-1 slide-odd'><div data-rel='slideshow-1' class='avia-slide-wrap '   ><img decoding=\"async\" fetchpriority=\"high\" class=\"wp-image-1592 avia-img-lazy-loading-not-1592\"  src=\"https:\/\/www.paroslawyers.com\/wp-content\/uploads\/2023\/04\/Andreopoulos2023-5.jpg\" width=\"1500\" height=\"430\" title='Andreopoulos2023-5' alt='Paros Andreopoulos, Attorney in Law'  itemprop=\"thumbnailUrl\" srcset=\"https:\/\/www.paroslawyers.com\/wp-content\/uploads\/2023\/04\/Andreopoulos2023-5.jpg 1500w, https:\/\/www.paroslawyers.com\/wp-content\/uploads\/2023\/04\/Andreopoulos2023-5-300x86.jpg 300w, https:\/\/www.paroslawyers.com\/wp-content\/uploads\/2023\/04\/Andreopoulos2023-5-1030x295.jpg 1030w, https:\/\/www.paroslawyers.com\/wp-content\/uploads\/2023\/04\/Andreopoulos2023-5-768x220.jpg 768w, https:\/\/www.paroslawyers.com\/wp-content\/uploads\/2023\/04\/Andreopoulos2023-5-705x202.jpg 705w\" sizes=\"(max-width: 1500px) 100vw, 1500px\" \/><\/div><\/li><li  class='avia-slideshow-slide av-k0nwn71q-c1b56a2d9c5d82931d12f93d3be35ae1__1  slide-2 slide-even'><div data-rel='slideshow-1' class='avia-slide-wrap '   ><img decoding=\"async\" fetchpriority=\"high\" class=\"wp-image-1577 avia-img-lazy-loading-not-1577\"  src=\"https:\/\/www.paroslawyers.com\/wp-content\/uploads\/2023\/04\/Andreopoulos2023-7.jpg\" width=\"1500\" height=\"430\" title='Andreopoulos2023-7' alt='Ioannis Andreopoulos &amp; Associates, Lawyers, Paros'  itemprop=\"thumbnailUrl\" srcset=\"https:\/\/www.paroslawyers.com\/wp-content\/uploads\/2023\/04\/Andreopoulos2023-7.jpg 1500w, https:\/\/www.paroslawyers.com\/wp-content\/uploads\/2023\/04\/Andreopoulos2023-7-300x86.jpg 300w, https:\/\/www.paroslawyers.com\/wp-content\/uploads\/2023\/04\/Andreopoulos2023-7-1030x295.jpg 1030w, https:\/\/www.paroslawyers.com\/wp-content\/uploads\/2023\/04\/Andreopoulos2023-7-768x220.jpg 768w, https:\/\/www.paroslawyers.com\/wp-content\/uploads\/2023\/04\/Andreopoulos2023-7-705x202.jpg 705w\" sizes=\"(max-width: 1500px) 100vw, 1500px\" \/><\/div><\/li><li  class='avia-slideshow-slide av-k0nwn71q-c1b56a2d9c5d82931d12f93d3be35ae1__2  slide-3 slide-odd'><div data-rel='slideshow-1' class='avia-slide-wrap '   ><img decoding=\"async\" fetchpriority=\"high\" class=\"wp-image-1589 avia-img-lazy-loading-not-1589\"  src=\"https:\/\/www.paroslawyers.com\/wp-content\/uploads\/2023\/04\/Andreopoulos2023-4.jpg\" width=\"1500\" height=\"430\" title='Andreopoulos2023-4' alt='Paros Andreopoulos, Attorney in Law'  itemprop=\"thumbnailUrl\" srcset=\"https:\/\/www.paroslawyers.com\/wp-content\/uploads\/2023\/04\/Andreopoulos2023-4.jpg 1500w, https:\/\/www.paroslawyers.com\/wp-content\/uploads\/2023\/04\/Andreopoulos2023-4-300x86.jpg 300w, https:\/\/www.paroslawyers.com\/wp-content\/uploads\/2023\/04\/Andreopoulos2023-4-1030x295.jpg 1030w, https:\/\/www.paroslawyers.com\/wp-content\/uploads\/2023\/04\/Andreopoulos2023-4-768x220.jpg 768w, https:\/\/www.paroslawyers.com\/wp-content\/uploads\/2023\/04\/Andreopoulos2023-4-705x202.jpg 705w\" sizes=\"(max-width: 1500px) 100vw, 1500px\" \/><\/div><\/li><li  class='avia-slideshow-slide av-k0nwn71q-c1b56a2d9c5d82931d12f93d3be35ae1__3  slide-4 slide-even'><div data-rel='slideshow-1' class='avia-slide-wrap '   ><img decoding=\"async\" fetchpriority=\"high\" class=\"wp-image-1580 avia-img-lazy-loading-not-1580\"  src=\"https:\/\/www.paroslawyers.com\/wp-content\/uploads\/2023\/04\/Andreopoulos2023-16.jpg\" width=\"1500\" height=\"430\" title='Andreopoulos2023-16' alt='Ioannis Andreopoulos &amp; Associates, Lawyers, Paros'  itemprop=\"thumbnailUrl\" srcset=\"https:\/\/www.paroslawyers.com\/wp-content\/uploads\/2023\/04\/Andreopoulos2023-16.jpg 1500w, https:\/\/www.paroslawyers.com\/wp-content\/uploads\/2023\/04\/Andreopoulos2023-16-300x86.jpg 300w, https:\/\/www.paroslawyers.com\/wp-content\/uploads\/2023\/04\/Andreopoulos2023-16-1030x295.jpg 1030w, https:\/\/www.paroslawyers.com\/wp-content\/uploads\/2023\/04\/Andreopoulos2023-16-768x220.jpg 768w, https:\/\/www.paroslawyers.com\/wp-content\/uploads\/2023\/04\/Andreopoulos2023-16-705x202.jpg 705w\" sizes=\"(max-width: 1500px) 100vw, 1500px\" \/><\/div><\/li><li  class='avia-slideshow-slide av-k0nwn71q-c1b56a2d9c5d82931d12f93d3be35ae1__4  slide-5 slide-odd'><div data-rel='slideshow-1' class='avia-slide-wrap '   ><img decoding=\"async\" fetchpriority=\"high\" class=\"wp-image-1583 avia-img-lazy-loading-not-1583\"  src=\"https:\/\/www.paroslawyers.com\/wp-content\/uploads\/2023\/04\/Andreopoulos2023-21.jpg\" width=\"1500\" height=\"430\" title='Andreopoulos2023-21' alt='Andreopoulos &amp; Associates, Lawyers, Paros'  itemprop=\"thumbnailUrl\" srcset=\"https:\/\/www.paroslawyers.com\/wp-content\/uploads\/2023\/04\/Andreopoulos2023-21.jpg 1500w, https:\/\/www.paroslawyers.com\/wp-content\/uploads\/2023\/04\/Andreopoulos2023-21-300x86.jpg 300w, https:\/\/www.paroslawyers.com\/wp-content\/uploads\/2023\/04\/Andreopoulos2023-21-1030x295.jpg 1030w, https:\/\/www.paroslawyers.com\/wp-content\/uploads\/2023\/04\/Andreopoulos2023-21-768x220.jpg 768w, https:\/\/www.paroslawyers.com\/wp-content\/uploads\/2023\/04\/Andreopoulos2023-21-705x202.jpg 705w\" sizes=\"(max-width: 1500px) 100vw, 1500px\" \/><\/div><\/li><li  class='avia-slideshow-slide av-k0nwn71q-c1b56a2d9c5d82931d12f93d3be35ae1__5  slide-6 slide-even'><div data-rel='slideshow-1' class='avia-slide-wrap '   ><img decoding=\"async\" fetchpriority=\"high\" class=\"wp-image-1586 avia-img-lazy-loading-not-1586\"  src=\"https:\/\/www.paroslawyers.com\/wp-content\/uploads\/2023\/04\/Andreopoulos2023-25.jpg\" width=\"1500\" height=\"430\" title='Andreopoulos2023-25' alt='Andreopoulos &amp; Associates, Lawyers, Paros'  itemprop=\"thumbnailUrl\" srcset=\"https:\/\/www.paroslawyers.com\/wp-content\/uploads\/2023\/04\/Andreopoulos2023-25.jpg 1500w, https:\/\/www.paroslawyers.com\/wp-content\/uploads\/2023\/04\/Andreopoulos2023-25-300x86.jpg 300w, https:\/\/www.paroslawyers.com\/wp-content\/uploads\/2023\/04\/Andreopoulos2023-25-1030x295.jpg 1030w, https:\/\/www.paroslawyers.com\/wp-content\/uploads\/2023\/04\/Andreopoulos2023-25-768x220.jpg 768w, https:\/\/www.paroslawyers.com\/wp-content\/uploads\/2023\/04\/Andreopoulos2023-25-705x202.jpg 705w\" sizes=\"(max-width: 1500px) 100vw, 1500px\" \/><\/div><\/li><\/ul><div class='avia-slideshow-arrows avia-slideshow-controls' ><a href='#prev' class='prev-slide  avia-svg-icon avia-font-svg_entypo-fontello' data-av_svg_icon='left-open-big' data-av_iconset='svg_entypo-fontello' tabindex='-1' title=\"Pr\u00e9c\u00e9dent\"><svg version=\"1.1\" xmlns=\"http:\/\/www.w3.org\/2000\/svg\" width=\"15\" height=\"32\" viewBox=\"0 0 15 32\" preserveAspectRatio=\"xMidYMid meet\" aria-labelledby='av-svg-title-1' aria-describedby='av-svg-desc-1' role=\"graphics-symbol\" aria-hidden=\"true\">\n<title id='av-svg-title-1'>Pr\u00e9c\u00e9dent<\/title>\n<desc id='av-svg-desc-1'>Pr\u00e9c\u00e9dent<\/desc>\n<path d=\"M14.464 27.84q0.832 0.832 0 1.536-0.832 0.832-1.536 0l-12.544-12.608q-0.768-0.768 0-1.6l12.544-12.608q0.704-0.832 1.536 0 0.832 0.704 0 1.536l-11.456 11.904z\"><\/path>\n<\/svg><span class='avia_hidden_link_text'>Pr\u00e9c\u00e9dent<\/span><\/a><a href='#next' class='next-slide  avia-svg-icon avia-font-svg_entypo-fontello' data-av_svg_icon='right-open-big' data-av_iconset='svg_entypo-fontello' tabindex='-1' title=\"Suivant\"><svg version=\"1.1\" xmlns=\"http:\/\/www.w3.org\/2000\/svg\" width=\"15\" height=\"32\" viewBox=\"0 0 15 32\" preserveAspectRatio=\"xMidYMid meet\" aria-labelledby='av-svg-title-2' aria-describedby='av-svg-desc-2' role=\"graphics-symbol\" aria-hidden=\"true\">\n<title id='av-svg-title-2'>Suivant<\/title>\n<desc id='av-svg-desc-2'>Suivant<\/desc>\n<path d=\"M0.416 27.84l11.456-11.84-11.456-11.904q-0.832-0.832 0-1.536 0.832-0.832 1.536 0l12.544 12.608q0.768 0.832 0 1.6l-12.544 12.608q-0.704 0.832-1.536 0-0.832-0.704 0-1.536z\"><\/path>\n<\/svg><span class='avia_hidden_link_text'>Suivant<\/span><\/a><\/div><div class='avia-slideshow-dots avia-slideshow-controls'><a href='#1' class='goto-slide active' >1<\/a><a href='#2' class='goto-slide ' >2<\/a><a href='#3' class='goto-slide ' >3<\/a><a href='#4' class='goto-slide ' >4<\/a><a href='#5' class='goto-slide ' >5<\/a><a href='#6' class='goto-slide ' >6<\/a><\/div><\/div><\/div>\n<div id='av_section_1'  class='avia-section av-qet8u-302724420a1541272444459cb6af4cea main_color avia-section-default avia-no-border-styling  avia-builder-el-1  el_after_av_slideshow_full  avia-builder-el-last  avia-bg-style-scroll container_wrap fullsize'  ><div class='container av-section-cont-open' ><div class='template-page content  av-content-full alpha units'><div class='post-entry post-entry-type-page post-entry-1211'><div class='entry-content-wrapper clearfix'>\n<div class='flex_column_table av-9wkhy-8e8b19e8eb20a203272cb5ba5ad24e03 sc-av_one_fourth av-equal-height-column-flextable'>\n<style type=\"text\/css\" data-created_by=\"avia_inline_auto\" id=\"style-css-av-9wkhy-8e8b19e8eb20a203272cb5ba5ad24e03\">\n#top .flex_column_table.av-equal-height-column-flextable.av-9wkhy-8e8b19e8eb20a203272cb5ba5ad24e03{\nmargin-top:0px;\nmargin-bottom:0px;\n}\n.flex_column.av-9wkhy-8e8b19e8eb20a203272cb5ba5ad24e03{\nborder-radius:3px 3px 3px 3px;\npadding:0px 0px 0px 0px;\n}\n<\/style>\n<div  class='flex_column av-9wkhy-8e8b19e8eb20a203272cb5ba5ad24e03 av_one_fourth  avia-builder-el-2  el_before_av_three_fourth  avia-builder-el-first  first flex_column_table_cell av-equal-height-column av-align-middle av-animated-generic left-to-right av-zero-column-padding  '     ><style type=\"text\/css\" data-created_by=\"avia_inline_auto\" id=\"style-css-av-m7kro2pz-332d5ba54e57fc58e8689b980740efd7\">\n.avia-image-container.av-m7kro2pz-332d5ba54e57fc58e8689b980740efd7 img.avia_image{\nbox-shadow:none;\n}\n.avia-image-container.av-m7kro2pz-332d5ba54e57fc58e8689b980740efd7 .av-image-caption-overlay-center{\ncolor:#ffffff;\n}\n<\/style>\n<div  class='avia-image-container av-m7kro2pz-332d5ba54e57fc58e8689b980740efd7 av-styling-circle avia-align-center  avia-builder-el-3  avia-builder-el-no-sibling '   itemprop=\"image\" itemscope=\"itemscope\" itemtype=\"https:\/\/schema.org\/ImageObject\" ><div class=\"avia-image-container-inner\"><div class=\"avia-image-overlay-wrap\"><img decoding=\"async\" fetchpriority=\"high\" class='wp-image-2064 avia-img-lazy-loading-not-2064 avia_image ' src=\"https:\/\/www.paroslawyers.com\/wp-content\/uploads\/2025\/02\/Yannis-Andreopoulos-300x300.jpg\" alt='Yannis Andreopoulos, lawyer on Paros' title='Yannis Andreopoulos, avocat \u00e0 Paros'  height=\"300\" width=\"300\"  itemprop=\"thumbnailUrl\" srcset=\"https:\/\/www.paroslawyers.com\/wp-content\/uploads\/2025\/02\/Yannis-Andreopoulos-300x300.jpg 300w, https:\/\/www.paroslawyers.com\/wp-content\/uploads\/2025\/02\/Yannis-Andreopoulos-80x80.jpg 80w, https:\/\/www.paroslawyers.com\/wp-content\/uploads\/2025\/02\/Yannis-Andreopoulos-36x36.jpg 36w, https:\/\/www.paroslawyers.com\/wp-content\/uploads\/2025\/02\/Yannis-Andreopoulos-180x180.jpg 180w, https:\/\/www.paroslawyers.com\/wp-content\/uploads\/2025\/02\/Yannis-Andreopoulos.jpg 600w\" sizes=\"(max-width: 300px) 100vw, 300px\" \/><\/div><\/div><\/div><\/div><div class='av-flex-placeholder'><\/div>\n<style type=\"text\/css\" data-created_by=\"avia_inline_auto\" id=\"style-css-av-9wkhy-10-5e1a033e0924c49031e87a618d5a5447\">\n#top .flex_column_table.av-equal-height-column-flextable.av-9wkhy-10-5e1a033e0924c49031e87a618d5a5447{\nmargin-top:0px;\nmargin-bottom:0px;\n}\n.flex_column.av-9wkhy-10-5e1a033e0924c49031e87a618d5a5447{\nborder-radius:3px 3px 3px 3px;\npadding:0px 0px 0px 0px;\n}\n<\/style>\n<div  class='flex_column av-9wkhy-10-5e1a033e0924c49031e87a618d5a5447 av_three_fourth  avia-builder-el-4  el_after_av_one_fourth  el_before_av_hr  flex_column_table_cell av-equal-height-column av-align-middle av-animated-generic left-to-right av-zero-column-padding  '     ><style type=\"text\/css\" data-created_by=\"avia_inline_auto\" id=\"style-css-av-jgds8wgh-9-f001fba7e458c46cbb5456f86a58a251\">\n#top .av_textblock_section.av-jgds8wgh-9-f001fba7e458c46cbb5456f86a58a251 .avia_textblock{\ncolumn-count:2;\n}\n<\/style>\n<section  class='av_textblock_section av-jgds8wgh-9-f001fba7e458c46cbb5456f86a58a251 '   itemscope=\"itemscope\" itemtype=\"https:\/\/schema.org\/CreativeWork\" ><div class='avia_textblock av_multi_colums'  itemprop=\"text\" ><p><strong>Ioannis L. Andreopoulos<\/strong> est n\u00e9 \u00e0 Ath\u00e8nes le 21 novembre 1963.<\/p>\n<p>En 1989. Il obtient son dipl\u00f4me en langue allemande de la facult\u00e9 de droit de l\u2019universit\u00e9 de Fribourg en Suisse (<a href=\"http:\/\/www.unifr.ch\" target=\"_blank\" rel=\"noopener\">www.unifr.ch<\/a>).<\/p>\n<p>De 1989 \u00e0 1991, il sert dans la marine en tant que secr\u00e9taire du procureur du tribunal maritime du Pir\u00e9e.<\/p>\n<p>En 1992, il devient membre du barreau d\u2019Ath\u00e8nes.<\/p>\n<p>En 1994, il d\u00e9pose sa candidature au barreau de Syros pour les Cyclades. Depuis 1995, il a repris le cabinet d\u2019avocat \u00e0 Paros de son grand p\u00e8re Antonios L. Ragoussis, membre de la magistrature et du Conseil d\u2019\u00c9tat.<\/p>\n<p>Depuis 1996, il est conseiller juridique de l\u2019<span class=\"caps\">ALPHA<\/span> Bank (branches de Paros et Naoussa) et consultant attach\u00e9 \u00e0 la section juridique des ambassades d&rsquo;Allemagne et de Suisse \u00e0 Ath\u00e8nes.<\/p>\n<p>Il est <strong>Consul Honoraire de la R\u00e9publique d\u2019Autriche<\/strong> \u00e0 Parikia, Paros (R\u00e9publique hell\u00e9nique) depuis le 10 mai 2019, avec juridiction sur les \u00eeles des Cyclades.<\/p>\n<p><strong>Il parle couramment l\u2019anglais et l\u2019allemand, ainsi que le Fran\u00e7ais.<\/strong><\/p>\n<\/div><\/section><\/div><\/div><!--close column table wrapper. Autoclose: 1 -->\n<style type=\"text\/css\" data-created_by=\"avia_inline_auto\" id=\"style-css-av-m5uasoki-774862642d49cd83859aef15da9993e0\">\n#top .hr.av-m5uasoki-774862642d49cd83859aef15da9993e0{\nmargin-top:20px;\nmargin-bottom:20px;\n}\n.hr.av-m5uasoki-774862642d49cd83859aef15da9993e0 .hr-inner{\nwidth:75%;\nborder-color:#c9c9c9;\nmax-width:45%;\n}\n<\/style>\n<div  class='hr av-m5uasoki-774862642d49cd83859aef15da9993e0 hr-custom  avia-builder-el-6  el_after_av_three_fourth  el_before_av_one_fourth  hr-center hr-icon-yes'><span class='hr-inner inner-border-av-border-fat'><span class=\"hr-inner-style\"><\/span><\/span><span class='av-seperator-icon avia-iconfont avia-font-justice' data-av_icon='\uf106' data-av_iconfont='justice' ><\/span><span class='hr-inner inner-border-av-border-fat'><span class=\"hr-inner-style\"><\/span><\/span><\/div>\n<div  class='flex_column av-tp302-50120190a885f13bff2661d6039966f7 av_one_fourth  avia-builder-el-7  el_after_av_hr  el_before_av_three_fourth  first flex_column_div  '     ><style type=\"text\/css\" data-created_by=\"avia_inline_auto\" id=\"style-css-av-m7ks6dcr-2a5ac47f0a094deb7df9614b1e9b53c9\">\n.avia-image-container.av-m7ks6dcr-2a5ac47f0a094deb7df9614b1e9b53c9 img.avia_image{\nbox-shadow:none;\n}\n.avia-image-container.av-m7ks6dcr-2a5ac47f0a094deb7df9614b1e9b53c9 .av-image-caption-overlay-center{\ncolor:#ffffff;\n}\n<\/style>\n<div  class='avia-image-container av-m7ks6dcr-2a5ac47f0a094deb7df9614b1e9b53c9 av-styling-circle avia-align-center  avia-builder-el-8  avia-builder-el-no-sibling '   itemprop=\"image\" itemscope=\"itemscope\" itemtype=\"https:\/\/schema.org\/ImageObject\" ><div class=\"avia-image-container-inner\"><div class=\"avia-image-overlay-wrap\"><img decoding=\"async\" fetchpriority=\"high\" class='wp-image-2068 avia-img-lazy-loading-not-2068 avia_image ' src=\"https:\/\/www.paroslawyers.com\/wp-content\/uploads\/2025\/02\/Georgia-Giannitsopoulou.jpg\" alt='Georgia I. Giannitsopoulou, avocate \u00e0 Paros' title='Georgia I. Giannitsopoulou, avocate \u00e0 Paros'  height=\"300\" width=\"300\"  itemprop=\"thumbnailUrl\" srcset=\"https:\/\/www.paroslawyers.com\/wp-content\/uploads\/2025\/02\/Georgia-Giannitsopoulou.jpg 300w, https:\/\/www.paroslawyers.com\/wp-content\/uploads\/2025\/02\/Georgia-Giannitsopoulou-80x80.jpg 80w, https:\/\/www.paroslawyers.com\/wp-content\/uploads\/2025\/02\/Georgia-Giannitsopoulou-36x36.jpg 36w, https:\/\/www.paroslawyers.com\/wp-content\/uploads\/2025\/02\/Georgia-Giannitsopoulou-180x180.jpg 180w\" sizes=\"(max-width: 300px) 100vw, 300px\" \/><\/div><\/div><\/div><\/div><div  class='flex_column av-fycte-6f76aa23141ad69516e9c1ec90987267 av_three_fourth  avia-builder-el-9  el_after_av_one_fourth  avia-builder-el-last  flex_column_div  '     ><style type=\"text\/css\" data-created_by=\"avia_inline_auto\" id=\"style-css-av-m5uaud74-3d64a1a403fceaced4ede84ba7653f97\">\n#top .av_textblock_section.av-m5uaud74-3d64a1a403fceaced4ede84ba7653f97 .avia_textblock{\ncolumn-count:2;\n}\n<\/style>\n<section  class='av_textblock_section av-m5uaud74-3d64a1a403fceaced4ede84ba7653f97 '   itemscope=\"itemscope\" itemtype=\"https:\/\/schema.org\/CreativeWork\" ><div class='avia_textblock av_multi_colums'  itemprop=\"text\" ><p><strong>Georgia I. Giannitsopoulou est n\u00e9e \u00e0 Ath\u00e8nes le 29 juin 1970.<\/strong><\/p>\n<p>En 1994, elle a obtenu son dipl\u00f4me \u00e0 la facult\u00e9 de droit de l&rsquo;universit\u00e9 d&rsquo;Ath\u00e8nes.<\/p>\n<p>Elle a particip\u00e9 \u00e0 un programme Erasmus de trois mois en anglais \u00e0 l&rsquo;universit\u00e9 LUISS de Rome en 1992.<\/p>\n<p>En 1994, elle a \u00e9t\u00e9 inscrite en tant qu&rsquo;avocate stagiaire \u00e0 l&rsquo;Ordre des avocats d&rsquo;Ath\u00e8nes.<\/p>\n<p>Elle pratique le droit depuis 1997 en tant que membre du Barreau d&rsquo;Ath\u00e8nes. Elle a \u00e9t\u00e9 promue \u00e0 la Cour d&rsquo;appel en 2003 et \u00e0 la Cour supr\u00eame en 2008. Ses principaux domaines de pratique sont le droit immobilier et elle poss\u00e8de une exp\u00e9rience significative en mati\u00e8re de droit du cadastre et du registre foncier.<\/p>\n<p>Elle travaille depuis 1999 en tant que conseill\u00e8re juridique dans des projets de cadastre dans diff\u00e9rentes r\u00e9gions de Gr\u00e8ce et a agi en tant que co-contractant du projet de cadastre du Pir\u00e9e et de Vathy Samos.<\/p>\n<p><strong>Elle parle et \u00e9crit l\u2019anglais, le fran\u00e7ais et l\u2019italien<\/strong>, ayant obtenu respectivement les dipl\u00f4mes de Proficiency (1992), Sorbonne II (1991) et Superiore (1993).<\/p>\n<\/div><\/section><\/div>\n","protected":false},"excerpt":{"rendered":"","protected":false},"author":1,"featured_media":0,"parent":0,"menu_order":0,"comment_status":"open","ping_status":"closed","template":"","meta":{"footnotes":""},"class_list":["post-1211","page","type-page","status-publish","hentry"],"yoast_head":"<!-- This site is optimized with the Yoast SEO plugin v27.4 - https:\/\/yoast.com\/product\/yoast-seo-wordpress\/ -->\n<title>Profile - Avocats \u00e0 Paros<\/title>\n<meta name=\"robots\" content=\"index, follow, max-snippet:-1, max-image-preview:large, max-video-preview:-1\" \/>\n<link rel=\"canonical\" href=\"https:\/\/www.paroslawyers.com\/fr\/profil\/\" \/>\n<meta property=\"og:locale\" content=\"fr_FR\" \/>\n<meta property=\"og:type\" content=\"article\" \/>\n<meta property=\"og:title\" content=\"Profile - Avocats \u00e0 Paros\" \/>\n<meta property=\"og:url\" content=\"https:\/\/www.paroslawyers.com\/fr\/profil\/\" \/>\n<meta property=\"og:site_name\" content=\"Avocats \u00e0 Paros\" \/>\n<meta property=\"article:modified_time\" content=\"2025-03-25T10:19:15+00:00\" \/>\n<meta property=\"og:image\" content=\"https:\/\/www.paroslawyers.com\/wp-content\/uploads\/2019\/09\/paros-lawyers-andreopoulos.jpg\" \/>\n\t<meta property=\"og:image:width\" content=\"1200\" \/>\n\t<meta property=\"og:image:height\" content=\"630\" \/>\n\t<meta property=\"og:image:type\" content=\"image\/jpeg\" \/>\n<meta name=\"twitter:card\" content=\"summary_large_image\" \/>\n<meta name=\"twitter:label1\" content=\"Dur\u00e9e de lecture estim\u00e9e\" \/>\n\t<meta name=\"twitter:data1\" content=\"20 minutes\" \/>\n<script type=\"application\/ld+json\" class=\"yoast-schema-graph\">{\"@context\":\"https:\\\/\\\/schema.org\",\"@graph\":[{\"@type\":\"WebPage\",\"@id\":\"https:\\\/\\\/www.paroslawyers.com\\\/fr\\\/profil\\\/\",\"url\":\"https:\\\/\\\/www.paroslawyers.com\\\/fr\\\/profil\\\/\",\"name\":\"Profile - Avocats \u00e0 Paros\",\"isPartOf\":{\"@id\":\"https:\\\/\\\/www.paroslawyers.com\\\/fr\\\/#website\"},\"datePublished\":\"2019-09-17T14:17:23+00:00\",\"dateModified\":\"2025-03-25T10:19:15+00:00\",\"breadcrumb\":{\"@id\":\"https:\\\/\\\/www.paroslawyers.com\\\/fr\\\/profil\\\/#breadcrumb\"},\"inLanguage\":\"fr-FR\",\"potentialAction\":[{\"@type\":\"ReadAction\",\"target\":[\"https:\\\/\\\/www.paroslawyers.com\\\/fr\\\/profil\\\/\"]}]},{\"@type\":\"BreadcrumbList\",\"@id\":\"https:\\\/\\\/www.paroslawyers.com\\\/fr\\\/profil\\\/#breadcrumb\",\"itemListElement\":[{\"@type\":\"ListItem\",\"position\":1,\"name\":\"Home\",\"item\":\"https:\\\/\\\/www.paroslawyers.com\\\/fr\\\/accueil\\\/\"},{\"@type\":\"ListItem\",\"position\":2,\"name\":\"Profile\"}]},{\"@type\":\"WebSite\",\"@id\":\"https:\\\/\\\/www.paroslawyers.com\\\/fr\\\/#website\",\"url\":\"https:\\\/\\\/www.paroslawyers.com\\\/fr\\\/\",\"name\":\"Avocats \u00e0 Paros\",\"description\":\"Avocat Ioannis Andreopoulos\",\"publisher\":{\"@id\":\"https:\\\/\\\/www.paroslawyers.com\\\/fr\\\/#organization\"},\"potentialAction\":[{\"@type\":\"SearchAction\",\"target\":{\"@type\":\"EntryPoint\",\"urlTemplate\":\"https:\\\/\\\/www.paroslawyers.com\\\/fr\\\/?s={search_term_string}\"},\"query-input\":{\"@type\":\"PropertyValueSpecification\",\"valueRequired\":true,\"valueName\":\"search_term_string\"}}],\"inLanguage\":\"fr-FR\"},{\"@type\":\"Organization\",\"@id\":\"https:\\\/\\\/www.paroslawyers.com\\\/fr\\\/#organization\",\"name\":\"Andreopoulos Law Office on Paros, Cyclades, Greece\",\"url\":\"https:\\\/\\\/www.paroslawyers.com\\\/fr\\\/\",\"logo\":{\"@type\":\"ImageObject\",\"inLanguage\":\"fr-FR\",\"@id\":\"https:\\\/\\\/www.paroslawyers.com\\\/fr\\\/#\\\/schema\\\/logo\\\/image\\\/\",\"url\":\"\",\"contentUrl\":\"\",\"caption\":\"Andreopoulos Law Office on Paros, Cyclades, Greece\"},\"image\":{\"@id\":\"https:\\\/\\\/www.paroslawyers.com\\\/fr\\\/#\\\/schema\\\/logo\\\/image\\\/\"}}]}<\/script>\n<!-- \/ Yoast SEO plugin. -->","yoast_head_json":{"title":"Profile - Avocats \u00e0 Paros","robots":{"index":"index","follow":"follow","max-snippet":"max-snippet:-1","max-image-preview":"max-image-preview:large","max-video-preview":"max-video-preview:-1"},"canonical":"https:\/\/www.paroslawyers.com\/fr\/profil\/","og_locale":"fr_FR","og_type":"article","og_title":"Profile - Avocats \u00e0 Paros","og_url":"https:\/\/www.paroslawyers.com\/fr\/profil\/","og_site_name":"Avocats \u00e0 Paros","article_modified_time":"2025-03-25T10:19:15+00:00","og_image":[{"width":1200,"height":630,"url":"https:\/\/www.paroslawyers.com\/wp-content\/uploads\/2019\/09\/paros-lawyers-andreopoulos.jpg","type":"image\/jpeg"}],"twitter_card":"summary_large_image","twitter_misc":{"Dur\u00e9e de lecture estim\u00e9e":"20 minutes"},"schema":{"@context":"https:\/\/schema.org","@graph":[{"@type":"WebPage","@id":"https:\/\/www.paroslawyers.com\/fr\/profil\/","url":"https:\/\/www.paroslawyers.com\/fr\/profil\/","name":"Profile - Avocats \u00e0 Paros","isPartOf":{"@id":"https:\/\/www.paroslawyers.com\/fr\/#website"},"datePublished":"2019-09-17T14:17:23+00:00","dateModified":"2025-03-25T10:19:15+00:00","breadcrumb":{"@id":"https:\/\/www.paroslawyers.com\/fr\/profil\/#breadcrumb"},"inLanguage":"fr-FR","potentialAction":[{"@type":"ReadAction","target":["https:\/\/www.paroslawyers.com\/fr\/profil\/"]}]},{"@type":"BreadcrumbList","@id":"https:\/\/www.paroslawyers.com\/fr\/profil\/#breadcrumb","itemListElement":[{"@type":"ListItem","position":1,"name":"Home","item":"https:\/\/www.paroslawyers.com\/fr\/accueil\/"},{"@type":"ListItem","position":2,"name":"Profile"}]},{"@type":"WebSite","@id":"https:\/\/www.paroslawyers.com\/fr\/#website","url":"https:\/\/www.paroslawyers.com\/fr\/","name":"Avocats \u00e0 Paros","description":"Avocat Ioannis Andreopoulos","publisher":{"@id":"https:\/\/www.paroslawyers.com\/fr\/#organization"},"potentialAction":[{"@type":"SearchAction","target":{"@type":"EntryPoint","urlTemplate":"https:\/\/www.paroslawyers.com\/fr\/?s={search_term_string}"},"query-input":{"@type":"PropertyValueSpecification","valueRequired":true,"valueName":"search_term_string"}}],"inLanguage":"fr-FR"},{"@type":"Organization","@id":"https:\/\/www.paroslawyers.com\/fr\/#organization","name":"Andreopoulos Law Office on Paros, Cyclades, Greece","url":"https:\/\/www.paroslawyers.com\/fr\/","logo":{"@type":"ImageObject","inLanguage":"fr-FR","@id":"https:\/\/www.paroslawyers.com\/fr\/#\/schema\/logo\/image\/","url":"","contentUrl":"","caption":"Andreopoulos Law Office on Paros, Cyclades, Greece"},"image":{"@id":"https:\/\/www.paroslawyers.com\/fr\/#\/schema\/logo\/image\/"}}]}},"_links":{"self":[{"href":"https:\/\/www.paroslawyers.com\/fr\/wp-json\/wp\/v2\/pages\/1211","targetHints":{"allow":["GET"]}}],"collection":[{"href":"https:\/\/www.paroslawyers.com\/fr\/wp-json\/wp\/v2\/pages"}],"about":[{"href":"https:\/\/www.paroslawyers.com\/fr\/wp-json\/wp\/v2\/types\/page"}],"author":[{"embeddable":true,"href":"https:\/\/www.paroslawyers.com\/fr\/wp-json\/wp\/v2\/users\/1"}],"replies":[{"embeddable":true,"href":"https:\/\/www.paroslawyers.com\/fr\/wp-json\/wp\/v2\/comments?post=1211"}],"version-history":[{"count":29,"href":"https:\/\/www.paroslawyers.com\/fr\/wp-json\/wp\/v2\/pages\/1211\/revisions"}],"predecessor-version":[{"id":2339,"href":"https:\/\/www.paroslawyers.com\/fr\/wp-json\/wp\/v2\/pages\/1211\/revisions\/2339"}],"wp:attachment":[{"href":"https:\/\/www.paroslawyers.com\/fr\/wp-json\/wp\/v2\/media?parent=1211"}],"curies":[{"name":"wp","href":"https:\/\/api.w.org\/{rel}","templated":true}]}}