{"id":1193,"date":"2019-09-17T16:52:53","date_gmt":"2019-09-17T13:52:53","guid":{"rendered":"https:\/\/paroslawyers.com\/notre-philosophie\/"},"modified":"2025-03-25T12:23:25","modified_gmt":"2025-03-25T10:23:25","slug":"notre-philosophie","status":"publish","type":"page","link":"https:\/\/www.paroslawyers.com\/fr\/notre-philosophie\/","title":{"rendered":"Notre philosophie"},"content":{"rendered":"\n<style type=\"text\/css\" data-created_by=\"avia_inline_auto\" id=\"style-css-av-145nae-2e6d85461ee74f56c84eed448b02b0b3\">\n.avia-section.av-145nae-2e6d85461ee74f56c84eed448b02b0b3 .av-section-color-overlay{\nopacity:0.3;\nbackground-color:#9c927d;\n}\n<\/style>\n<div id='av_section_1'  class='avia-section av-145nae-2e6d85461ee74f56c84eed448b02b0b3 main_color avia-section-default avia-no-border-styling  avia-builder-el-0  avia-builder-el-no-sibling  avia-bg-style-scroll av-section-color-overlay-active av-minimum-height av-minimum-height-custom av-height-custom  container_wrap fullsize'   data-av_minimum_height_px='230'><div class=\"av-section-color-overlay-wrap\"><div class=\"av-section-color-overlay\"><\/div><div class='container av-section-cont-open' style='height:230px'><main  role=\"main\" itemprop=\"mainContentOfPage\"  class='template-page content  av-content-full alpha units'><div class='post-entry post-entry-type-page post-entry-1193'><div class='entry-content-wrapper clearfix'>\n\n<style type=\"text\/css\" data-created_by=\"avia_inline_auto\" id=\"style-css-av-k0mlplgy-360abeebee0b2a9dfac6f3979d8ea27f\">\n#top .av-special-heading.av-k0mlplgy-360abeebee0b2a9dfac6f3979d8ea27f{\nmargin:0 0 0 0;\npadding-bottom:10px;\ncolor:#ffffff;\nfont-size:4vw;\n}\nbody .av-special-heading.av-k0mlplgy-360abeebee0b2a9dfac6f3979d8ea27f .av-special-heading-tag .heading-char{\nfont-size:25px;\n}\n#top #wrap_all .av-special-heading.av-k0mlplgy-360abeebee0b2a9dfac6f3979d8ea27f .av-special-heading-tag{\nfont-size:4vw;\n}\n.av-special-heading.av-k0mlplgy-360abeebee0b2a9dfac6f3979d8ea27f .special-heading-inner-border{\nborder-color:#ffffff;\n}\n.av-special-heading.av-k0mlplgy-360abeebee0b2a9dfac6f3979d8ea27f .av-subheading{\nfont-size:25px;\n}\n\n@media only screen and (min-width: 480px) and (max-width: 767px){ \n#top #wrap_all .av-special-heading.av-k0mlplgy-360abeebee0b2a9dfac6f3979d8ea27f .av-special-heading-tag{\nfont-size:0.8em;\n}\n}\n\n@media only screen and (max-width: 479px){ \n#top #wrap_all .av-special-heading.av-k0mlplgy-360abeebee0b2a9dfac6f3979d8ea27f .av-special-heading-tag{\nfont-size:0.8em;\n}\n}\n<\/style>\n<div  class='av-special-heading av-k0mlplgy-360abeebee0b2a9dfac6f3979d8ea27f av-special-heading-h2 custom-color-heading blockquote modern-quote modern-centered  avia-builder-el-1  el_before_av_one_half  avia-builder-el-first  av-inherit-size'><h2 class='av-special-heading-tag '  itemprop=\"headline\"  >Notre philosophie<\/h2><div class=\"special-heading-border\"><div class=\"special-heading-inner-border\"><\/div><\/div><\/div>\n<div class='flex_column_table av-ddeyi-1fabc345927bc0ff732033ee6e8dcae6 sc-av_one_half av-equal-height-column-flextable'>\n<style type=\"text\/css\" data-created_by=\"avia_inline_auto\" id=\"style-css-av-ddeyi-1fabc345927bc0ff732033ee6e8dcae6\">\n.flex_column.av-ddeyi-1fabc345927bc0ff732033ee6e8dcae6{\nwidth:46%;\nmargin-left:0;\nborder-radius:0px 0px 0px 0px;\npadding:0px 0px 0px 0px;\n}\n#top .flex_column_table.av-equal-height-column-flextable.av-ddeyi-1fabc345927bc0ff732033ee6e8dcae6 .av-flex-placeholder{\nwidth:8%;\n}\n<\/style>\n<div  class='flex_column av-ddeyi-1fabc345927bc0ff732033ee6e8dcae6 av_one_half  avia-builder-el-2  el_after_av_heading  el_before_av_one_half  first flex_column_table_cell av-equal-height-column av-align-middle av-zero-column-padding  '     ><style type=\"text\/css\" data-created_by=\"avia_inline_auto\" id=\"style-css-av-k0l5vk3i-86826768acee159da7abbe31d0c3b9bb\">\n.avia-image-container.av-k0l5vk3i-86826768acee159da7abbe31d0c3b9bb img.avia_image{\nbox-shadow:none;\n}\n.avia-image-container.av-k0l5vk3i-86826768acee159da7abbe31d0c3b9bb .av-image-caption-overlay-center{\ncolor:#ffffff;\n}\n<\/style>\n<div  class='avia-image-container av-k0l5vk3i-86826768acee159da7abbe31d0c3b9bb av-styling- av-img-linked avia-align-center  avia-builder-el-3  avia-builder-el-no-sibling '   itemprop=\"image\" itemscope=\"itemscope\" itemtype=\"https:\/\/schema.org\/ImageObject\" ><div class=\"avia-image-container-inner\"><div class=\"avia-image-overlay-wrap\"><a href=\"https:\/\/www.paroslawyers.com\/wp-content\/uploads\/2023\/04\/Andreopoulos2023-23.jpg\" data-srcset=\"https:\/\/www.paroslawyers.com\/wp-content\/uploads\/2023\/04\/Andreopoulos2023-23.jpg 1030w, https:\/\/www.paroslawyers.com\/wp-content\/uploads\/2023\/04\/Andreopoulos2023-23-300x169.jpg 300w, https:\/\/www.paroslawyers.com\/wp-content\/uploads\/2023\/04\/Andreopoulos2023-23-768x432.jpg 768w, https:\/\/www.paroslawyers.com\/wp-content\/uploads\/2023\/04\/Andreopoulos2023-23-705x397.jpg 705w\" data-sizes=\"(max-width: 1030px) 100vw, 1030px\" class='avia_image '  aria-label='Andreopoulos2023-23'><img decoding=\"async\" fetchpriority=\"high\" class='wp-image-1597 avia-img-lazy-loading-not-1597 avia_image ' src=\"https:\/\/www.paroslawyers.com\/wp-content\/uploads\/2023\/04\/Andreopoulos2023-23.jpg\" alt='Lawyer Andreopoulos and associates' title='Andreopoulos2023-23'  height=\"580\" width=\"1030\"  itemprop=\"thumbnailUrl\" srcset=\"https:\/\/www.paroslawyers.com\/wp-content\/uploads\/2023\/04\/Andreopoulos2023-23.jpg 1030w, https:\/\/www.paroslawyers.com\/wp-content\/uploads\/2023\/04\/Andreopoulos2023-23-300x169.jpg 300w, https:\/\/www.paroslawyers.com\/wp-content\/uploads\/2023\/04\/Andreopoulos2023-23-768x432.jpg 768w, https:\/\/www.paroslawyers.com\/wp-content\/uploads\/2023\/04\/Andreopoulos2023-23-705x397.jpg 705w\" sizes=\"(max-width: 1030px) 100vw, 1030px\" \/><\/a><\/div><\/div><\/div><\/div><div class='av-flex-placeholder'><\/div>\n<style type=\"text\/css\" data-created_by=\"avia_inline_auto\" id=\"style-css-av-71cb6-f6779f7af35cc4f1409df336f8d16280\">\n.flex_column.av-71cb6-f6779f7af35cc4f1409df336f8d16280{\nwidth:46%;\nmargin-left:0;\nborder-radius:0px 0px 0px 0px;\npadding:0px 0px 0px 0px;\n}\n#top .flex_column_table.av-equal-height-column-flextable.av-71cb6-f6779f7af35cc4f1409df336f8d16280 .av-flex-placeholder{\nwidth:8%;\n}\n<\/style>\n<div  class='flex_column av-71cb6-f6779f7af35cc4f1409df336f8d16280 av_one_half  avia-builder-el-4  el_after_av_one_half  avia-builder-el-last  flex_column_table_cell av-equal-height-column av-align-middle av-zero-column-padding  '     ><style type=\"text\/css\" data-created_by=\"avia_inline_auto\" id=\"style-css-av-k0l6oad5-c7ee4fe7f9074900f6af192fc3646c8e\">\n#top .av_textblock_section.av-k0l6oad5-c7ee4fe7f9074900f6af192fc3646c8e .avia_textblock{\nfont-size:16px;\n}\n<\/style>\n<section  class='av_textblock_section av-k0l6oad5-c7ee4fe7f9074900f6af192fc3646c8e '   itemscope=\"itemscope\" itemtype=\"https:\/\/schema.org\/CreativeWork\" ><div class='avia_textblock'  itemprop=\"text\" ><p><strong>La philosophie de notre cabinet d&rsquo;avocats de Paros<\/strong> est de fournir des <strong>conseils juridiques de<\/strong> la plus haute qualit\u00e9, en s&rsquo;appuyant sur nos 30 ann\u00e9es d&rsquo;exp\u00e9rience.<\/p>\n<p><strong>Nous nous engageons \u00e0<\/strong> l&rsquo;excellence et \u00e0 la qualit\u00e9, ce qui se refl\u00e8te dans notre d\u00e9termination, notre rapidit\u00e9, notre travail d&rsquo;\u00e9quipe et notre loyaut\u00e9.<\/p>\n<p><strong>Notre objectif<\/strong> est d&rsquo;offrir des services complets \u00e0 tous nos clients, qu&rsquo;il s&rsquo;agisse de particuliers, d&rsquo;entreprises locales ou de soci\u00e9t\u00e9s internationales, en r\u00e9pondant efficacement \u00e0 leurs besoins juridiques.<\/p>\n<p><strong>Notre professionnalisme<\/strong>, notre int\u00e9grit\u00e9 et notre forte culture du service \u00e0 la client\u00e8le font de nous le choix privil\u00e9gi\u00e9 pour les transactions juridiques \u00e0 Paros et dans l&rsquo;ensemble des \u00eeles Cyclades.<\/p>\n<\/div><\/section><\/div><\/div><!--close column table wrapper. Autoclose: 1 -->\n","protected":false},"excerpt":{"rendered":"","protected":false},"author":1,"featured_media":0,"parent":0,"menu_order":0,"comment_status":"closed","ping_status":"closed","template":"","meta":{"footnotes":""},"class_list":["post-1193","page","type-page","status-publish","hentry"],"yoast_head":"<!-- This site is optimized with the Yoast SEO plugin v27.5 - https:\/\/yoast.com\/product\/yoast-seo-wordpress\/ -->\n<title>Notre philosophie - Avocats \u00e0 Paros<\/title>\n<meta name=\"robots\" content=\"index, follow, max-snippet:-1, max-image-preview:large, max-video-preview:-1\" \/>\n<link rel=\"canonical\" href=\"https:\/\/www.paroslawyers.com\/fr\/notre-philosophie\/\" \/>\n<meta property=\"og:locale\" content=\"fr_FR\" \/>\n<meta property=\"og:type\" content=\"article\" \/>\n<meta property=\"og:title\" content=\"Notre philosophie - Avocats \u00e0 Paros\" \/>\n<meta property=\"og:url\" content=\"https:\/\/www.paroslawyers.com\/fr\/notre-philosophie\/\" \/>\n<meta property=\"og:site_name\" content=\"Avocats \u00e0 Paros\" \/>\n<meta property=\"article:modified_time\" content=\"2025-03-25T10:23:25+00:00\" \/>\n<meta property=\"og:image\" content=\"https:\/\/www.paroslawyers.com\/wp-content\/uploads\/2019\/09\/paros-lawyers-andreopoulos.jpg\" \/>\n\t<meta property=\"og:image:width\" content=\"1200\" \/>\n\t<meta property=\"og:image:height\" content=\"630\" \/>\n\t<meta property=\"og:image:type\" content=\"image\/jpeg\" \/>\n<meta name=\"twitter:card\" content=\"summary_large_image\" \/>\n<meta name=\"twitter:label1\" content=\"Dur\u00e9e de lecture estim\u00e9e\" \/>\n\t<meta name=\"twitter:data1\" content=\"7 minutes\" \/>\n<script type=\"application\/ld+json\" class=\"yoast-schema-graph\">{\"@context\":\"https:\\\/\\\/schema.org\",\"@graph\":[{\"@type\":\"WebPage\",\"@id\":\"https:\\\/\\\/www.paroslawyers.com\\\/fr\\\/notre-philosophie\\\/\",\"url\":\"https:\\\/\\\/www.paroslawyers.com\\\/fr\\\/notre-philosophie\\\/\",\"name\":\"Notre philosophie - Avocats \u00e0 Paros\",\"isPartOf\":{\"@id\":\"https:\\\/\\\/www.paroslawyers.com\\\/fr\\\/#website\"},\"datePublished\":\"2019-09-17T13:52:53+00:00\",\"dateModified\":\"2025-03-25T10:23:25+00:00\",\"breadcrumb\":{\"@id\":\"https:\\\/\\\/www.paroslawyers.com\\\/fr\\\/notre-philosophie\\\/#breadcrumb\"},\"inLanguage\":\"fr-FR\",\"potentialAction\":[{\"@type\":\"ReadAction\",\"target\":[\"https:\\\/\\\/www.paroslawyers.com\\\/fr\\\/notre-philosophie\\\/\"]}]},{\"@type\":\"BreadcrumbList\",\"@id\":\"https:\\\/\\\/www.paroslawyers.com\\\/fr\\\/notre-philosophie\\\/#breadcrumb\",\"itemListElement\":[{\"@type\":\"ListItem\",\"position\":1,\"name\":\"Home\",\"item\":\"https:\\\/\\\/www.paroslawyers.com\\\/fr\\\/accueil\\\/\"},{\"@type\":\"ListItem\",\"position\":2,\"name\":\"Notre philosophie\"}]},{\"@type\":\"WebSite\",\"@id\":\"https:\\\/\\\/www.paroslawyers.com\\\/fr\\\/#website\",\"url\":\"https:\\\/\\\/www.paroslawyers.com\\\/fr\\\/\",\"name\":\"Avocats \u00e0 Paros\",\"description\":\"Avocat Ioannis Andreopoulos\",\"publisher\":{\"@id\":\"https:\\\/\\\/www.paroslawyers.com\\\/fr\\\/#organization\"},\"potentialAction\":[{\"@type\":\"SearchAction\",\"target\":{\"@type\":\"EntryPoint\",\"urlTemplate\":\"https:\\\/\\\/www.paroslawyers.com\\\/fr\\\/?s={search_term_string}\"},\"query-input\":{\"@type\":\"PropertyValueSpecification\",\"valueRequired\":true,\"valueName\":\"search_term_string\"}}],\"inLanguage\":\"fr-FR\"},{\"@type\":\"Organization\",\"@id\":\"https:\\\/\\\/www.paroslawyers.com\\\/fr\\\/#organization\",\"name\":\"Andreopoulos Law Office on Paros, Cyclades, Greece\",\"url\":\"https:\\\/\\\/www.paroslawyers.com\\\/fr\\\/\",\"logo\":{\"@type\":\"ImageObject\",\"inLanguage\":\"fr-FR\",\"@id\":\"https:\\\/\\\/www.paroslawyers.com\\\/fr\\\/#\\\/schema\\\/logo\\\/image\\\/\",\"url\":\"\",\"contentUrl\":\"\",\"caption\":\"Andreopoulos Law Office on Paros, Cyclades, Greece\"},\"image\":{\"@id\":\"https:\\\/\\\/www.paroslawyers.com\\\/fr\\\/#\\\/schema\\\/logo\\\/image\\\/\"}}]}<\/script>\n<!-- \/ Yoast SEO plugin. -->","yoast_head_json":{"title":"Notre philosophie - Avocats \u00e0 Paros","robots":{"index":"index","follow":"follow","max-snippet":"max-snippet:-1","max-image-preview":"max-image-preview:large","max-video-preview":"max-video-preview:-1"},"canonical":"https:\/\/www.paroslawyers.com\/fr\/notre-philosophie\/","og_locale":"fr_FR","og_type":"article","og_title":"Notre philosophie - Avocats \u00e0 Paros","og_url":"https:\/\/www.paroslawyers.com\/fr\/notre-philosophie\/","og_site_name":"Avocats \u00e0 Paros","article_modified_time":"2025-03-25T10:23:25+00:00","og_image":[{"width":1200,"height":630,"url":"https:\/\/www.paroslawyers.com\/wp-content\/uploads\/2019\/09\/paros-lawyers-andreopoulos.jpg","type":"image\/jpeg"}],"twitter_card":"summary_large_image","twitter_misc":{"Dur\u00e9e de lecture estim\u00e9e":"7 minutes"},"schema":{"@context":"https:\/\/schema.org","@graph":[{"@type":"WebPage","@id":"https:\/\/www.paroslawyers.com\/fr\/notre-philosophie\/","url":"https:\/\/www.paroslawyers.com\/fr\/notre-philosophie\/","name":"Notre philosophie - Avocats \u00e0 Paros","isPartOf":{"@id":"https:\/\/www.paroslawyers.com\/fr\/#website"},"datePublished":"2019-09-17T13:52:53+00:00","dateModified":"2025-03-25T10:23:25+00:00","breadcrumb":{"@id":"https:\/\/www.paroslawyers.com\/fr\/notre-philosophie\/#breadcrumb"},"inLanguage":"fr-FR","potentialAction":[{"@type":"ReadAction","target":["https:\/\/www.paroslawyers.com\/fr\/notre-philosophie\/"]}]},{"@type":"BreadcrumbList","@id":"https:\/\/www.paroslawyers.com\/fr\/notre-philosophie\/#breadcrumb","itemListElement":[{"@type":"ListItem","position":1,"name":"Home","item":"https:\/\/www.paroslawyers.com\/fr\/accueil\/"},{"@type":"ListItem","position":2,"name":"Notre philosophie"}]},{"@type":"WebSite","@id":"https:\/\/www.paroslawyers.com\/fr\/#website","url":"https:\/\/www.paroslawyers.com\/fr\/","name":"Avocats \u00e0 Paros","description":"Avocat Ioannis Andreopoulos","publisher":{"@id":"https:\/\/www.paroslawyers.com\/fr\/#organization"},"potentialAction":[{"@type":"SearchAction","target":{"@type":"EntryPoint","urlTemplate":"https:\/\/www.paroslawyers.com\/fr\/?s={search_term_string}"},"query-input":{"@type":"PropertyValueSpecification","valueRequired":true,"valueName":"search_term_string"}}],"inLanguage":"fr-FR"},{"@type":"Organization","@id":"https:\/\/www.paroslawyers.com\/fr\/#organization","name":"Andreopoulos Law Office on Paros, Cyclades, Greece","url":"https:\/\/www.paroslawyers.com\/fr\/","logo":{"@type":"ImageObject","inLanguage":"fr-FR","@id":"https:\/\/www.paroslawyers.com\/fr\/#\/schema\/logo\/image\/","url":"","contentUrl":"","caption":"Andreopoulos Law Office on Paros, Cyclades, Greece"},"image":{"@id":"https:\/\/www.paroslawyers.com\/fr\/#\/schema\/logo\/image\/"}}]}},"_links":{"self":[{"href":"https:\/\/www.paroslawyers.com\/fr\/wp-json\/wp\/v2\/pages\/1193","targetHints":{"allow":["GET"]}}],"collection":[{"href":"https:\/\/www.paroslawyers.com\/fr\/wp-json\/wp\/v2\/pages"}],"about":[{"href":"https:\/\/www.paroslawyers.com\/fr\/wp-json\/wp\/v2\/types\/page"}],"author":[{"embeddable":true,"href":"https:\/\/www.paroslawyers.com\/fr\/wp-json\/wp\/v2\/users\/1"}],"replies":[{"embeddable":true,"href":"https:\/\/www.paroslawyers.com\/fr\/wp-json\/wp\/v2\/comments?post=1193"}],"version-history":[{"count":13,"href":"https:\/\/www.paroslawyers.com\/fr\/wp-json\/wp\/v2\/pages\/1193\/revisions"}],"predecessor-version":[{"id":2361,"href":"https:\/\/www.paroslawyers.com\/fr\/wp-json\/wp\/v2\/pages\/1193\/revisions\/2361"}],"wp:attachment":[{"href":"https:\/\/www.paroslawyers.com\/fr\/wp-json\/wp\/v2\/media?parent=1193"}],"curies":[{"name":"wp","href":"https:\/\/api.w.org\/{rel}","templated":true}]}}