{"id":1174,"date":"2019-09-17T13:13:07","date_gmt":"2019-09-17T10:13:07","guid":{"rendered":"https:\/\/paroslawyers.com\/entrer-en-contact\/"},"modified":"2026-01-05T19:25:52","modified_gmt":"2026-01-05T17:25:52","slug":"entrer-en-contact","status":"publish","type":"page","link":"https:\/\/www.paroslawyers.com\/fr\/entrer-en-contact\/","title":{"rendered":"Entrer en contact"},"content":{"rendered":"<div  class='av_gmaps_sc_main_wrap av_gmaps_main_wrap '><div id='av_gmap_0' class='avia-google-map-container avia-google-map-sc av_gmaps_show_unconditionally av-no-fallback-img ' data-mapid='av_gmap_0'  style='height: 230px;'><a class=\"av_gmaps_browser_disabled av_text_confirm_link av_text_confirm_link_visible\" href=\"https:\/\/www.google.com\/maps\/search\/?api=1&#038;query=La%20place%20principale%20de%20Parikia%2084400%20Paros%20Cyclades%20Gr\u00e8ce\" target=\"_blank\">Les cartes ont \u00e9t\u00e9 d\u00e9sactiv\u00e9es par le visiteur sur ce site. Cliquer pour ouvrir la carte dans une nouvelle fen\u00eatre.<\/a><\/div><\/div>\n<div id='av_section_1'  class='avia-section av-145nae-e484183ac2512e581c4d3ad1f4531c95 main_color avia-section-huge avia-no-shadow  avia-builder-el-1  el_after_av_google_map  el_before_av_slideshow_full  avia-bg-style-scroll container_wrap fullsize'  ><div class='container av-section-cont-open' ><div class='template-page content  av-content-full alpha units'><div class='post-entry post-entry-type-page post-entry-1174'><div class='entry-content-wrapper clearfix'>\n\n<style type=\"text\/css\" data-created_by=\"avia_inline_auto\" id=\"style-css-av-1kbp16-3421f18de359c4df72201708db8118ca\">\n.flex_column.av-1kbp16-3421f18de359c4df72201708db8118ca{\nborder-radius:0px 0px 0px 0px;\npadding:0px 0px 0px 0px;\n}\n<\/style>\n<div  class='flex_column av-1kbp16-3421f18de359c4df72201708db8118ca av_one_half  avia-builder-el-2  el_before_av_one_half  avia-builder-el-first  first flex_column_div av-animated-generic bottom-to-top av-zero-column-padding  '     ><p>\n<style type=\"text\/css\" data-created_by=\"avia_inline_auto\" id=\"style-css-av-dpzas-18ea9f97d6ec8bbe72f53d3575afb3ce\">\n#top .av-special-heading.av-dpzas-18ea9f97d6ec8bbe72f53d3575afb3ce{\npadding-bottom:10px;\nfont-size:50px;\n}\nbody .av-special-heading.av-dpzas-18ea9f97d6ec8bbe72f53d3575afb3ce .av-special-heading-tag .heading-char{\nfont-size:25px;\n}\n#top #wrap_all .av-special-heading.av-dpzas-18ea9f97d6ec8bbe72f53d3575afb3ce .av-special-heading-tag{\nfont-size:50px;\n}\n.av-special-heading.av-dpzas-18ea9f97d6ec8bbe72f53d3575afb3ce .av-subheading{\nfont-size:15px;\n}\n\n@media only screen and (min-width: 480px) and (max-width: 767px){ \n#top #wrap_all .av-special-heading.av-dpzas-18ea9f97d6ec8bbe72f53d3575afb3ce .av-special-heading-tag{\nfont-size:0.8em;\n}\n}\n\n@media only screen and (max-width: 479px){ \n#top #wrap_all .av-special-heading.av-dpzas-18ea9f97d6ec8bbe72f53d3575afb3ce .av-special-heading-tag{\nfont-size:0.8em;\n}\n}\n<\/style>\n<div  class='av-special-heading av-dpzas-18ea9f97d6ec8bbe72f53d3575afb3ce av-special-heading-h4 blockquote modern-quote  avia-builder-el-3  el_before_av_contact  avia-builder-el-first  av-inherit-size'><h4 class='av-special-heading-tag '  itemprop=\"headline\"  >Entrez en contact avec le cabinet d\u2019avocats<\/h4><div class=\"special-heading-border\"><div class=\"special-heading-inner-border\"><\/div><\/div><\/div><br \/>\n<form action=\"https:\/\/www.paroslawyers.com\/fr\/entrer-en-contact\/\" method=\"post\" data-fields-with-error=\"Erreurs trouv\u00e9es dans les champs suivants :\" class=\"avia_ajax_form av-form-labels-hidden   avia-builder-el-4  el_after_av_heading  avia-builder-el-last   \" data-avia-form-id=\"1\" data-avia-redirect='' ><fieldset><p class='  first_form  form_element form_element_half' id='element_avia_1_1'><label for=\"avia_1_1\">Nom <abbr class=\"required\" title=\"requis(e)\">*<\/abbr><\/label> <input name=\"avia_1_1\" class=\"text_input is_empty\" type=\"text\" id=\"avia_1_1\" value=\"\"  placeholder='Nom*'\/><\/p><p class='  form_element form_element_half' id='element_avia_2_1'><label for=\"avia_2_1\">E-Mail <abbr class=\"required\" title=\"requis(e)\">*<\/abbr><\/label> <input name=\"avia_2_1\" class=\"text_input is_email\" type=\"text\" id=\"avia_2_1\" value=\"\"  placeholder='E-Mail*'\/><\/p><p class='  first_form  form_element form_element_half' id='element_avia_3_1'><label for=\"avia_3_1\">T\u00e9l\u00e9phone<\/label> <input name=\"avia_3_1\" class=\"text_input \" type=\"text\" id=\"avia_3_1\" value=\"\"  placeholder='T\u00e9l\u00e9phone'\/><\/p><p class='  form_element form_element_half' id='element_avia_4_1'><label for=\"avia_4_1\">Ville<\/label> <input name=\"avia_4_1\" class=\"text_input \" type=\"text\" id=\"avia_4_1\" value=\"\"  placeholder='Ville'\/><\/p><p class='  first_form  form_element form_fullwidth' id='element_avia_5_1'><label for=\"avia_5_1\" class=\"textare_label hidden textare_label_avia_5_1\">Message <abbr class=\"required\" title=\"requis(e)\">*<\/abbr><\/label><textarea  placeholder='Message*' name=\"avia_5_1\" class=\"text_area is_empty\" cols=\"40\" rows=\"7\" id=\"avia_5_1\" ><\/textarea><\/p><p class=\"hidden\"><input type=\"text\" name=\"avia_6_1\" class=\"hidden \" id=\"avia_6_1\" value=\"\" \/><\/p><div id='avia_7_1' class='av-recaptcha-area  first_form  form_element form_fullwidth '  data-container_class=\"\" data-custom_class=\"\" data-context=\"av_contact_form\" data-token_input=\"av_recaptcha_token\" data-version=\"avia_recaptcha_v3\" data-theme=\"light\" data-size=\"normal\" data-score=\"0.5\" data-text_to_preview=\"\" data-value=\"\"><div class=\"av-google-badge-message hidden\">Ce site est prot\u00e9g\u00e9 par reCAPTCHA et la <a href=\"https:\/\/policies.google.com\/privacy\" target=\"_blank\" rel=\"noopener noreferrer\">Politique de Confidentialit\u00e9<\/a> de Google et <a href=\"https:\/\/policies.google.com\/terms\" target=\"_blank\" rel=\"noopener noreferrer\">leur conditions d\u2019utilisation<\/a> s\u2019appliquent.<\/div><\/div><p class=\"form_element \"><input type=\"hidden\" value=\"1\" name=\"avia_generated_form1\" \/><input type=\"submit\" value=\"Envoyer\" class=\"button\"  data-sending-label=\"Envoi\"\/><\/p><\/fieldset><div class=\"avia-disabled-form\">Ce formulaire est d\u00e9sactiv\u00e9 dans la mesure o\u00f9 vous refusez d\u2019accepter le service Google reCAPTCHA n\u00e9cessaire pour valider toute exp\u00e9dition de message depuis celui-ci.<\/div><\/form><div id=\"ajaxresponse_1\" class=\"ajaxresponse ajaxresponse_1 hidden\"><\/div><\/p><\/div>\n<style type=\"text\/css\" data-created_by=\"avia_inline_auto\" id=\"style-css-av-1kbp16-2-4418802e316751590bdb43844a6ba2ed\">\n.flex_column.av-1kbp16-2-4418802e316751590bdb43844a6ba2ed{\nborder-radius:0px 0px 0px 0px;\npadding:0px 0px 0px 0px;\n}\n<\/style>\n<div  class='flex_column av-1kbp16-2-4418802e316751590bdb43844a6ba2ed av_one_half  avia-builder-el-5  el_after_av_one_half  avia-builder-el-last  flex_column_div av-animated-generic bottom-to-top av-zero-column-padding  '     ><p>\n<style type=\"text\/css\" data-created_by=\"avia_inline_auto\" id=\"style-css-av-av0ic-1450d28558327325e412aba0c3b39ca7\">\n#top .av-special-heading.av-av0ic-1450d28558327325e412aba0c3b39ca7{\npadding-bottom:10px;\nfont-size:50px;\n}\nbody .av-special-heading.av-av0ic-1450d28558327325e412aba0c3b39ca7 .av-special-heading-tag .heading-char{\nfont-size:25px;\n}\n#top #wrap_all .av-special-heading.av-av0ic-1450d28558327325e412aba0c3b39ca7 .av-special-heading-tag{\nfont-size:50px;\n}\n.av-special-heading.av-av0ic-1450d28558327325e412aba0c3b39ca7 .av-subheading{\nfont-size:15px;\n}\n\n@media only screen and (min-width: 480px) and (max-width: 767px){ \n#top #wrap_all .av-special-heading.av-av0ic-1450d28558327325e412aba0c3b39ca7 .av-special-heading-tag{\nfont-size:0.8em;\n}\n}\n\n@media only screen and (max-width: 479px){ \n#top #wrap_all .av-special-heading.av-av0ic-1450d28558327325e412aba0c3b39ca7 .av-special-heading-tag{\nfont-size:0.8em;\n}\n}\n<\/style>\n<div  class='av-special-heading av-av0ic-1450d28558327325e412aba0c3b39ca7 av-special-heading-h4 blockquote modern-quote  avia-builder-el-6  el_before_av_textblock  avia-builder-el-first  av-inherit-size'><h4 class='av-special-heading-tag '  itemprop=\"headline\"  >Nous sommes situ\u00e9s \u00e0<\/h4><div class=\"special-heading-border\"><div class=\"special-heading-inner-border\"><\/div><\/div><\/div><br \/>\n<section  class='av_textblock_section av-31jcro-b9e8456ef11ae7ae40040db72e0b05c5 '   itemscope=\"itemscope\" itemtype=\"https:\/\/schema.org\/CreativeWork\" ><div class='avia_textblock'  itemprop=\"text\" ><p><strong>Parikia, le port et la capitale de Paros,<\/strong> sur la place centrale, place Manto Mavrogenous.<\/p>\n<p><strong><a href=\"mailto:a%6e&#100;&#114;e%6c&#097;&#119;fi&#114;%6d%324&#064;&#121;ah%6f&#111;&#046;c&#111;m\">Cliquez pour nous envoyer un courriel<\/a><\/strong><\/p>\n<p><strong>T\u00e9l. &amp; Fax:<\/strong> <a href=\"tel:+302284024765\">+30 22840 24765<\/a><\/p>\n<p><strong>Adresse postale:<\/strong><br \/>\n Boite <span class=\"caps\">Postale <\/span> 7,<br \/>\n Paros 84400<br \/>\n Cyclades Gr\u00e8ce<\/p>\n<\/div><\/section><br \/>\n<section  class='av_textblock_section av-31jcro-1-c03e0cf8f3cb715b4d80af62a9758b0f '   itemscope=\"itemscope\" itemtype=\"https:\/\/schema.org\/CreativeWork\" ><div class='avia_textblock'  itemprop=\"text\" ><p><strong>Le cabinet d\u2019avocat de I. L. Andreopoulos se trouve <\/strong>sur la place principale de Parikia, la place Manto Mavrogenous. Il se situe au premier \u00e9tage du nouvel immeuble de bureaux, entre la station de police et Erkyna Travel.<\/p>\n<p><em>N.B.: Nous pr\u00e9f\u00e9rons \u00eatre contact\u00e9s par e-mail<\/em><\/p>\n<\/div><\/section><\/p><\/div><\/div><\/div><\/div><!-- close content main div --><\/div><\/div><div id='full_slider_1'  class='avia-fullwidth-slider main_color avia-shadow   avia-builder-el-9  el_after_av_section  avia-builder-el-last   slider-not-first container_wrap fullsize'  ><div  class='avia-slideshow av-lg99mjpo-c4493a620df13e276b7b762fbde55f39 avia-slideshow-no scaling av_slideshow_full avia-slide-slider av-slideshow-ui av-control-default av-slideshow-autoplay av-loop-endless av-loop-manual-endless av-default-height-applied   avia-slideshow-1' data-slideshow-options=\"{&quot;animation&quot;:&quot;slide&quot;,&quot;autoplay&quot;:true,&quot;loop_autoplay&quot;:&quot;endless&quot;,&quot;interval&quot;:5,&quot;loop_manual&quot;:&quot;manual-endless&quot;,&quot;autoplay_stopper&quot;:false,&quot;noNavigation&quot;:false,&quot;bg_slider&quot;:false,&quot;keep_padding&quot;:false,&quot;hoverpause&quot;:false,&quot;show_slide_delay&quot;:0}\"  itemprop=\"image\" itemscope=\"itemscope\" itemtype=\"https:\/\/schema.org\/ImageObject\" ><ul class='avia-slideshow-inner ' style='padding-bottom: 31.052631578947%;'><li  class='avia-slideshow-slide av-lg99mjpo-c4493a620df13e276b7b762fbde55f39__0  slide-1 slide-odd'><div data-rel='slideshow-1' class='avia-slide-wrap '   ><img decoding=\"async\" fetchpriority=\"high\" class=\"wp-image-1774 avia-img-lazy-loading-not-1774\"  src=\"https:\/\/www.paroslawyers.com\/wp-content\/uploads\/2023\/04\/platia-mando-mavrogenous.jpg\" width=\"1900\" height=\"590\" title='platia-mando-mavrogenous' alt=''  itemprop=\"thumbnailUrl\" srcset=\"https:\/\/www.paroslawyers.com\/wp-content\/uploads\/2023\/04\/platia-mando-mavrogenous.jpg 1900w, https:\/\/www.paroslawyers.com\/wp-content\/uploads\/2023\/04\/platia-mando-mavrogenous-300x93.jpg 300w, https:\/\/www.paroslawyers.com\/wp-content\/uploads\/2023\/04\/platia-mando-mavrogenous-1030x320.jpg 1030w, https:\/\/www.paroslawyers.com\/wp-content\/uploads\/2023\/04\/platia-mando-mavrogenous-768x238.jpg 768w, https:\/\/www.paroslawyers.com\/wp-content\/uploads\/2023\/04\/platia-mando-mavrogenous-1536x477.jpg 1536w, https:\/\/www.paroslawyers.com\/wp-content\/uploads\/2023\/04\/platia-mando-mavrogenous-1500x466.jpg 1500w, https:\/\/www.paroslawyers.com\/wp-content\/uploads\/2023\/04\/platia-mando-mavrogenous-705x219.jpg 705w\" sizes=\"(max-width: 1900px) 100vw, 1900px\" \/><\/div><\/li><li  class='avia-slideshow-slide av-lg99mjpo-c4493a620df13e276b7b762fbde55f39__1  slide-2 slide-even'><div data-rel='slideshow-1' class='avia-slide-wrap '   ><img decoding=\"async\" fetchpriority=\"high\" class=\"wp-image-1770 avia-img-lazy-loading-not-1770\"  src=\"https:\/\/www.paroslawyers.com\/wp-content\/uploads\/2023\/04\/platia-mando-mavroenous.jpg\" width=\"1900\" height=\"590\" title='platia-mando-mavroenous' alt=''  itemprop=\"thumbnailUrl\" srcset=\"https:\/\/www.paroslawyers.com\/wp-content\/uploads\/2023\/04\/platia-mando-mavroenous.jpg 1900w, https:\/\/www.paroslawyers.com\/wp-content\/uploads\/2023\/04\/platia-mando-mavroenous-300x93.jpg 300w, https:\/\/www.paroslawyers.com\/wp-content\/uploads\/2023\/04\/platia-mando-mavroenous-1030x320.jpg 1030w, https:\/\/www.paroslawyers.com\/wp-content\/uploads\/2023\/04\/platia-mando-mavroenous-768x238.jpg 768w, https:\/\/www.paroslawyers.com\/wp-content\/uploads\/2023\/04\/platia-mando-mavroenous-1536x477.jpg 1536w, https:\/\/www.paroslawyers.com\/wp-content\/uploads\/2023\/04\/platia-mando-mavroenous-1500x466.jpg 1500w, https:\/\/www.paroslawyers.com\/wp-content\/uploads\/2023\/04\/platia-mando-mavroenous-705x219.jpg 705w\" sizes=\"(max-width: 1900px) 100vw, 1900px\" \/><\/div><\/li><\/ul><div class='avia-slideshow-arrows avia-slideshow-controls' ><a href='#prev' class='prev-slide  avia-svg-icon avia-font-svg_entypo-fontello' data-av_svg_icon='left-open-big' data-av_iconset='svg_entypo-fontello' tabindex='-1' title=\"Pr\u00e9c\u00e9dent\"><svg version=\"1.1\" xmlns=\"http:\/\/www.w3.org\/2000\/svg\" width=\"15\" height=\"32\" viewBox=\"0 0 15 32\" preserveAspectRatio=\"xMidYMid meet\" aria-labelledby='av-svg-title-1' aria-describedby='av-svg-desc-1' role=\"graphics-symbol\" aria-hidden=\"true\">\n<title id='av-svg-title-1'>Pr\u00e9c\u00e9dent<\/title>\n<desc id='av-svg-desc-1'>Pr\u00e9c\u00e9dent<\/desc>\n<path d=\"M14.464 27.84q0.832 0.832 0 1.536-0.832 0.832-1.536 0l-12.544-12.608q-0.768-0.768 0-1.6l12.544-12.608q0.704-0.832 1.536 0 0.832 0.704 0 1.536l-11.456 11.904z\"><\/path>\n<\/svg><span class='avia_hidden_link_text'>Pr\u00e9c\u00e9dent<\/span><\/a><a href='#next' class='next-slide  avia-svg-icon avia-font-svg_entypo-fontello' data-av_svg_icon='right-open-big' data-av_iconset='svg_entypo-fontello' tabindex='-1' title=\"Suivant\"><svg version=\"1.1\" xmlns=\"http:\/\/www.w3.org\/2000\/svg\" width=\"15\" height=\"32\" viewBox=\"0 0 15 32\" preserveAspectRatio=\"xMidYMid meet\" aria-labelledby='av-svg-title-2' aria-describedby='av-svg-desc-2' role=\"graphics-symbol\" aria-hidden=\"true\">\n<title id='av-svg-title-2'>Suivant<\/title>\n<desc id='av-svg-desc-2'>Suivant<\/desc>\n<path d=\"M0.416 27.84l11.456-11.84-11.456-11.904q-0.832-0.832 0-1.536 0.832-0.832 1.536 0l12.544 12.608q0.768 0.832 0 1.6l-12.544 12.608q-0.704 0.832-1.536 0-0.832-0.704 0-1.536z\"><\/path>\n<\/svg><span class='avia_hidden_link_text'>Suivant<\/span><\/a><\/div><div class='avia-slideshow-dots avia-slideshow-controls'><a href='#1' class='goto-slide active' >1<\/a><a href='#2' class='goto-slide ' >2<\/a><\/div><\/div><\/div><\/p>\n","protected":false},"excerpt":{"rendered":"","protected":false},"author":1,"featured_media":1597,"parent":0,"menu_order":0,"comment_status":"open","ping_status":"closed","template":"","meta":{"footnotes":""},"class_list":["post-1174","page","type-page","status-publish","has-post-thumbnail","hentry"],"yoast_head":"<!-- This site is optimized with the Yoast SEO plugin v27.5 - https:\/\/yoast.com\/product\/yoast-seo-wordpress\/ -->\n<title>Entrer en contact - Avocats \u00e0 Paros<\/title>\n<meta name=\"robots\" content=\"index, follow, max-snippet:-1, max-image-preview:large, max-video-preview:-1\" \/>\n<link rel=\"canonical\" href=\"https:\/\/www.paroslawyers.com\/fr\/entrer-en-contact\/\" \/>\n<meta property=\"og:locale\" content=\"fr_FR\" \/>\n<meta property=\"og:type\" content=\"article\" \/>\n<meta property=\"og:title\" content=\"Entrer en contact - Avocats \u00e0 Paros\" \/>\n<meta property=\"og:url\" content=\"https:\/\/www.paroslawyers.com\/fr\/entrer-en-contact\/\" \/>\n<meta property=\"og:site_name\" content=\"Avocats \u00e0 Paros\" \/>\n<meta property=\"article:modified_time\" content=\"2026-01-05T17:25:52+00:00\" \/>\n<meta property=\"og:image\" content=\"https:\/\/www.paroslawyers.com\/wp-content\/uploads\/2023\/04\/Andreopoulos2023-23.jpg\" \/>\n\t<meta property=\"og:image:width\" content=\"1030\" \/>\n\t<meta property=\"og:image:height\" content=\"580\" \/>\n\t<meta property=\"og:image:type\" content=\"image\/jpeg\" \/>\n<meta name=\"twitter:card\" content=\"summary_large_image\" \/>\n<meta name=\"twitter:label1\" content=\"Dur\u00e9e de lecture estim\u00e9e\" \/>\n\t<meta name=\"twitter:data1\" content=\"7 minutes\" \/>\n<script type=\"application\/ld+json\" class=\"yoast-schema-graph\">{\"@context\":\"https:\\\/\\\/schema.org\",\"@graph\":[{\"@type\":\"WebPage\",\"@id\":\"https:\\\/\\\/www.paroslawyers.com\\\/fr\\\/entrer-en-contact\\\/\",\"url\":\"https:\\\/\\\/www.paroslawyers.com\\\/fr\\\/entrer-en-contact\\\/\",\"name\":\"Entrer en contact - Avocats \u00e0 Paros\",\"isPartOf\":{\"@id\":\"https:\\\/\\\/www.paroslawyers.com\\\/fr\\\/#website\"},\"primaryImageOfPage\":{\"@id\":\"https:\\\/\\\/www.paroslawyers.com\\\/fr\\\/entrer-en-contact\\\/#primaryimage\"},\"image\":{\"@id\":\"https:\\\/\\\/www.paroslawyers.com\\\/fr\\\/entrer-en-contact\\\/#primaryimage\"},\"thumbnailUrl\":\"https:\\\/\\\/www.paroslawyers.com\\\/wp-content\\\/uploads\\\/2023\\\/04\\\/Andreopoulos2023-23.jpg\",\"datePublished\":\"2019-09-17T10:13:07+00:00\",\"dateModified\":\"2026-01-05T17:25:52+00:00\",\"breadcrumb\":{\"@id\":\"https:\\\/\\\/www.paroslawyers.com\\\/fr\\\/entrer-en-contact\\\/#breadcrumb\"},\"inLanguage\":\"fr-FR\",\"potentialAction\":[{\"@type\":\"ReadAction\",\"target\":[\"https:\\\/\\\/www.paroslawyers.com\\\/fr\\\/entrer-en-contact\\\/\"]}]},{\"@type\":\"ImageObject\",\"inLanguage\":\"fr-FR\",\"@id\":\"https:\\\/\\\/www.paroslawyers.com\\\/fr\\\/entrer-en-contact\\\/#primaryimage\",\"url\":\"https:\\\/\\\/www.paroslawyers.com\\\/wp-content\\\/uploads\\\/2023\\\/04\\\/Andreopoulos2023-23.jpg\",\"contentUrl\":\"https:\\\/\\\/www.paroslawyers.com\\\/wp-content\\\/uploads\\\/2023\\\/04\\\/Andreopoulos2023-23.jpg\",\"width\":1030,\"height\":580,\"caption\":\"Lawyer Andreopoulos and associates\"},{\"@type\":\"BreadcrumbList\",\"@id\":\"https:\\\/\\\/www.paroslawyers.com\\\/fr\\\/entrer-en-contact\\\/#breadcrumb\",\"itemListElement\":[{\"@type\":\"ListItem\",\"position\":1,\"name\":\"Home\",\"item\":\"https:\\\/\\\/www.paroslawyers.com\\\/fr\\\/accueil\\\/\"},{\"@type\":\"ListItem\",\"position\":2,\"name\":\"Entrer en contact\"}]},{\"@type\":\"WebSite\",\"@id\":\"https:\\\/\\\/www.paroslawyers.com\\\/fr\\\/#website\",\"url\":\"https:\\\/\\\/www.paroslawyers.com\\\/fr\\\/\",\"name\":\"Avocats \u00e0 Paros\",\"description\":\"Avocat Ioannis Andreopoulos\",\"publisher\":{\"@id\":\"https:\\\/\\\/www.paroslawyers.com\\\/fr\\\/#organization\"},\"potentialAction\":[{\"@type\":\"SearchAction\",\"target\":{\"@type\":\"EntryPoint\",\"urlTemplate\":\"https:\\\/\\\/www.paroslawyers.com\\\/fr\\\/?s={search_term_string}\"},\"query-input\":{\"@type\":\"PropertyValueSpecification\",\"valueRequired\":true,\"valueName\":\"search_term_string\"}}],\"inLanguage\":\"fr-FR\"},{\"@type\":\"Organization\",\"@id\":\"https:\\\/\\\/www.paroslawyers.com\\\/fr\\\/#organization\",\"name\":\"Andreopoulos Law Office on Paros, Cyclades, Greece\",\"url\":\"https:\\\/\\\/www.paroslawyers.com\\\/fr\\\/\",\"logo\":{\"@type\":\"ImageObject\",\"inLanguage\":\"fr-FR\",\"@id\":\"https:\\\/\\\/www.paroslawyers.com\\\/fr\\\/#\\\/schema\\\/logo\\\/image\\\/\",\"url\":\"\",\"contentUrl\":\"\",\"caption\":\"Andreopoulos Law Office on Paros, Cyclades, Greece\"},\"image\":{\"@id\":\"https:\\\/\\\/www.paroslawyers.com\\\/fr\\\/#\\\/schema\\\/logo\\\/image\\\/\"}}]}<\/script>\n<!-- \/ Yoast SEO plugin. -->","yoast_head_json":{"title":"Entrer en contact - Avocats \u00e0 Paros","robots":{"index":"index","follow":"follow","max-snippet":"max-snippet:-1","max-image-preview":"max-image-preview:large","max-video-preview":"max-video-preview:-1"},"canonical":"https:\/\/www.paroslawyers.com\/fr\/entrer-en-contact\/","og_locale":"fr_FR","og_type":"article","og_title":"Entrer en contact - Avocats \u00e0 Paros","og_url":"https:\/\/www.paroslawyers.com\/fr\/entrer-en-contact\/","og_site_name":"Avocats \u00e0 Paros","article_modified_time":"2026-01-05T17:25:52+00:00","og_image":[{"width":1030,"height":580,"url":"https:\/\/www.paroslawyers.com\/wp-content\/uploads\/2023\/04\/Andreopoulos2023-23.jpg","type":"image\/jpeg"}],"twitter_card":"summary_large_image","twitter_misc":{"Dur\u00e9e de lecture estim\u00e9e":"7 minutes"},"schema":{"@context":"https:\/\/schema.org","@graph":[{"@type":"WebPage","@id":"https:\/\/www.paroslawyers.com\/fr\/entrer-en-contact\/","url":"https:\/\/www.paroslawyers.com\/fr\/entrer-en-contact\/","name":"Entrer en contact - Avocats \u00e0 Paros","isPartOf":{"@id":"https:\/\/www.paroslawyers.com\/fr\/#website"},"primaryImageOfPage":{"@id":"https:\/\/www.paroslawyers.com\/fr\/entrer-en-contact\/#primaryimage"},"image":{"@id":"https:\/\/www.paroslawyers.com\/fr\/entrer-en-contact\/#primaryimage"},"thumbnailUrl":"https:\/\/www.paroslawyers.com\/wp-content\/uploads\/2023\/04\/Andreopoulos2023-23.jpg","datePublished":"2019-09-17T10:13:07+00:00","dateModified":"2026-01-05T17:25:52+00:00","breadcrumb":{"@id":"https:\/\/www.paroslawyers.com\/fr\/entrer-en-contact\/#breadcrumb"},"inLanguage":"fr-FR","potentialAction":[{"@type":"ReadAction","target":["https:\/\/www.paroslawyers.com\/fr\/entrer-en-contact\/"]}]},{"@type":"ImageObject","inLanguage":"fr-FR","@id":"https:\/\/www.paroslawyers.com\/fr\/entrer-en-contact\/#primaryimage","url":"https:\/\/www.paroslawyers.com\/wp-content\/uploads\/2023\/04\/Andreopoulos2023-23.jpg","contentUrl":"https:\/\/www.paroslawyers.com\/wp-content\/uploads\/2023\/04\/Andreopoulos2023-23.jpg","width":1030,"height":580,"caption":"Lawyer Andreopoulos and associates"},{"@type":"BreadcrumbList","@id":"https:\/\/www.paroslawyers.com\/fr\/entrer-en-contact\/#breadcrumb","itemListElement":[{"@type":"ListItem","position":1,"name":"Home","item":"https:\/\/www.paroslawyers.com\/fr\/accueil\/"},{"@type":"ListItem","position":2,"name":"Entrer en contact"}]},{"@type":"WebSite","@id":"https:\/\/www.paroslawyers.com\/fr\/#website","url":"https:\/\/www.paroslawyers.com\/fr\/","name":"Avocats \u00e0 Paros","description":"Avocat Ioannis Andreopoulos","publisher":{"@id":"https:\/\/www.paroslawyers.com\/fr\/#organization"},"potentialAction":[{"@type":"SearchAction","target":{"@type":"EntryPoint","urlTemplate":"https:\/\/www.paroslawyers.com\/fr\/?s={search_term_string}"},"query-input":{"@type":"PropertyValueSpecification","valueRequired":true,"valueName":"search_term_string"}}],"inLanguage":"fr-FR"},{"@type":"Organization","@id":"https:\/\/www.paroslawyers.com\/fr\/#organization","name":"Andreopoulos Law Office on Paros, Cyclades, Greece","url":"https:\/\/www.paroslawyers.com\/fr\/","logo":{"@type":"ImageObject","inLanguage":"fr-FR","@id":"https:\/\/www.paroslawyers.com\/fr\/#\/schema\/logo\/image\/","url":"","contentUrl":"","caption":"Andreopoulos Law Office on Paros, Cyclades, Greece"},"image":{"@id":"https:\/\/www.paroslawyers.com\/fr\/#\/schema\/logo\/image\/"}}]}},"_links":{"self":[{"href":"https:\/\/www.paroslawyers.com\/fr\/wp-json\/wp\/v2\/pages\/1174","targetHints":{"allow":["GET"]}}],"collection":[{"href":"https:\/\/www.paroslawyers.com\/fr\/wp-json\/wp\/v2\/pages"}],"about":[{"href":"https:\/\/www.paroslawyers.com\/fr\/wp-json\/wp\/v2\/types\/page"}],"author":[{"embeddable":true,"href":"https:\/\/www.paroslawyers.com\/fr\/wp-json\/wp\/v2\/users\/1"}],"replies":[{"embeddable":true,"href":"https:\/\/www.paroslawyers.com\/fr\/wp-json\/wp\/v2\/comments?post=1174"}],"version-history":[{"count":44,"href":"https:\/\/www.paroslawyers.com\/fr\/wp-json\/wp\/v2\/pages\/1174\/revisions"}],"predecessor-version":[{"id":2392,"href":"https:\/\/www.paroslawyers.com\/fr\/wp-json\/wp\/v2\/pages\/1174\/revisions\/2392"}],"wp:featuredmedia":[{"embeddable":true,"href":"https:\/\/www.paroslawyers.com\/fr\/wp-json\/wp\/v2\/media\/1597"}],"wp:attachment":[{"href":"https:\/\/www.paroslawyers.com\/fr\/wp-json\/wp\/v2\/media?parent=1174"}],"curies":[{"name":"wp","href":"https:\/\/api.w.org\/{rel}","templated":true}]}}