{"id":1258,"date":"2019-09-17T18:43:46","date_gmt":"2019-09-17T15:43:46","guid":{"rendered":"https:\/\/paroslawyers.com\/immobilien\/"},"modified":"2025-03-24T16:47:04","modified_gmt":"2025-03-24T14:47:04","slug":"immobilien","status":"publish","type":"page","link":"https:\/\/www.paroslawyers.com\/de\/immobilien\/","title":{"rendered":"Paros Immobilien"},"content":{"rendered":"\n<style type=\"text\/css\" data-created_by=\"avia_inline_auto\" id=\"style-css-av-145nae-e0ebacc35cd22c086e71f8cc5b117d65\">\n.avia-section.av-145nae-e0ebacc35cd22c086e71f8cc5b117d65{\nbackground-repeat:no-repeat;\nbackground-image:url(https:\/\/www.paroslawyers.com\/wp-content\/uploads\/2019\/09\/real-estate-h1.jpg);\nbackground-position:50% 50%;\nbackground-attachment:scroll;\n}\n.avia-section.av-145nae-e0ebacc35cd22c086e71f8cc5b117d65 .av-section-color-overlay{\nopacity:0.6;\nbackground-color:#a39370;\n}\n<\/style>\n<div id='av_section_1'  class='avia-section av-145nae-e0ebacc35cd22c086e71f8cc5b117d65 main_color avia-section-default avia-no-border-styling  avia-builder-el-0  el_before_av_section  avia-builder-el-first  avia-full-stretch avia-bg-style-scroll av-section-color-overlay-active av-minimum-height av-minimum-height-custom av-height-custom  container_wrap fullsize'  data-section-bg-repeat='stretch' data-av_minimum_height_px='230'><div class=\"av-section-color-overlay-wrap\"><div class=\"av-section-color-overlay\"><\/div><div class='container av-section-cont-open' style='height:230px'><main  role=\"main\" itemprop=\"mainContentOfPage\"  class='template-page content  av-content-full alpha units'><div class='post-entry post-entry-type-page post-entry-1258'><div class='entry-content-wrapper clearfix'>\n\n<style type=\"text\/css\" data-created_by=\"avia_inline_auto\" id=\"style-css-av-jgf3pjem-ee2a691ebc0a9a100bc99d372a9c72ca\">\n#top .flex_column.av-jgf3pjem-ee2a691ebc0a9a100bc99d372a9c72ca{\nmargin-top:0px;\nmargin-bottom:0px;\n}\n.flex_column.av-jgf3pjem-ee2a691ebc0a9a100bc99d372a9c72ca{\nborder-radius:0px 0px 0px 0px;\npadding:0px 0px 0px 0px;\n}\n.responsive #top #wrap_all .flex_column.av-jgf3pjem-ee2a691ebc0a9a100bc99d372a9c72ca{\nmargin-top:0px;\nmargin-bottom:0px;\n}\n<\/style>\n<div  class='flex_column av-jgf3pjem-ee2a691ebc0a9a100bc99d372a9c72ca av_one_full  avia-builder-el-1  avia-builder-el-no-sibling  first flex_column_div av-animated-generic left-to-right av-zero-column-padding  '     ><style type=\"text\/css\" data-created_by=\"avia_inline_auto\" id=\"style-css-av-k0l6tc7r-895481777febbdabe769a5cf80560839\">\n#top .av-special-heading.av-k0l6tc7r-895481777febbdabe769a5cf80560839{\nmargin:0 0 0 0;\npadding-bottom:0;\ncolor:#ffffff;\nfont-size:4vw;\n}\nbody .av-special-heading.av-k0l6tc7r-895481777febbdabe769a5cf80560839 .av-special-heading-tag .heading-char{\nfont-size:25px;\n}\n#top #wrap_all .av-special-heading.av-k0l6tc7r-895481777febbdabe769a5cf80560839 .av-special-heading-tag{\nfont-size:4vw;\n}\n.av-special-heading.av-k0l6tc7r-895481777febbdabe769a5cf80560839 .special-heading-inner-border{\nborder-color:#ffffff;\n}\n.av-special-heading.av-k0l6tc7r-895481777febbdabe769a5cf80560839 .av-subheading{\nfont-size:25px;\n}\n\n@media only screen and (min-width: 480px) and (max-width: 767px){ \n#top #wrap_all .av-special-heading.av-k0l6tc7r-895481777febbdabe769a5cf80560839 .av-special-heading-tag{\nfont-size:0.8em;\n}\n}\n\n@media only screen and (max-width: 479px){ \n#top #wrap_all .av-special-heading.av-k0l6tc7r-895481777febbdabe769a5cf80560839 .av-special-heading-tag{\nfont-size:0.8em;\n}\n}\n<\/style>\n<div  class='av-special-heading av-k0l6tc7r-895481777febbdabe769a5cf80560839 av-special-heading-h2 custom-color-heading blockquote modern-quote modern-centered  avia-builder-el-2  avia-builder-el-no-sibling  av-inherit-size'><h2 class='av-special-heading-tag '  itemprop=\"headline\"  >Immobilien<\/h2><div class=\"special-heading-border\"><div class=\"special-heading-inner-border\"><\/div><\/div><\/div><\/div>\n\n<\/div><\/div><\/main><!-- close content main element --><\/div><\/div><\/div><div id='av_section_2'  class='avia-section av-qet8u-83147d0d40d9d249d4aacaaedd222aa0 main_color avia-section-huge avia-no-border-styling  avia-builder-el-3  el_after_av_section  avia-builder-el-last  avia-bg-style-scroll container_wrap fullsize'  ><div class='container av-section-cont-open' ><div class='template-page content  av-content-full alpha units'><div class='post-entry post-entry-type-page post-entry-1258'><div class='entry-content-wrapper clearfix'>\n\n<style type=\"text\/css\" data-created_by=\"avia_inline_auto\" id=\"style-css-av-9wkhy-5a7b8f1de5feaad957d748638c881472\">\n#top .flex_column.av-9wkhy-5a7b8f1de5feaad957d748638c881472{\nmargin-top:0px;\nmargin-bottom:0px;\n}\n.flex_column.av-9wkhy-5a7b8f1de5feaad957d748638c881472{\nborder-radius:3px 3px 3px 3px;\npadding:0px 0px 0px 0px;\n}\n.responsive #top #wrap_all .flex_column.av-9wkhy-5a7b8f1de5feaad957d748638c881472{\nmargin-top:0px;\nmargin-bottom:0px;\n}\n<\/style>\n<div  class='flex_column av-9wkhy-5a7b8f1de5feaad957d748638c881472 av_one_half  avia-builder-el-4  el_before_av_one_half  avia-builder-el-first  first flex_column_div av-animated-generic left-to-right av-zero-column-padding  '     ><p>\n<style type=\"text\/css\" data-created_by=\"avia_inline_auto\" id=\"style-css-av-gpgq6-e3b5a1cf90d9db95a292898aaa23192a\">\n#top .av-special-heading.av-gpgq6-e3b5a1cf90d9db95a292898aaa23192a{\nmargin:15px 0 0 0;\npadding-bottom:10px;\n}\nbody .av-special-heading.av-gpgq6-e3b5a1cf90d9db95a292898aaa23192a .av-special-heading-tag .heading-char{\nfont-size:25px;\n}\n.av-special-heading.av-gpgq6-e3b5a1cf90d9db95a292898aaa23192a .av-subheading{\nfont-size:15px;\n}\n<\/style>\n<div  class='av-special-heading av-gpgq6-e3b5a1cf90d9db95a292898aaa23192a av-special-heading-h2 blockquote modern-quote  avia-builder-el-5  el_before_av_textblock  avia-builder-el-first '><h2 class='av-special-heading-tag '  itemprop=\"headline\"  >Unsere Dienstleistungen im \u00dcberblick&#8230;<\/h2><div class=\"special-heading-border\"><div class=\"special-heading-inner-border\"><\/div><\/div><\/div><br \/>\n<section  class='av_textblock_section av-jgds8wgh-98f7d71b48cc96a1eb9310d959c83d0b '   itemscope=\"itemscope\" itemtype=\"https:\/\/schema.org\/CreativeWork\" ><div class='avia_textblock'  itemprop=\"text\" ><blockquote>\n<p>Unser B\u00fcro bietet Ihnen alle notwendigen rechtlichen Informationen beim Kauf von Immobilien auf der Insel Paros, auf den Kykladen und in ganz Griechenland.<\/p>\n<\/blockquote>\n<\/div><\/section><br \/>\n<div  class='avia-slideshow av-k0l77y2o-a6765ae8240f24e0527fd70216bdded0 avia-slideshow-no scaling av_slideshow avia-slide-slider  avia-builder-el-7  el_after_av_textblock  avia-builder-el-last  av-slideshow-ui av-control-default av-slideshow-autoplay av-loop-endless av-loop-manual-endless av-default-height-applied avia-slideshow-1' data-slideshow-options=\"{&quot;animation&quot;:&quot;slide&quot;,&quot;autoplay&quot;:true,&quot;loop_autoplay&quot;:&quot;endless&quot;,&quot;interval&quot;:5,&quot;loop_manual&quot;:&quot;manual-endless&quot;,&quot;autoplay_stopper&quot;:false,&quot;noNavigation&quot;:false,&quot;bg_slider&quot;:false,&quot;keep_padding&quot;:false,&quot;hoverpause&quot;:false,&quot;show_slide_delay&quot;:0}\"  itemprop=\"image\" itemscope=\"itemscope\" itemtype=\"https:\/\/schema.org\/ImageObject\" ><ul class='avia-slideshow-inner ' style='padding-bottom: 75%;'><li  class='avia-slideshow-slide av-k0l77y2o-a6765ae8240f24e0527fd70216bdded0__0  slide-1 slide-odd'><div data-rel='slideshow-1' class='avia-slide-wrap '   ><img decoding=\"async\" fetchpriority=\"high\" class=\"wp-image-1090 avia-img-lazy-loading-not-1090\"  src=\"https:\/\/www.paroslawyers.com\/wp-content\/uploads\/2019\/09\/paros-real-estate-1.jpg\" width=\"1500\" height=\"1125\" title='Paros Immobilien Rechtsberatung' alt='Paros Immobilien Rechtsberatung'  itemprop=\"thumbnailUrl\" srcset=\"https:\/\/www.paroslawyers.com\/wp-content\/uploads\/2019\/09\/paros-real-estate-1.jpg 1500w, https:\/\/www.paroslawyers.com\/wp-content\/uploads\/2019\/09\/paros-real-estate-1-300x225.jpg 300w, https:\/\/www.paroslawyers.com\/wp-content\/uploads\/2019\/09\/paros-real-estate-1-768x576.jpg 768w, https:\/\/www.paroslawyers.com\/wp-content\/uploads\/2019\/09\/paros-real-estate-1-1030x773.jpg 1030w, https:\/\/www.paroslawyers.com\/wp-content\/uploads\/2019\/09\/paros-real-estate-1-705x529.jpg 705w, https:\/\/www.paroslawyers.com\/wp-content\/uploads\/2019\/09\/paros-real-estate-1-450x338.jpg 450w\" sizes=\"(max-width: 1500px) 100vw, 1500px\" \/><\/div><\/li><li  class='avia-slideshow-slide av-k0l77y2o-a6765ae8240f24e0527fd70216bdded0__1  slide-2 slide-even'><div data-rel='slideshow-1' class='avia-slide-wrap '   ><img decoding=\"async\" fetchpriority=\"high\" class=\"wp-image-1094 avia-img-lazy-loading-not-1094\"  src=\"https:\/\/www.paroslawyers.com\/wp-content\/uploads\/2019\/09\/paros-real-estate-3.jpg\" width=\"1500\" height=\"1125\" title='Paros Immobilien Rechtsberatung' alt='Paros Immobilien Rechtsberatung'  itemprop=\"thumbnailUrl\" srcset=\"https:\/\/www.paroslawyers.com\/wp-content\/uploads\/2019\/09\/paros-real-estate-3.jpg 1500w, https:\/\/www.paroslawyers.com\/wp-content\/uploads\/2019\/09\/paros-real-estate-3-300x225.jpg 300w, https:\/\/www.paroslawyers.com\/wp-content\/uploads\/2019\/09\/paros-real-estate-3-768x576.jpg 768w, https:\/\/www.paroslawyers.com\/wp-content\/uploads\/2019\/09\/paros-real-estate-3-1030x773.jpg 1030w, https:\/\/www.paroslawyers.com\/wp-content\/uploads\/2019\/09\/paros-real-estate-3-705x529.jpg 705w, https:\/\/www.paroslawyers.com\/wp-content\/uploads\/2019\/09\/paros-real-estate-3-450x338.jpg 450w\" sizes=\"(max-width: 1500px) 100vw, 1500px\" \/><\/div><\/li><li  class='avia-slideshow-slide av-k0l77y2o-a6765ae8240f24e0527fd70216bdded0__2  slide-3 slide-odd'><div data-rel='slideshow-1' class='avia-slide-wrap '   ><img decoding=\"async\" fetchpriority=\"high\" class=\"wp-image-1092 avia-img-lazy-loading-not-1092\"  src=\"https:\/\/www.paroslawyers.com\/wp-content\/uploads\/2019\/09\/paros-real-estate-2.jpg\" width=\"1125\" height=\"1500\" title='Paros Immobilien Rechtsberatung' alt='Paros Immobilien Rechtsberatung'  itemprop=\"thumbnailUrl\" srcset=\"https:\/\/www.paroslawyers.com\/wp-content\/uploads\/2019\/09\/paros-real-estate-2.jpg 1125w, https:\/\/www.paroslawyers.com\/wp-content\/uploads\/2019\/09\/paros-real-estate-2-225x300.jpg 225w, https:\/\/www.paroslawyers.com\/wp-content\/uploads\/2019\/09\/paros-real-estate-2-768x1024.jpg 768w, https:\/\/www.paroslawyers.com\/wp-content\/uploads\/2019\/09\/paros-real-estate-2-773x1030.jpg 773w, https:\/\/www.paroslawyers.com\/wp-content\/uploads\/2019\/09\/paros-real-estate-2-529x705.jpg 529w, https:\/\/www.paroslawyers.com\/wp-content\/uploads\/2019\/09\/paros-real-estate-2-450x600.jpg 450w\" sizes=\"(max-width: 1125px) 100vw, 1125px\" \/><\/div><\/li><\/ul><div class='avia-slideshow-arrows avia-slideshow-controls' ><a href='#prev' class='prev-slide  avia-svg-icon avia-font-svg_entypo-fontello' data-av_svg_icon='left-open-big' data-av_iconset='svg_entypo-fontello' tabindex='-1' title=\"Zur\u00fcck\"><svg version=\"1.1\" xmlns=\"http:\/\/www.w3.org\/2000\/svg\" width=\"15\" height=\"32\" viewBox=\"0 0 15 32\" preserveAspectRatio=\"xMidYMid meet\" aria-labelledby='av-svg-title-1' aria-describedby='av-svg-desc-1' role=\"graphics-symbol\" aria-hidden=\"true\">\n<title id='av-svg-title-1'>Zur\u00fcck<\/title>\n<desc id='av-svg-desc-1'>Zur\u00fcck<\/desc>\n<path d=\"M14.464 27.84q0.832 0.832 0 1.536-0.832 0.832-1.536 0l-12.544-12.608q-0.768-0.768 0-1.6l12.544-12.608q0.704-0.832 1.536 0 0.832 0.704 0 1.536l-11.456 11.904z\"><\/path>\n<\/svg><span class='avia_hidden_link_text'>Zur\u00fcck<\/span><\/a><a href='#next' class='next-slide  avia-svg-icon avia-font-svg_entypo-fontello' data-av_svg_icon='right-open-big' data-av_iconset='svg_entypo-fontello' tabindex='-1' title=\"Weiter\"><svg version=\"1.1\" xmlns=\"http:\/\/www.w3.org\/2000\/svg\" width=\"15\" height=\"32\" viewBox=\"0 0 15 32\" preserveAspectRatio=\"xMidYMid meet\" aria-labelledby='av-svg-title-2' aria-describedby='av-svg-desc-2' role=\"graphics-symbol\" aria-hidden=\"true\">\n<title id='av-svg-title-2'>Weiter<\/title>\n<desc id='av-svg-desc-2'>Weiter<\/desc>\n<path d=\"M0.416 27.84l11.456-11.84-11.456-11.904q-0.832-0.832 0-1.536 0.832-0.832 1.536 0l12.544 12.608q0.768 0.832 0 1.6l-12.544 12.608q-0.704 0.832-1.536 0-0.832-0.704 0-1.536z\"><\/path>\n<\/svg><span class='avia_hidden_link_text'>Weiter<\/span><\/a><\/div><div class='avia-slideshow-dots avia-slideshow-controls'><a href='#1' class='goto-slide active' >1<\/a><a href='#2' class='goto-slide ' >2<\/a><a href='#3' class='goto-slide ' >3<\/a><\/div><\/div><\/p><\/div>\n<style type=\"text\/css\" data-created_by=\"avia_inline_auto\" id=\"style-css-av-9wkhy-2-13f06b854a7eb6a0034025c278b8c272\">\n#top .flex_column.av-9wkhy-2-13f06b854a7eb6a0034025c278b8c272{\nmargin-top:0px;\nmargin-bottom:0px;\n}\n.flex_column.av-9wkhy-2-13f06b854a7eb6a0034025c278b8c272{\nborder-radius:3px 3px 3px 3px;\npadding:0px 0px 0px 0px;\n}\n.responsive #top #wrap_all .flex_column.av-9wkhy-2-13f06b854a7eb6a0034025c278b8c272{\nmargin-top:0px;\nmargin-bottom:0px;\n}\n<\/style>\n<div  class='flex_column av-9wkhy-2-13f06b854a7eb6a0034025c278b8c272 av_one_half  avia-builder-el-8  el_after_av_one_half  avia-builder-el-last  flex_column_div av-animated-generic left-to-right av-zero-column-padding  '     ><p>\n<style type=\"text\/css\" data-created_by=\"avia_inline_auto\" id=\"style-css-av-bi6fy-4ac86312cfe919ca4d78744f6c621ea3\">\n#top .av-special-heading.av-bi6fy-4ac86312cfe919ca4d78744f6c621ea3{\nmargin:15px 0 0 0;\npadding-bottom:10px;\n}\nbody .av-special-heading.av-bi6fy-4ac86312cfe919ca4d78744f6c621ea3 .av-special-heading-tag .heading-char{\nfont-size:25px;\n}\n.av-special-heading.av-bi6fy-4ac86312cfe919ca4d78744f6c621ea3 .av-subheading{\nfont-size:15px;\n}\n<\/style>\n<div  class='av-special-heading av-bi6fy-4ac86312cfe919ca4d78744f6c621ea3 av-special-heading-h2 blockquote modern-quote  avia-builder-el-9  el_before_av_textblock  avia-builder-el-first '><h2 class='av-special-heading-tag '  itemprop=\"headline\"  >Und im Detail&#8230;<\/h2><div class=\"special-heading-border\"><div class=\"special-heading-inner-border\"><\/div><\/div><\/div><br \/>\n<section  class='av_textblock_section av-jgds8wgh-1-b5732cd11954e3e7ca583b29248743f7 '   itemscope=\"itemscope\" itemtype=\"https:\/\/schema.org\/CreativeWork\" ><div class='avia_textblock'  itemprop=\"text\" ><p>Wir erkl\u00e4ren Ihnen das Grundbuchamt oder das Hypotheken-System, das derzeit geltende Recht vor dem Eintritt in Verhandlungen, den Baubeschr\u00e4nkungen und alle Schritte f\u00fcr den sicheren Erwerb von Immobilien auf der Insel.<\/p>\n<p>Diese Schritte umfassen:<\/p>\n<ul>\n<li>Rechtsanwaltsvollmachten<\/li>\n<li>Anwendung und Erwerb einer griechischen <span class=\"caps\">Umsatzsteuer-Identifikationsnummer<\/span> (\u0391.\u03a6.\u039c)<\/li>\n<li>rechtliche Recherche beim Grundbuchamt, um sicherzustellen, dass die Immobilie unbelastet und frei von Forderungen ist<\/li>\n<li>Vorvertrag<\/li>\n<li>Er\u00f6ffnung von Bankkonten und \u00dcberweisung von Geld durch sichere Bankverfahren<\/li>\n<li>Bewertung der Grunderwerbsteuer<\/li>\n<li>notarielle Beurkundung einer Kaufurkunde<\/li>\n<li>Eintragung der \u00dcbertragung beim Hypothekenregister<\/li>\n<\/ul>\n<p>Wir arbeiten best\u00e4ndig mit unserem Team von Steuerberatern, Ingenieuren, Notaren und Versicherungen um das Beste f\u00fcr Ihre Anspr\u00fcche zu erreichen.<\/p>\n<\/div><\/section><\/p><\/div>\n","protected":false},"excerpt":{"rendered":"","protected":false},"author":1,"featured_media":0,"parent":0,"menu_order":0,"comment_status":"closed","ping_status":"closed","template":"","meta":{"footnotes":""},"class_list":["post-1258","page","type-page","status-publish","hentry"],"yoast_head":"<!-- This site is optimized with the Yoast SEO plugin v27.4 - https:\/\/yoast.com\/product\/yoast-seo-wordpress\/ -->\n<title>Paros Immobilien - Paros Rechtsanw\u00e4lte<\/title>\n<meta name=\"robots\" content=\"index, follow, max-snippet:-1, max-image-preview:large, max-video-preview:-1\" \/>\n<link rel=\"canonical\" href=\"https:\/\/www.paroslawyers.com\/de\/immobilien\/\" \/>\n<meta property=\"og:locale\" content=\"de_DE\" \/>\n<meta property=\"og:type\" content=\"article\" \/>\n<meta property=\"og:title\" content=\"Paros Immobilien - Paros Rechtsanw\u00e4lte\" \/>\n<meta property=\"og:url\" content=\"https:\/\/www.paroslawyers.com\/de\/immobilien\/\" \/>\n<meta property=\"og:site_name\" content=\"Paros Rechtsanw\u00e4lte\" \/>\n<meta property=\"article:modified_time\" content=\"2025-03-24T14:47:04+00:00\" \/>\n<meta property=\"og:image\" content=\"https:\/\/www.paroslawyers.com\/wp-content\/uploads\/2019\/09\/paros-lawyers-andreopoulos.jpg\" \/>\n\t<meta property=\"og:image:width\" content=\"1200\" \/>\n\t<meta property=\"og:image:height\" content=\"630\" \/>\n\t<meta property=\"og:image:type\" content=\"image\/jpeg\" \/>\n<meta name=\"twitter:card\" content=\"summary_large_image\" \/>\n<meta name=\"twitter:label1\" content=\"Gesch\u00e4tzte Lesezeit\" \/>\n\t<meta name=\"twitter:data1\" content=\"2\u00a0Minuten\" \/>\n<script type=\"application\/ld+json\" class=\"yoast-schema-graph\">{\"@context\":\"https:\\\/\\\/schema.org\",\"@graph\":[{\"@type\":\"WebPage\",\"@id\":\"https:\\\/\\\/www.paroslawyers.com\\\/de\\\/immobilien\\\/\",\"url\":\"https:\\\/\\\/www.paroslawyers.com\\\/de\\\/immobilien\\\/\",\"name\":\"Paros Immobilien - Paros Rechtsanw\u00e4lte\",\"isPartOf\":{\"@id\":\"https:\\\/\\\/www.paroslawyers.com\\\/de\\\/#website\"},\"datePublished\":\"2019-09-17T15:43:46+00:00\",\"dateModified\":\"2025-03-24T14:47:04+00:00\",\"breadcrumb\":{\"@id\":\"https:\\\/\\\/www.paroslawyers.com\\\/de\\\/immobilien\\\/#breadcrumb\"},\"inLanguage\":\"de\",\"potentialAction\":[{\"@type\":\"ReadAction\",\"target\":[\"https:\\\/\\\/www.paroslawyers.com\\\/de\\\/immobilien\\\/\"]}]},{\"@type\":\"BreadcrumbList\",\"@id\":\"https:\\\/\\\/www.paroslawyers.com\\\/de\\\/immobilien\\\/#breadcrumb\",\"itemListElement\":[{\"@type\":\"ListItem\",\"position\":1,\"name\":\"Home\",\"item\":\"https:\\\/\\\/www.paroslawyers.com\\\/de\\\/home\\\/\"},{\"@type\":\"ListItem\",\"position\":2,\"name\":\"Paros Immobilien\"}]},{\"@type\":\"WebSite\",\"@id\":\"https:\\\/\\\/www.paroslawyers.com\\\/de\\\/#website\",\"url\":\"https:\\\/\\\/www.paroslawyers.com\\\/de\\\/\",\"name\":\"Paros Rechtsanw\u00e4lte\",\"description\":\"Rechtsanwalt Ioannis (Jannis) Andreopoulos\",\"publisher\":{\"@id\":\"https:\\\/\\\/www.paroslawyers.com\\\/de\\\/#organization\"},\"potentialAction\":[{\"@type\":\"SearchAction\",\"target\":{\"@type\":\"EntryPoint\",\"urlTemplate\":\"https:\\\/\\\/www.paroslawyers.com\\\/de\\\/?s={search_term_string}\"},\"query-input\":{\"@type\":\"PropertyValueSpecification\",\"valueRequired\":true,\"valueName\":\"search_term_string\"}}],\"inLanguage\":\"de\"},{\"@type\":\"Organization\",\"@id\":\"https:\\\/\\\/www.paroslawyers.com\\\/de\\\/#organization\",\"name\":\"Andreopoulos Law Office on Paros, Cyclades, Greece\",\"url\":\"https:\\\/\\\/www.paroslawyers.com\\\/de\\\/\",\"logo\":{\"@type\":\"ImageObject\",\"inLanguage\":\"de\",\"@id\":\"https:\\\/\\\/www.paroslawyers.com\\\/de\\\/#\\\/schema\\\/logo\\\/image\\\/\",\"url\":\"\",\"contentUrl\":\"\",\"caption\":\"Andreopoulos Law Office on Paros, Cyclades, Greece\"},\"image\":{\"@id\":\"https:\\\/\\\/www.paroslawyers.com\\\/de\\\/#\\\/schema\\\/logo\\\/image\\\/\"}}]}<\/script>\n<!-- \/ Yoast SEO plugin. -->","yoast_head_json":{"title":"Paros Immobilien - Paros Rechtsanw\u00e4lte","robots":{"index":"index","follow":"follow","max-snippet":"max-snippet:-1","max-image-preview":"max-image-preview:large","max-video-preview":"max-video-preview:-1"},"canonical":"https:\/\/www.paroslawyers.com\/de\/immobilien\/","og_locale":"de_DE","og_type":"article","og_title":"Paros Immobilien - Paros Rechtsanw\u00e4lte","og_url":"https:\/\/www.paroslawyers.com\/de\/immobilien\/","og_site_name":"Paros Rechtsanw\u00e4lte","article_modified_time":"2025-03-24T14:47:04+00:00","og_image":[{"width":1200,"height":630,"url":"https:\/\/www.paroslawyers.com\/wp-content\/uploads\/2019\/09\/paros-lawyers-andreopoulos.jpg","type":"image\/jpeg"}],"twitter_card":"summary_large_image","twitter_misc":{"Gesch\u00e4tzte Lesezeit":"2\u00a0Minuten"},"schema":{"@context":"https:\/\/schema.org","@graph":[{"@type":"WebPage","@id":"https:\/\/www.paroslawyers.com\/de\/immobilien\/","url":"https:\/\/www.paroslawyers.com\/de\/immobilien\/","name":"Paros Immobilien - Paros Rechtsanw\u00e4lte","isPartOf":{"@id":"https:\/\/www.paroslawyers.com\/de\/#website"},"datePublished":"2019-09-17T15:43:46+00:00","dateModified":"2025-03-24T14:47:04+00:00","breadcrumb":{"@id":"https:\/\/www.paroslawyers.com\/de\/immobilien\/#breadcrumb"},"inLanguage":"de","potentialAction":[{"@type":"ReadAction","target":["https:\/\/www.paroslawyers.com\/de\/immobilien\/"]}]},{"@type":"BreadcrumbList","@id":"https:\/\/www.paroslawyers.com\/de\/immobilien\/#breadcrumb","itemListElement":[{"@type":"ListItem","position":1,"name":"Home","item":"https:\/\/www.paroslawyers.com\/de\/home\/"},{"@type":"ListItem","position":2,"name":"Paros Immobilien"}]},{"@type":"WebSite","@id":"https:\/\/www.paroslawyers.com\/de\/#website","url":"https:\/\/www.paroslawyers.com\/de\/","name":"Paros Rechtsanw\u00e4lte","description":"Rechtsanwalt Ioannis (Jannis) Andreopoulos","publisher":{"@id":"https:\/\/www.paroslawyers.com\/de\/#organization"},"potentialAction":[{"@type":"SearchAction","target":{"@type":"EntryPoint","urlTemplate":"https:\/\/www.paroslawyers.com\/de\/?s={search_term_string}"},"query-input":{"@type":"PropertyValueSpecification","valueRequired":true,"valueName":"search_term_string"}}],"inLanguage":"de"},{"@type":"Organization","@id":"https:\/\/www.paroslawyers.com\/de\/#organization","name":"Andreopoulos Law Office on Paros, Cyclades, Greece","url":"https:\/\/www.paroslawyers.com\/de\/","logo":{"@type":"ImageObject","inLanguage":"de","@id":"https:\/\/www.paroslawyers.com\/de\/#\/schema\/logo\/image\/","url":"","contentUrl":"","caption":"Andreopoulos Law Office on Paros, Cyclades, Greece"},"image":{"@id":"https:\/\/www.paroslawyers.com\/de\/#\/schema\/logo\/image\/"}}]}},"_links":{"self":[{"href":"https:\/\/www.paroslawyers.com\/de\/wp-json\/wp\/v2\/pages\/1258","targetHints":{"allow":["GET"]}}],"collection":[{"href":"https:\/\/www.paroslawyers.com\/de\/wp-json\/wp\/v2\/pages"}],"about":[{"href":"https:\/\/www.paroslawyers.com\/de\/wp-json\/wp\/v2\/types\/page"}],"author":[{"embeddable":true,"href":"https:\/\/www.paroslawyers.com\/de\/wp-json\/wp\/v2\/users\/1"}],"replies":[{"embeddable":true,"href":"https:\/\/www.paroslawyers.com\/de\/wp-json\/wp\/v2\/comments?post=1258"}],"version-history":[{"count":13,"href":"https:\/\/www.paroslawyers.com\/de\/wp-json\/wp\/v2\/pages\/1258\/revisions"}],"predecessor-version":[{"id":2306,"href":"https:\/\/www.paroslawyers.com\/de\/wp-json\/wp\/v2\/pages\/1258\/revisions\/2306"}],"wp:attachment":[{"href":"https:\/\/www.paroslawyers.com\/de\/wp-json\/wp\/v2\/media?parent=1258"}],"curies":[{"name":"wp","href":"https:\/\/api.w.org\/{rel}","templated":true}]}}