{"id":1248,"date":"2019-09-17T18:34:12","date_gmt":"2019-09-17T15:34:12","guid":{"rendered":"https:\/\/paroslawyers.com\/unsere-philosophie\/"},"modified":"2025-03-25T12:23:01","modified_gmt":"2025-03-25T10:23:01","slug":"unsere-philosophie","status":"publish","type":"page","link":"https:\/\/www.paroslawyers.com\/de\/unsere-philosophie\/","title":{"rendered":"Unsere Philosophie"},"content":{"rendered":"\n<style type=\"text\/css\" data-created_by=\"avia_inline_auto\" id=\"style-css-av-145nae-2e6d85461ee74f56c84eed448b02b0b3\">\n.avia-section.av-145nae-2e6d85461ee74f56c84eed448b02b0b3 .av-section-color-overlay{\nopacity:0.3;\nbackground-color:#9c927d;\n}\n<\/style>\n<div id='av_section_1'  class='avia-section av-145nae-2e6d85461ee74f56c84eed448b02b0b3 main_color avia-section-default avia-no-border-styling  avia-builder-el-0  avia-builder-el-no-sibling  avia-bg-style-scroll av-section-color-overlay-active av-minimum-height av-minimum-height-custom av-height-custom  container_wrap fullsize'   data-av_minimum_height_px='230'><div class=\"av-section-color-overlay-wrap\"><div class=\"av-section-color-overlay\"><\/div><div class='container av-section-cont-open' style='height:230px'><main  role=\"main\" itemprop=\"mainContentOfPage\"  class='template-page content  av-content-full alpha units'><div class='post-entry post-entry-type-page post-entry-1248'><div class='entry-content-wrapper clearfix'>\n\n<style type=\"text\/css\" data-created_by=\"avia_inline_auto\" id=\"style-css-av-k0mlplgy-c3398be742577d88850c540691222c54\">\n#top .av-special-heading.av-k0mlplgy-c3398be742577d88850c540691222c54{\nmargin:0 0 0 0;\npadding-bottom:10px;\ncolor:#ffffff;\nfont-size:4vw;\n}\nbody .av-special-heading.av-k0mlplgy-c3398be742577d88850c540691222c54 .av-special-heading-tag .heading-char{\nfont-size:25px;\n}\n#top #wrap_all .av-special-heading.av-k0mlplgy-c3398be742577d88850c540691222c54 .av-special-heading-tag{\nfont-size:4vw;\n}\n.av-special-heading.av-k0mlplgy-c3398be742577d88850c540691222c54 .special-heading-inner-border{\nborder-color:#ffffff;\n}\n.av-special-heading.av-k0mlplgy-c3398be742577d88850c540691222c54 .av-subheading{\nfont-size:25px;\n}\n\n@media only screen and (min-width: 480px) and (max-width: 767px){ \n#top #wrap_all .av-special-heading.av-k0mlplgy-c3398be742577d88850c540691222c54 .av-special-heading-tag{\nfont-size:0.8em;\n}\n}\n\n@media only screen and (max-width: 479px){ \n#top #wrap_all .av-special-heading.av-k0mlplgy-c3398be742577d88850c540691222c54 .av-special-heading-tag{\nfont-size:0.8em;\n}\n}\n<\/style>\n<div  class='av-special-heading av-k0mlplgy-c3398be742577d88850c540691222c54 av-special-heading-h2 custom-color-heading blockquote modern-quote modern-centered  avia-builder-el-1  el_before_av_one_half  avia-builder-el-first  av-inherit-size'><h2 class='av-special-heading-tag '  itemprop=\"headline\"  >Unsere Philosophie<\/h2><div class=\"special-heading-border\"><div class=\"special-heading-inner-border\"><\/div><\/div><\/div>\n<div class='flex_column_table av-ddeyi-1fabc345927bc0ff732033ee6e8dcae6 sc-av_one_half av-equal-height-column-flextable'>\n<style type=\"text\/css\" data-created_by=\"avia_inline_auto\" id=\"style-css-av-ddeyi-1fabc345927bc0ff732033ee6e8dcae6\">\n.flex_column.av-ddeyi-1fabc345927bc0ff732033ee6e8dcae6{\nwidth:46%;\nmargin-left:0;\nborder-radius:0px 0px 0px 0px;\npadding:0px 0px 0px 0px;\n}\n#top .flex_column_table.av-equal-height-column-flextable.av-ddeyi-1fabc345927bc0ff732033ee6e8dcae6 .av-flex-placeholder{\nwidth:8%;\n}\n<\/style>\n<div  class='flex_column av-ddeyi-1fabc345927bc0ff732033ee6e8dcae6 av_one_half  avia-builder-el-2  el_after_av_heading  el_before_av_one_half  first flex_column_table_cell av-equal-height-column av-align-middle av-zero-column-padding  '     ><style type=\"text\/css\" data-created_by=\"avia_inline_auto\" id=\"style-css-av-k0l5vk3i-e2855a39fa551ff93a174ac577a041b1\">\n.avia-image-container.av-k0l5vk3i-e2855a39fa551ff93a174ac577a041b1 img.avia_image{\nbox-shadow:none;\n}\n.avia-image-container.av-k0l5vk3i-e2855a39fa551ff93a174ac577a041b1 .av-image-caption-overlay-center{\ncolor:#ffffff;\n}\n<\/style>\n<div  class='avia-image-container av-k0l5vk3i-e2855a39fa551ff93a174ac577a041b1 av-styling- av-img-linked avia-align-center  avia-builder-el-3  avia-builder-el-no-sibling '   itemprop=\"image\" itemscope=\"itemscope\" itemtype=\"https:\/\/schema.org\/ImageObject\" ><div class=\"avia-image-container-inner\"><div class=\"avia-image-overlay-wrap\"><a href=\"https:\/\/www.paroslawyers.com\/wp-content\/uploads\/2023\/04\/Andreopoulos2023-23.jpg\" data-srcset=\"https:\/\/www.paroslawyers.com\/wp-content\/uploads\/2023\/04\/Andreopoulos2023-23.jpg 1030w, https:\/\/www.paroslawyers.com\/wp-content\/uploads\/2023\/04\/Andreopoulos2023-23-300x169.jpg 300w, https:\/\/www.paroslawyers.com\/wp-content\/uploads\/2023\/04\/Andreopoulos2023-23-768x432.jpg 768w, https:\/\/www.paroslawyers.com\/wp-content\/uploads\/2023\/04\/Andreopoulos2023-23-705x397.jpg 705w\" data-sizes=\"(max-width: 1030px) 100vw, 1030px\" class='avia_image '  aria-label='Andreopoulos2023-23'><img decoding=\"async\" fetchpriority=\"high\" class='wp-image-1598 avia-img-lazy-loading-not-1598 avia_image ' src=\"https:\/\/www.paroslawyers.com\/wp-content\/uploads\/2023\/04\/Andreopoulos2023-23.jpg\" alt='Lawyer Andreopoulos and associates' title='Andreopoulos2023-23'  height=\"580\" width=\"1030\"  itemprop=\"thumbnailUrl\" srcset=\"https:\/\/www.paroslawyers.com\/wp-content\/uploads\/2023\/04\/Andreopoulos2023-23.jpg 1030w, https:\/\/www.paroslawyers.com\/wp-content\/uploads\/2023\/04\/Andreopoulos2023-23-300x169.jpg 300w, https:\/\/www.paroslawyers.com\/wp-content\/uploads\/2023\/04\/Andreopoulos2023-23-768x432.jpg 768w, https:\/\/www.paroslawyers.com\/wp-content\/uploads\/2023\/04\/Andreopoulos2023-23-705x397.jpg 705w\" sizes=\"(max-width: 1030px) 100vw, 1030px\" \/><\/a><\/div><\/div><\/div><\/div><div class='av-flex-placeholder'><\/div>\n<style type=\"text\/css\" data-created_by=\"avia_inline_auto\" id=\"style-css-av-71cb6-f6779f7af35cc4f1409df336f8d16280\">\n.flex_column.av-71cb6-f6779f7af35cc4f1409df336f8d16280{\nwidth:46%;\nmargin-left:0;\nborder-radius:0px 0px 0px 0px;\npadding:0px 0px 0px 0px;\n}\n#top .flex_column_table.av-equal-height-column-flextable.av-71cb6-f6779f7af35cc4f1409df336f8d16280 .av-flex-placeholder{\nwidth:8%;\n}\n<\/style>\n<div  class='flex_column av-71cb6-f6779f7af35cc4f1409df336f8d16280 av_one_half  avia-builder-el-4  el_after_av_one_half  avia-builder-el-last  flex_column_table_cell av-equal-height-column av-align-middle av-zero-column-padding  '     ><style type=\"text\/css\" data-created_by=\"avia_inline_auto\" id=\"style-css-av-k0l6oad5-c7ee4fe7f9074900f6af192fc3646c8e\">\n#top .av_textblock_section.av-k0l6oad5-c7ee4fe7f9074900f6af192fc3646c8e .avia_textblock{\nfont-size:16px;\n}\n<\/style>\n<section  class='av_textblock_section av-k0l6oad5-c7ee4fe7f9074900f6af192fc3646c8e '   itemscope=\"itemscope\" itemtype=\"https:\/\/schema.org\/CreativeWork\" ><div class='avia_textblock'  itemprop=\"text\" ><p><strong>Die Philosophie unserer Paros Anwaltskanzlei<\/strong> ist es, die h\u00f6chste Qualit\u00e4t in <strong>Sachen Rechtsberatung<\/strong> in Kombination mit unser 30j\u00e4hrigen Erfahrung zu bieten.<\/p>\n<p><strong>Unser Engagement<\/strong> zu hervorragender Leistung und Qualit\u00e4t beinhaltet Entschlossenheit, Schnelligkeit, Teamwork und Loyalit\u00e4t.<\/p>\n<p><strong>Unser Ziel<\/strong> ist es, immer eine vollst\u00e4ndige Betreuung unserer Kunden zu gew\u00e4hrleisten; ob f\u00fcr Privatpersonen, \u00f6ffentliche Unternehmen oder internationale Konzerne: wir bem\u00fchen uns stets, die rechtlichen Anforderungen zu decken.<\/p>\n<p> <strong>Unsere Professionalit\u00e4t<\/strong>, Integrit\u00e4t und unsere stark am Kunden orientierte Dienstleistungskultur machen uns zur Kanzlei Ihrer Wahl f\u00fcr Transaktionen in Paros und anderen Inseln der Kykladen.<\/p>\n<\/div><\/section><\/div><\/div><!--close column table wrapper. Autoclose: 1 -->\n","protected":false},"excerpt":{"rendered":"","protected":false},"author":1,"featured_media":0,"parent":0,"menu_order":0,"comment_status":"closed","ping_status":"closed","template":"","meta":{"footnotes":""},"class_list":["post-1248","page","type-page","status-publish","hentry"],"yoast_head":"<!-- This site is optimized with the Yoast SEO plugin v27.5 - https:\/\/yoast.com\/product\/yoast-seo-wordpress\/ -->\n<title>Unsere Philosophie - Paros Rechtsanw\u00e4lte<\/title>\n<meta name=\"robots\" content=\"index, follow, max-snippet:-1, max-image-preview:large, max-video-preview:-1\" \/>\n<link rel=\"canonical\" href=\"https:\/\/www.paroslawyers.com\/de\/unsere-philosophie\/\" \/>\n<meta property=\"og:locale\" content=\"de_DE\" \/>\n<meta property=\"og:type\" content=\"article\" \/>\n<meta property=\"og:title\" content=\"Unsere Philosophie - Paros Rechtsanw\u00e4lte\" \/>\n<meta property=\"og:url\" content=\"https:\/\/www.paroslawyers.com\/de\/unsere-philosophie\/\" \/>\n<meta property=\"og:site_name\" content=\"Paros Rechtsanw\u00e4lte\" \/>\n<meta property=\"article:modified_time\" content=\"2025-03-25T10:23:01+00:00\" \/>\n<meta property=\"og:image\" content=\"https:\/\/www.paroslawyers.com\/wp-content\/uploads\/2019\/09\/paros-lawyers-andreopoulos.jpg\" \/>\n\t<meta property=\"og:image:width\" content=\"1200\" \/>\n\t<meta property=\"og:image:height\" content=\"630\" \/>\n\t<meta property=\"og:image:type\" content=\"image\/jpeg\" \/>\n<meta name=\"twitter:card\" content=\"summary_large_image\" \/>\n<meta name=\"twitter:label1\" content=\"Gesch\u00e4tzte Lesezeit\" \/>\n\t<meta name=\"twitter:data1\" content=\"7\u00a0Minuten\" \/>\n<script type=\"application\/ld+json\" class=\"yoast-schema-graph\">{\"@context\":\"https:\\\/\\\/schema.org\",\"@graph\":[{\"@type\":\"WebPage\",\"@id\":\"https:\\\/\\\/www.paroslawyers.com\\\/de\\\/unsere-philosophie\\\/\",\"url\":\"https:\\\/\\\/www.paroslawyers.com\\\/de\\\/unsere-philosophie\\\/\",\"name\":\"Unsere Philosophie - Paros Rechtsanw\u00e4lte\",\"isPartOf\":{\"@id\":\"https:\\\/\\\/www.paroslawyers.com\\\/de\\\/#website\"},\"datePublished\":\"2019-09-17T15:34:12+00:00\",\"dateModified\":\"2025-03-25T10:23:01+00:00\",\"breadcrumb\":{\"@id\":\"https:\\\/\\\/www.paroslawyers.com\\\/de\\\/unsere-philosophie\\\/#breadcrumb\"},\"inLanguage\":\"de\",\"potentialAction\":[{\"@type\":\"ReadAction\",\"target\":[\"https:\\\/\\\/www.paroslawyers.com\\\/de\\\/unsere-philosophie\\\/\"]}]},{\"@type\":\"BreadcrumbList\",\"@id\":\"https:\\\/\\\/www.paroslawyers.com\\\/de\\\/unsere-philosophie\\\/#breadcrumb\",\"itemListElement\":[{\"@type\":\"ListItem\",\"position\":1,\"name\":\"Home\",\"item\":\"https:\\\/\\\/www.paroslawyers.com\\\/de\\\/home\\\/\"},{\"@type\":\"ListItem\",\"position\":2,\"name\":\"Unsere Philosophie\"}]},{\"@type\":\"WebSite\",\"@id\":\"https:\\\/\\\/www.paroslawyers.com\\\/de\\\/#website\",\"url\":\"https:\\\/\\\/www.paroslawyers.com\\\/de\\\/\",\"name\":\"Paros Rechtsanw\u00e4lte\",\"description\":\"Rechtsanwalt Ioannis (Jannis) Andreopoulos\",\"publisher\":{\"@id\":\"https:\\\/\\\/www.paroslawyers.com\\\/de\\\/#organization\"},\"potentialAction\":[{\"@type\":\"SearchAction\",\"target\":{\"@type\":\"EntryPoint\",\"urlTemplate\":\"https:\\\/\\\/www.paroslawyers.com\\\/de\\\/?s={search_term_string}\"},\"query-input\":{\"@type\":\"PropertyValueSpecification\",\"valueRequired\":true,\"valueName\":\"search_term_string\"}}],\"inLanguage\":\"de\"},{\"@type\":\"Organization\",\"@id\":\"https:\\\/\\\/www.paroslawyers.com\\\/de\\\/#organization\",\"name\":\"Andreopoulos Law Office on Paros, Cyclades, Greece\",\"url\":\"https:\\\/\\\/www.paroslawyers.com\\\/de\\\/\",\"logo\":{\"@type\":\"ImageObject\",\"inLanguage\":\"de\",\"@id\":\"https:\\\/\\\/www.paroslawyers.com\\\/de\\\/#\\\/schema\\\/logo\\\/image\\\/\",\"url\":\"\",\"contentUrl\":\"\",\"caption\":\"Andreopoulos Law Office on Paros, Cyclades, Greece\"},\"image\":{\"@id\":\"https:\\\/\\\/www.paroslawyers.com\\\/de\\\/#\\\/schema\\\/logo\\\/image\\\/\"}}]}<\/script>\n<!-- \/ Yoast SEO plugin. -->","yoast_head_json":{"title":"Unsere Philosophie - Paros Rechtsanw\u00e4lte","robots":{"index":"index","follow":"follow","max-snippet":"max-snippet:-1","max-image-preview":"max-image-preview:large","max-video-preview":"max-video-preview:-1"},"canonical":"https:\/\/www.paroslawyers.com\/de\/unsere-philosophie\/","og_locale":"de_DE","og_type":"article","og_title":"Unsere Philosophie - Paros Rechtsanw\u00e4lte","og_url":"https:\/\/www.paroslawyers.com\/de\/unsere-philosophie\/","og_site_name":"Paros Rechtsanw\u00e4lte","article_modified_time":"2025-03-25T10:23:01+00:00","og_image":[{"width":1200,"height":630,"url":"https:\/\/www.paroslawyers.com\/wp-content\/uploads\/2019\/09\/paros-lawyers-andreopoulos.jpg","type":"image\/jpeg"}],"twitter_card":"summary_large_image","twitter_misc":{"Gesch\u00e4tzte Lesezeit":"7\u00a0Minuten"},"schema":{"@context":"https:\/\/schema.org","@graph":[{"@type":"WebPage","@id":"https:\/\/www.paroslawyers.com\/de\/unsere-philosophie\/","url":"https:\/\/www.paroslawyers.com\/de\/unsere-philosophie\/","name":"Unsere Philosophie - Paros Rechtsanw\u00e4lte","isPartOf":{"@id":"https:\/\/www.paroslawyers.com\/de\/#website"},"datePublished":"2019-09-17T15:34:12+00:00","dateModified":"2025-03-25T10:23:01+00:00","breadcrumb":{"@id":"https:\/\/www.paroslawyers.com\/de\/unsere-philosophie\/#breadcrumb"},"inLanguage":"de","potentialAction":[{"@type":"ReadAction","target":["https:\/\/www.paroslawyers.com\/de\/unsere-philosophie\/"]}]},{"@type":"BreadcrumbList","@id":"https:\/\/www.paroslawyers.com\/de\/unsere-philosophie\/#breadcrumb","itemListElement":[{"@type":"ListItem","position":1,"name":"Home","item":"https:\/\/www.paroslawyers.com\/de\/home\/"},{"@type":"ListItem","position":2,"name":"Unsere Philosophie"}]},{"@type":"WebSite","@id":"https:\/\/www.paroslawyers.com\/de\/#website","url":"https:\/\/www.paroslawyers.com\/de\/","name":"Paros Rechtsanw\u00e4lte","description":"Rechtsanwalt Ioannis (Jannis) Andreopoulos","publisher":{"@id":"https:\/\/www.paroslawyers.com\/de\/#organization"},"potentialAction":[{"@type":"SearchAction","target":{"@type":"EntryPoint","urlTemplate":"https:\/\/www.paroslawyers.com\/de\/?s={search_term_string}"},"query-input":{"@type":"PropertyValueSpecification","valueRequired":true,"valueName":"search_term_string"}}],"inLanguage":"de"},{"@type":"Organization","@id":"https:\/\/www.paroslawyers.com\/de\/#organization","name":"Andreopoulos Law Office on Paros, Cyclades, Greece","url":"https:\/\/www.paroslawyers.com\/de\/","logo":{"@type":"ImageObject","inLanguage":"de","@id":"https:\/\/www.paroslawyers.com\/de\/#\/schema\/logo\/image\/","url":"","contentUrl":"","caption":"Andreopoulos Law Office on Paros, Cyclades, Greece"},"image":{"@id":"https:\/\/www.paroslawyers.com\/de\/#\/schema\/logo\/image\/"}}]}},"_links":{"self":[{"href":"https:\/\/www.paroslawyers.com\/de\/wp-json\/wp\/v2\/pages\/1248","targetHints":{"allow":["GET"]}}],"collection":[{"href":"https:\/\/www.paroslawyers.com\/de\/wp-json\/wp\/v2\/pages"}],"about":[{"href":"https:\/\/www.paroslawyers.com\/de\/wp-json\/wp\/v2\/types\/page"}],"author":[{"embeddable":true,"href":"https:\/\/www.paroslawyers.com\/de\/wp-json\/wp\/v2\/users\/1"}],"replies":[{"embeddable":true,"href":"https:\/\/www.paroslawyers.com\/de\/wp-json\/wp\/v2\/comments?post=1248"}],"version-history":[{"count":9,"href":"https:\/\/www.paroslawyers.com\/de\/wp-json\/wp\/v2\/pages\/1248\/revisions"}],"predecessor-version":[{"id":2358,"href":"https:\/\/www.paroslawyers.com\/de\/wp-json\/wp\/v2\/pages\/1248\/revisions\/2358"}],"wp:attachment":[{"href":"https:\/\/www.paroslawyers.com\/de\/wp-json\/wp\/v2\/media?parent=1248"}],"curies":[{"name":"wp","href":"https:\/\/api.w.org\/{rel}","templated":true}]}}