{"id":1217,"date":"2019-09-17T17:24:25","date_gmt":"2019-09-17T14:24:25","guid":{"rendered":"https:\/\/paroslawyers.com\/profil\/"},"modified":"2025-03-25T12:19:31","modified_gmt":"2025-03-25T10:19:31","slug":"profil","status":"publish","type":"page","link":"https:\/\/www.paroslawyers.com\/de\/profil\/","title":{"rendered":"Profil"},"content":{"rendered":"<div id='full_slider_1'  class='avia-fullwidth-slider main_color avia-shadow   avia-builder-el-0  el_before_av_section  avia-builder-el-first   container_wrap fullsize'  ><div  class='avia-slideshow av-k0nwn71q-c1b56a2d9c5d82931d12f93d3be35ae1 avia-slideshow-featured av_slideshow_full avia-slide-slider av-slideshow-ui av-control-default av-slideshow-autoplay av-loop-endless av-loop-manual-endless av-default-height-applied   avia-slideshow-1' data-slideshow-options=\"{&quot;animation&quot;:&quot;slide&quot;,&quot;autoplay&quot;:true,&quot;loop_autoplay&quot;:&quot;endless&quot;,&quot;interval&quot;:5,&quot;loop_manual&quot;:&quot;manual-endless&quot;,&quot;autoplay_stopper&quot;:false,&quot;noNavigation&quot;:false,&quot;bg_slider&quot;:false,&quot;keep_padding&quot;:false,&quot;hoverpause&quot;:false,&quot;show_slide_delay&quot;:0}\"  itemprop=\"image\" itemscope=\"itemscope\" itemtype=\"https:\/\/schema.org\/ImageObject\" ><ul class='avia-slideshow-inner ' style='padding-bottom: 28.666666666667%;'><li  class='avia-slideshow-slide av-k0nwn71q-c1b56a2d9c5d82931d12f93d3be35ae1__0  slide-1 slide-odd'><div data-rel='slideshow-1' class='avia-slide-wrap '   ><img decoding=\"async\" fetchpriority=\"high\" class=\"wp-image-1593 avia-img-lazy-loading-not-1593\"  src=\"https:\/\/www.paroslawyers.com\/wp-content\/uploads\/2023\/04\/Andreopoulos2023-5.jpg\" width=\"1500\" height=\"430\" title='Andreopoulos2023-5' alt='Paros Andreopoulos, Attorney in Law'  itemprop=\"thumbnailUrl\" srcset=\"https:\/\/www.paroslawyers.com\/wp-content\/uploads\/2023\/04\/Andreopoulos2023-5.jpg 1500w, https:\/\/www.paroslawyers.com\/wp-content\/uploads\/2023\/04\/Andreopoulos2023-5-300x86.jpg 300w, https:\/\/www.paroslawyers.com\/wp-content\/uploads\/2023\/04\/Andreopoulos2023-5-1030x295.jpg 1030w, https:\/\/www.paroslawyers.com\/wp-content\/uploads\/2023\/04\/Andreopoulos2023-5-768x220.jpg 768w, https:\/\/www.paroslawyers.com\/wp-content\/uploads\/2023\/04\/Andreopoulos2023-5-705x202.jpg 705w\" sizes=\"(max-width: 1500px) 100vw, 1500px\" \/><\/div><\/li><li  class='avia-slideshow-slide av-k0nwn71q-c1b56a2d9c5d82931d12f93d3be35ae1__1  slide-2 slide-even'><div data-rel='slideshow-1' class='avia-slide-wrap '   ><img decoding=\"async\" fetchpriority=\"high\" class=\"wp-image-1578 avia-img-lazy-loading-not-1578\"  src=\"https:\/\/www.paroslawyers.com\/wp-content\/uploads\/2023\/04\/Andreopoulos2023-7.jpg\" width=\"1500\" height=\"430\" title='Andreopoulos2023-7' alt='Ioannis Andreopoulos &amp; Associates, Lawyers, Paros'  itemprop=\"thumbnailUrl\" srcset=\"https:\/\/www.paroslawyers.com\/wp-content\/uploads\/2023\/04\/Andreopoulos2023-7.jpg 1500w, https:\/\/www.paroslawyers.com\/wp-content\/uploads\/2023\/04\/Andreopoulos2023-7-300x86.jpg 300w, https:\/\/www.paroslawyers.com\/wp-content\/uploads\/2023\/04\/Andreopoulos2023-7-1030x295.jpg 1030w, https:\/\/www.paroslawyers.com\/wp-content\/uploads\/2023\/04\/Andreopoulos2023-7-768x220.jpg 768w, https:\/\/www.paroslawyers.com\/wp-content\/uploads\/2023\/04\/Andreopoulos2023-7-705x202.jpg 705w\" sizes=\"(max-width: 1500px) 100vw, 1500px\" \/><\/div><\/li><li  class='avia-slideshow-slide av-k0nwn71q-c1b56a2d9c5d82931d12f93d3be35ae1__2  slide-3 slide-odd'><div data-rel='slideshow-1' class='avia-slide-wrap '   ><img decoding=\"async\" fetchpriority=\"high\" class=\"wp-image-1590 avia-img-lazy-loading-not-1590\"  src=\"https:\/\/www.paroslawyers.com\/wp-content\/uploads\/2023\/04\/Andreopoulos2023-4.jpg\" width=\"1500\" height=\"430\" title='Andreopoulos2023-4' alt='Paros Andreopoulos, Attorney in Law'  itemprop=\"thumbnailUrl\" srcset=\"https:\/\/www.paroslawyers.com\/wp-content\/uploads\/2023\/04\/Andreopoulos2023-4.jpg 1500w, https:\/\/www.paroslawyers.com\/wp-content\/uploads\/2023\/04\/Andreopoulos2023-4-300x86.jpg 300w, https:\/\/www.paroslawyers.com\/wp-content\/uploads\/2023\/04\/Andreopoulos2023-4-1030x295.jpg 1030w, https:\/\/www.paroslawyers.com\/wp-content\/uploads\/2023\/04\/Andreopoulos2023-4-768x220.jpg 768w, https:\/\/www.paroslawyers.com\/wp-content\/uploads\/2023\/04\/Andreopoulos2023-4-705x202.jpg 705w\" sizes=\"(max-width: 1500px) 100vw, 1500px\" \/><\/div><\/li><li  class='avia-slideshow-slide av-k0nwn71q-c1b56a2d9c5d82931d12f93d3be35ae1__3  slide-4 slide-even'><div data-rel='slideshow-1' class='avia-slide-wrap '   ><img decoding=\"async\" fetchpriority=\"high\" class=\"wp-image-1581 avia-img-lazy-loading-not-1581\"  src=\"https:\/\/www.paroslawyers.com\/wp-content\/uploads\/2023\/04\/Andreopoulos2023-16.jpg\" width=\"1500\" height=\"430\" title='Andreopoulos2023-16' alt='Ioannis Andreopoulos &amp; Associates, Lawyers, Paros'  itemprop=\"thumbnailUrl\" srcset=\"https:\/\/www.paroslawyers.com\/wp-content\/uploads\/2023\/04\/Andreopoulos2023-16.jpg 1500w, https:\/\/www.paroslawyers.com\/wp-content\/uploads\/2023\/04\/Andreopoulos2023-16-300x86.jpg 300w, https:\/\/www.paroslawyers.com\/wp-content\/uploads\/2023\/04\/Andreopoulos2023-16-1030x295.jpg 1030w, https:\/\/www.paroslawyers.com\/wp-content\/uploads\/2023\/04\/Andreopoulos2023-16-768x220.jpg 768w, https:\/\/www.paroslawyers.com\/wp-content\/uploads\/2023\/04\/Andreopoulos2023-16-705x202.jpg 705w\" sizes=\"(max-width: 1500px) 100vw, 1500px\" \/><\/div><\/li><li  class='avia-slideshow-slide av-k0nwn71q-c1b56a2d9c5d82931d12f93d3be35ae1__4  slide-5 slide-odd'><div data-rel='slideshow-1' class='avia-slide-wrap '   ><img decoding=\"async\" fetchpriority=\"high\" class=\"wp-image-1584 avia-img-lazy-loading-not-1584\"  src=\"https:\/\/www.paroslawyers.com\/wp-content\/uploads\/2023\/04\/Andreopoulos2023-21.jpg\" width=\"1500\" height=\"430\" title='Andreopoulos2023-21' alt='Andreopoulos &amp; Associates, Lawyers, Paros'  itemprop=\"thumbnailUrl\" srcset=\"https:\/\/www.paroslawyers.com\/wp-content\/uploads\/2023\/04\/Andreopoulos2023-21.jpg 1500w, https:\/\/www.paroslawyers.com\/wp-content\/uploads\/2023\/04\/Andreopoulos2023-21-300x86.jpg 300w, https:\/\/www.paroslawyers.com\/wp-content\/uploads\/2023\/04\/Andreopoulos2023-21-1030x295.jpg 1030w, https:\/\/www.paroslawyers.com\/wp-content\/uploads\/2023\/04\/Andreopoulos2023-21-768x220.jpg 768w, https:\/\/www.paroslawyers.com\/wp-content\/uploads\/2023\/04\/Andreopoulos2023-21-705x202.jpg 705w\" sizes=\"(max-width: 1500px) 100vw, 1500px\" \/><\/div><\/li><li  class='avia-slideshow-slide av-k0nwn71q-c1b56a2d9c5d82931d12f93d3be35ae1__5  slide-6 slide-even'><div data-rel='slideshow-1' class='avia-slide-wrap '   ><img decoding=\"async\" fetchpriority=\"high\" class=\"wp-image-1587 avia-img-lazy-loading-not-1587\"  src=\"https:\/\/www.paroslawyers.com\/wp-content\/uploads\/2023\/04\/Andreopoulos2023-25.jpg\" width=\"1500\" height=\"430\" title='Andreopoulos2023-25' alt='Andreopoulos &amp; Associates, Lawyers, Paros'  itemprop=\"thumbnailUrl\" srcset=\"https:\/\/www.paroslawyers.com\/wp-content\/uploads\/2023\/04\/Andreopoulos2023-25.jpg 1500w, https:\/\/www.paroslawyers.com\/wp-content\/uploads\/2023\/04\/Andreopoulos2023-25-300x86.jpg 300w, https:\/\/www.paroslawyers.com\/wp-content\/uploads\/2023\/04\/Andreopoulos2023-25-1030x295.jpg 1030w, https:\/\/www.paroslawyers.com\/wp-content\/uploads\/2023\/04\/Andreopoulos2023-25-768x220.jpg 768w, https:\/\/www.paroslawyers.com\/wp-content\/uploads\/2023\/04\/Andreopoulos2023-25-705x202.jpg 705w\" sizes=\"(max-width: 1500px) 100vw, 1500px\" \/><\/div><\/li><\/ul><div class='avia-slideshow-arrows avia-slideshow-controls' ><a href='#prev' class='prev-slide  avia-svg-icon avia-font-svg_entypo-fontello' data-av_svg_icon='left-open-big' data-av_iconset='svg_entypo-fontello' tabindex='-1' title=\"Zur\u00fcck\"><svg version=\"1.1\" xmlns=\"http:\/\/www.w3.org\/2000\/svg\" width=\"15\" height=\"32\" viewBox=\"0 0 15 32\" preserveAspectRatio=\"xMidYMid meet\" aria-labelledby='av-svg-title-1' aria-describedby='av-svg-desc-1' role=\"graphics-symbol\" aria-hidden=\"true\">\n<title id='av-svg-title-1'>Zur\u00fcck<\/title>\n<desc id='av-svg-desc-1'>Zur\u00fcck<\/desc>\n<path d=\"M14.464 27.84q0.832 0.832 0 1.536-0.832 0.832-1.536 0l-12.544-12.608q-0.768-0.768 0-1.6l12.544-12.608q0.704-0.832 1.536 0 0.832 0.704 0 1.536l-11.456 11.904z\"><\/path>\n<\/svg><span class='avia_hidden_link_text'>Zur\u00fcck<\/span><\/a><a href='#next' class='next-slide  avia-svg-icon avia-font-svg_entypo-fontello' data-av_svg_icon='right-open-big' data-av_iconset='svg_entypo-fontello' tabindex='-1' title=\"Weiter\"><svg version=\"1.1\" xmlns=\"http:\/\/www.w3.org\/2000\/svg\" width=\"15\" height=\"32\" viewBox=\"0 0 15 32\" preserveAspectRatio=\"xMidYMid meet\" aria-labelledby='av-svg-title-2' aria-describedby='av-svg-desc-2' role=\"graphics-symbol\" aria-hidden=\"true\">\n<title id='av-svg-title-2'>Weiter<\/title>\n<desc id='av-svg-desc-2'>Weiter<\/desc>\n<path d=\"M0.416 27.84l11.456-11.84-11.456-11.904q-0.832-0.832 0-1.536 0.832-0.832 1.536 0l12.544 12.608q0.768 0.832 0 1.6l-12.544 12.608q-0.704 0.832-1.536 0-0.832-0.704 0-1.536z\"><\/path>\n<\/svg><span class='avia_hidden_link_text'>Weiter<\/span><\/a><\/div><div class='avia-slideshow-dots avia-slideshow-controls'><a href='#1' class='goto-slide active' >1<\/a><a href='#2' class='goto-slide ' >2<\/a><a href='#3' class='goto-slide ' >3<\/a><a href='#4' class='goto-slide ' >4<\/a><a href='#5' class='goto-slide ' >5<\/a><a href='#6' class='goto-slide ' >6<\/a><\/div><\/div><\/div>\n<div id='av_section_1'  class='avia-section av-qet8u-302724420a1541272444459cb6af4cea main_color avia-section-default avia-no-border-styling  avia-builder-el-1  el_after_av_slideshow_full  avia-builder-el-last  avia-bg-style-scroll container_wrap fullsize'  ><div class='container av-section-cont-open' ><div class='template-page content  av-content-full alpha units'><div class='post-entry post-entry-type-page post-entry-1217'><div class='entry-content-wrapper clearfix'>\n<div class='flex_column_table av-9wkhy-8e8b19e8eb20a203272cb5ba5ad24e03 sc-av_one_fourth av-equal-height-column-flextable'>\n<style type=\"text\/css\" data-created_by=\"avia_inline_auto\" id=\"style-css-av-9wkhy-8e8b19e8eb20a203272cb5ba5ad24e03\">\n#top .flex_column_table.av-equal-height-column-flextable.av-9wkhy-8e8b19e8eb20a203272cb5ba5ad24e03{\nmargin-top:0px;\nmargin-bottom:0px;\n}\n.flex_column.av-9wkhy-8e8b19e8eb20a203272cb5ba5ad24e03{\nborder-radius:3px 3px 3px 3px;\npadding:0px 0px 0px 0px;\n}\n<\/style>\n<div  class='flex_column av-9wkhy-8e8b19e8eb20a203272cb5ba5ad24e03 av_one_fourth  avia-builder-el-2  el_before_av_three_fourth  avia-builder-el-first  first flex_column_table_cell av-equal-height-column av-align-middle av-animated-generic left-to-right av-zero-column-padding  '     ><style type=\"text\/css\" data-created_by=\"avia_inline_auto\" id=\"style-css-av-m7kro2pz-7c2d094517c2a748b6783b35d976c9d0\">\n.avia-image-container.av-m7kro2pz-7c2d094517c2a748b6783b35d976c9d0 img.avia_image{\nbox-shadow:none;\n}\n.avia-image-container.av-m7kro2pz-7c2d094517c2a748b6783b35d976c9d0 .av-image-caption-overlay-center{\ncolor:#ffffff;\n}\n<\/style>\n<div  class='avia-image-container av-m7kro2pz-7c2d094517c2a748b6783b35d976c9d0 av-styling-circle avia-align-center  avia-builder-el-3  avia-builder-el-no-sibling '   itemprop=\"image\" itemscope=\"itemscope\" itemtype=\"https:\/\/schema.org\/ImageObject\" ><div class=\"avia-image-container-inner\"><div class=\"avia-image-overlay-wrap\"><img decoding=\"async\" fetchpriority=\"high\" class='wp-image-2065 avia-img-lazy-loading-not-2065 avia_image ' src=\"https:\/\/www.paroslawyers.com\/wp-content\/uploads\/2025\/02\/Yannis-Andreopoulos-300x300.jpg\" alt='Yannis Andreopoulos, Rechtsanwalt auf Paros' title='Yannis Andreopoulos, Rechtsanwalt auf Paros'  height=\"300\" width=\"300\"  itemprop=\"thumbnailUrl\" srcset=\"https:\/\/www.paroslawyers.com\/wp-content\/uploads\/2025\/02\/Yannis-Andreopoulos-300x300.jpg 300w, https:\/\/www.paroslawyers.com\/wp-content\/uploads\/2025\/02\/Yannis-Andreopoulos-80x80.jpg 80w, https:\/\/www.paroslawyers.com\/wp-content\/uploads\/2025\/02\/Yannis-Andreopoulos-36x36.jpg 36w, https:\/\/www.paroslawyers.com\/wp-content\/uploads\/2025\/02\/Yannis-Andreopoulos-180x180.jpg 180w, https:\/\/www.paroslawyers.com\/wp-content\/uploads\/2025\/02\/Yannis-Andreopoulos.jpg 600w\" sizes=\"(max-width: 300px) 100vw, 300px\" \/><\/div><\/div><\/div><\/div><div class='av-flex-placeholder'><\/div>\n<style type=\"text\/css\" data-created_by=\"avia_inline_auto\" id=\"style-css-av-9wkhy-10-5e1a033e0924c49031e87a618d5a5447\">\n#top .flex_column_table.av-equal-height-column-flextable.av-9wkhy-10-5e1a033e0924c49031e87a618d5a5447{\nmargin-top:0px;\nmargin-bottom:0px;\n}\n.flex_column.av-9wkhy-10-5e1a033e0924c49031e87a618d5a5447{\nborder-radius:3px 3px 3px 3px;\npadding:0px 0px 0px 0px;\n}\n<\/style>\n<div  class='flex_column av-9wkhy-10-5e1a033e0924c49031e87a618d5a5447 av_three_fourth  avia-builder-el-4  el_after_av_one_fourth  el_before_av_hr  flex_column_table_cell av-equal-height-column av-align-middle av-animated-generic left-to-right av-zero-column-padding  '     ><style type=\"text\/css\" data-created_by=\"avia_inline_auto\" id=\"style-css-av-jgds8wgh-9-f001fba7e458c46cbb5456f86a58a251\">\n#top .av_textblock_section.av-jgds8wgh-9-f001fba7e458c46cbb5456f86a58a251 .avia_textblock{\ncolumn-count:2;\n}\n<\/style>\n<section  class='av_textblock_section av-jgds8wgh-9-f001fba7e458c46cbb5456f86a58a251 '   itemscope=\"itemscope\" itemtype=\"https:\/\/schema.org\/CreativeWork\" ><div class='avia_textblock av_multi_colums'  itemprop=\"text\" ><p><strong>Ioannis L. Andreopoulos<\/strong> wurde am 21 November 1963 in Athen geboren.<\/p>\n<p>Er absolvierte die juristische Fakult\u00e4t der Universit\u00e4t Freiburg (<a href=\"http:\/\/www.unifr.ch\" target=\"_blank\" rel=\"noopener\">www.unifr.ch<\/a>) in der Schweiz im Jahr 1989, nach Abschluss seines Jurastudiums in deutscher Sprache.<\/p>\n<p>m November 1989 trat er der Marine bei, wo er bis 1991 als Sekret\u00e4r der Staatsanwaltschaft des Marine Gerichts in Pir\u00e4us fungierte.<\/p>\n<p>Im Jahr 1992 wurde er Mitglied der Athener Rechtsanwaltskammer.<\/p>\n<p>Im Jahr 1994 bewarb er sich bei der Rechtsanwaltskammer von Syros f\u00fcr eine Mitgliedschaft und seit 1995 ist er Rechtsanwalt f\u00fcr die Kykladen mit Standort Insel Paros. Bereits sein auf Paros geborener Gro\u00dfvater, Antonios L. Ragoussis hatte einen Richterstand und war Mitglied des Staatsrates.<\/p>\n<p>Seit 1996 ist er juristischer Berater der <span class=\"caps\">ALPHA<\/span>Bank (Zweigstelle Parikia und Naoussa) und eingetragen in der Rechtsabteilung der Botschaften der Bundesrepublik Deutschland und der Schweiz in Athen.<\/p>\n<p>Seit 10.05.2019 ist er zum <strong>HONORAR KONSUL der Republik \u00d6sterreich<\/strong> in Parikia Paros (Hellenische Republik) mit Amtsbefugnis Kykladen ernannt.<\/p>\n<p><strong>Er spricht Englisch, Deutsch und auch Franzoesisch.<\/strong><\/p>\n<\/div><\/section><\/div><\/div><!--close column table wrapper. Autoclose: 1 -->\n<style type=\"text\/css\" data-created_by=\"avia_inline_auto\" id=\"style-css-av-m5uasoki-774862642d49cd83859aef15da9993e0\">\n#top .hr.av-m5uasoki-774862642d49cd83859aef15da9993e0{\nmargin-top:20px;\nmargin-bottom:20px;\n}\n.hr.av-m5uasoki-774862642d49cd83859aef15da9993e0 .hr-inner{\nwidth:75%;\nborder-color:#c9c9c9;\nmax-width:45%;\n}\n<\/style>\n<div  class='hr av-m5uasoki-774862642d49cd83859aef15da9993e0 hr-custom  avia-builder-el-6  el_after_av_three_fourth  el_before_av_one_fourth  hr-center hr-icon-yes'><span class='hr-inner inner-border-av-border-fat'><span class=\"hr-inner-style\"><\/span><\/span><span class='av-seperator-icon avia-iconfont avia-font-justice' data-av_icon='\uf106' data-av_iconfont='justice' ><\/span><span class='hr-inner inner-border-av-border-fat'><span class=\"hr-inner-style\"><\/span><\/span><\/div>\n<div  class='flex_column av-tp302-50120190a885f13bff2661d6039966f7 av_one_fourth  avia-builder-el-7  el_after_av_hr  el_before_av_three_fourth  first flex_column_div  '     ><style type=\"text\/css\" data-created_by=\"avia_inline_auto\" id=\"style-css-av-m7ks6dcr-9c02b64db6fe024f2eb3d8299098db70\">\n.avia-image-container.av-m7ks6dcr-9c02b64db6fe024f2eb3d8299098db70 img.avia_image{\nbox-shadow:none;\n}\n.avia-image-container.av-m7ks6dcr-9c02b64db6fe024f2eb3d8299098db70 .av-image-caption-overlay-center{\ncolor:#ffffff;\n}\n<\/style>\n<div  class='avia-image-container av-m7ks6dcr-9c02b64db6fe024f2eb3d8299098db70 av-styling-circle avia-align-center  avia-builder-el-8  avia-builder-el-no-sibling '   itemprop=\"image\" itemscope=\"itemscope\" itemtype=\"https:\/\/schema.org\/ImageObject\" ><div class=\"avia-image-container-inner\"><div class=\"avia-image-overlay-wrap\"><img decoding=\"async\" fetchpriority=\"high\" class='wp-image-2069 avia-img-lazy-loading-not-2069 avia_image ' src=\"https:\/\/www.paroslawyers.com\/wp-content\/uploads\/2025\/02\/Georgia-Giannitsopoulou.jpg\" alt='Georgia I. Giannitsopoulou, Rechtsanw\u00e4ltin auf Paros' title='Georgia I. Giannitsopoulou, Rechtsanw\u00e4ltin auf Paros'  height=\"300\" width=\"300\"  itemprop=\"thumbnailUrl\" srcset=\"https:\/\/www.paroslawyers.com\/wp-content\/uploads\/2025\/02\/Georgia-Giannitsopoulou.jpg 300w, https:\/\/www.paroslawyers.com\/wp-content\/uploads\/2025\/02\/Georgia-Giannitsopoulou-80x80.jpg 80w, https:\/\/www.paroslawyers.com\/wp-content\/uploads\/2025\/02\/Georgia-Giannitsopoulou-36x36.jpg 36w, https:\/\/www.paroslawyers.com\/wp-content\/uploads\/2025\/02\/Georgia-Giannitsopoulou-180x180.jpg 180w\" sizes=\"(max-width: 300px) 100vw, 300px\" \/><\/div><\/div><\/div><\/div><div  class='flex_column av-fycte-6f76aa23141ad69516e9c1ec90987267 av_three_fourth  avia-builder-el-9  el_after_av_one_fourth  avia-builder-el-last  flex_column_div  '     ><style type=\"text\/css\" data-created_by=\"avia_inline_auto\" id=\"style-css-av-m5uaud74-3d64a1a403fceaced4ede84ba7653f97\">\n#top .av_textblock_section.av-m5uaud74-3d64a1a403fceaced4ede84ba7653f97 .avia_textblock{\ncolumn-count:2;\n}\n<\/style>\n<section  class='av_textblock_section av-m5uaud74-3d64a1a403fceaced4ede84ba7653f97 '   itemscope=\"itemscope\" itemtype=\"https:\/\/schema.org\/CreativeWork\" ><div class='avia_textblock av_multi_colums'  itemprop=\"text\" ><p><strong>Georgia I. Giannitsopoulou wurde am 29. Juni 1970 in Athen geboren.<\/strong><\/p>\n<p>1994 schloss sie ihr Jurastudium an der Universit\u00e4t Athen ab.<\/p>\n<p>Im Jahr 1992 nahm sie an einem dreimonatigen Erasmus-Programm in englischer Sprache an der LUISS-Universit\u00e4t in Rom teil.<\/p>\n<p>1994 wurde sie als Rechtsreferendarin bei der Anwaltskammer Athen zugelassen.<\/p>\n<p>Seit 1997 ist sie als Rechtsanw\u00e4ltin bei der Anwaltskammer Athen zugelassen, wurde 2003 zur Berufungsrichterin und 2008 zur Richterin am Obersten Gerichtshof bef\u00f6rdert. Sie ist haupts\u00e4chlich im Immobilienrecht t\u00e4tig und verf\u00fcgt \u00fcber umfangreiche Erfahrung im Kataster- und Grundbuchrecht.<\/p>\n<p>Seit 1999 arbeitet sie als Rechtsberaterin bei Grundbuchprojekten in verschiedenen Regionen Griechenlands und war als Mitunternehmerin des Grundbuchprojekts von Pir\u00e4us und Vathy Samos t\u00e4tig.<\/p>\n<p><strong>Sie spricht und schreibt Englisch, Franz\u00f6sisch und Italienisch <\/strong> und hat die Diplome Proficiency (1992), Sorbonne II (1991) und Superiore (1993) erworben.<\/p>\n<\/div><\/section><\/div>\n","protected":false},"excerpt":{"rendered":"","protected":false},"author":1,"featured_media":0,"parent":0,"menu_order":0,"comment_status":"open","ping_status":"closed","template":"","meta":{"footnotes":""},"class_list":["post-1217","page","type-page","status-publish","hentry"],"yoast_head":"<!-- This site is optimized with the Yoast SEO plugin v27.5 - https:\/\/yoast.com\/product\/yoast-seo-wordpress\/ -->\n<title>Profil - Paros Rechtsanw\u00e4lte<\/title>\n<meta name=\"robots\" content=\"index, follow, max-snippet:-1, max-image-preview:large, max-video-preview:-1\" \/>\n<link rel=\"canonical\" href=\"https:\/\/www.paroslawyers.com\/de\/profil\/\" \/>\n<meta property=\"og:locale\" content=\"de_DE\" \/>\n<meta property=\"og:type\" content=\"article\" \/>\n<meta property=\"og:title\" content=\"Profil - Paros Rechtsanw\u00e4lte\" \/>\n<meta property=\"og:url\" content=\"https:\/\/www.paroslawyers.com\/de\/profil\/\" \/>\n<meta property=\"og:site_name\" content=\"Paros Rechtsanw\u00e4lte\" \/>\n<meta property=\"article:modified_time\" content=\"2025-03-25T10:19:31+00:00\" \/>\n<meta property=\"og:image\" content=\"https:\/\/www.paroslawyers.com\/wp-content\/uploads\/2019\/09\/paros-lawyers-andreopoulos.jpg\" \/>\n\t<meta property=\"og:image:width\" content=\"1200\" \/>\n\t<meta property=\"og:image:height\" content=\"630\" \/>\n\t<meta property=\"og:image:type\" content=\"image\/jpeg\" \/>\n<meta name=\"twitter:card\" content=\"summary_large_image\" \/>\n<meta name=\"twitter:label1\" content=\"Gesch\u00e4tzte Lesezeit\" \/>\n\t<meta name=\"twitter:data1\" content=\"20\u00a0Minuten\" \/>\n<script type=\"application\/ld+json\" class=\"yoast-schema-graph\">{\"@context\":\"https:\\\/\\\/schema.org\",\"@graph\":[{\"@type\":\"WebPage\",\"@id\":\"https:\\\/\\\/www.paroslawyers.com\\\/de\\\/profil\\\/\",\"url\":\"https:\\\/\\\/www.paroslawyers.com\\\/de\\\/profil\\\/\",\"name\":\"Profil - Paros Rechtsanw\u00e4lte\",\"isPartOf\":{\"@id\":\"https:\\\/\\\/www.paroslawyers.com\\\/de\\\/#website\"},\"datePublished\":\"2019-09-17T14:24:25+00:00\",\"dateModified\":\"2025-03-25T10:19:31+00:00\",\"breadcrumb\":{\"@id\":\"https:\\\/\\\/www.paroslawyers.com\\\/de\\\/profil\\\/#breadcrumb\"},\"inLanguage\":\"de\",\"potentialAction\":[{\"@type\":\"ReadAction\",\"target\":[\"https:\\\/\\\/www.paroslawyers.com\\\/de\\\/profil\\\/\"]}]},{\"@type\":\"BreadcrumbList\",\"@id\":\"https:\\\/\\\/www.paroslawyers.com\\\/de\\\/profil\\\/#breadcrumb\",\"itemListElement\":[{\"@type\":\"ListItem\",\"position\":1,\"name\":\"Home\",\"item\":\"https:\\\/\\\/www.paroslawyers.com\\\/de\\\/home\\\/\"},{\"@type\":\"ListItem\",\"position\":2,\"name\":\"Profil\"}]},{\"@type\":\"WebSite\",\"@id\":\"https:\\\/\\\/www.paroslawyers.com\\\/de\\\/#website\",\"url\":\"https:\\\/\\\/www.paroslawyers.com\\\/de\\\/\",\"name\":\"Paros Rechtsanw\u00e4lte\",\"description\":\"Rechtsanwalt Ioannis (Jannis) Andreopoulos\",\"publisher\":{\"@id\":\"https:\\\/\\\/www.paroslawyers.com\\\/de\\\/#organization\"},\"potentialAction\":[{\"@type\":\"SearchAction\",\"target\":{\"@type\":\"EntryPoint\",\"urlTemplate\":\"https:\\\/\\\/www.paroslawyers.com\\\/de\\\/?s={search_term_string}\"},\"query-input\":{\"@type\":\"PropertyValueSpecification\",\"valueRequired\":true,\"valueName\":\"search_term_string\"}}],\"inLanguage\":\"de\"},{\"@type\":\"Organization\",\"@id\":\"https:\\\/\\\/www.paroslawyers.com\\\/de\\\/#organization\",\"name\":\"Andreopoulos Law Office on Paros, Cyclades, Greece\",\"url\":\"https:\\\/\\\/www.paroslawyers.com\\\/de\\\/\",\"logo\":{\"@type\":\"ImageObject\",\"inLanguage\":\"de\",\"@id\":\"https:\\\/\\\/www.paroslawyers.com\\\/de\\\/#\\\/schema\\\/logo\\\/image\\\/\",\"url\":\"\",\"contentUrl\":\"\",\"caption\":\"Andreopoulos Law Office on Paros, Cyclades, Greece\"},\"image\":{\"@id\":\"https:\\\/\\\/www.paroslawyers.com\\\/de\\\/#\\\/schema\\\/logo\\\/image\\\/\"}}]}<\/script>\n<!-- \/ Yoast SEO plugin. -->","yoast_head_json":{"title":"Profil - Paros Rechtsanw\u00e4lte","robots":{"index":"index","follow":"follow","max-snippet":"max-snippet:-1","max-image-preview":"max-image-preview:large","max-video-preview":"max-video-preview:-1"},"canonical":"https:\/\/www.paroslawyers.com\/de\/profil\/","og_locale":"de_DE","og_type":"article","og_title":"Profil - Paros Rechtsanw\u00e4lte","og_url":"https:\/\/www.paroslawyers.com\/de\/profil\/","og_site_name":"Paros Rechtsanw\u00e4lte","article_modified_time":"2025-03-25T10:19:31+00:00","og_image":[{"width":1200,"height":630,"url":"https:\/\/www.paroslawyers.com\/wp-content\/uploads\/2019\/09\/paros-lawyers-andreopoulos.jpg","type":"image\/jpeg"}],"twitter_card":"summary_large_image","twitter_misc":{"Gesch\u00e4tzte Lesezeit":"20\u00a0Minuten"},"schema":{"@context":"https:\/\/schema.org","@graph":[{"@type":"WebPage","@id":"https:\/\/www.paroslawyers.com\/de\/profil\/","url":"https:\/\/www.paroslawyers.com\/de\/profil\/","name":"Profil - Paros Rechtsanw\u00e4lte","isPartOf":{"@id":"https:\/\/www.paroslawyers.com\/de\/#website"},"datePublished":"2019-09-17T14:24:25+00:00","dateModified":"2025-03-25T10:19:31+00:00","breadcrumb":{"@id":"https:\/\/www.paroslawyers.com\/de\/profil\/#breadcrumb"},"inLanguage":"de","potentialAction":[{"@type":"ReadAction","target":["https:\/\/www.paroslawyers.com\/de\/profil\/"]}]},{"@type":"BreadcrumbList","@id":"https:\/\/www.paroslawyers.com\/de\/profil\/#breadcrumb","itemListElement":[{"@type":"ListItem","position":1,"name":"Home","item":"https:\/\/www.paroslawyers.com\/de\/home\/"},{"@type":"ListItem","position":2,"name":"Profil"}]},{"@type":"WebSite","@id":"https:\/\/www.paroslawyers.com\/de\/#website","url":"https:\/\/www.paroslawyers.com\/de\/","name":"Paros Rechtsanw\u00e4lte","description":"Rechtsanwalt Ioannis (Jannis) Andreopoulos","publisher":{"@id":"https:\/\/www.paroslawyers.com\/de\/#organization"},"potentialAction":[{"@type":"SearchAction","target":{"@type":"EntryPoint","urlTemplate":"https:\/\/www.paroslawyers.com\/de\/?s={search_term_string}"},"query-input":{"@type":"PropertyValueSpecification","valueRequired":true,"valueName":"search_term_string"}}],"inLanguage":"de"},{"@type":"Organization","@id":"https:\/\/www.paroslawyers.com\/de\/#organization","name":"Andreopoulos Law Office on Paros, Cyclades, Greece","url":"https:\/\/www.paroslawyers.com\/de\/","logo":{"@type":"ImageObject","inLanguage":"de","@id":"https:\/\/www.paroslawyers.com\/de\/#\/schema\/logo\/image\/","url":"","contentUrl":"","caption":"Andreopoulos Law Office on Paros, Cyclades, Greece"},"image":{"@id":"https:\/\/www.paroslawyers.com\/de\/#\/schema\/logo\/image\/"}}]}},"_links":{"self":[{"href":"https:\/\/www.paroslawyers.com\/de\/wp-json\/wp\/v2\/pages\/1217","targetHints":{"allow":["GET"]}}],"collection":[{"href":"https:\/\/www.paroslawyers.com\/de\/wp-json\/wp\/v2\/pages"}],"about":[{"href":"https:\/\/www.paroslawyers.com\/de\/wp-json\/wp\/v2\/types\/page"}],"author":[{"embeddable":true,"href":"https:\/\/www.paroslawyers.com\/de\/wp-json\/wp\/v2\/users\/1"}],"replies":[{"embeddable":true,"href":"https:\/\/www.paroslawyers.com\/de\/wp-json\/wp\/v2\/comments?post=1217"}],"version-history":[{"count":18,"href":"https:\/\/www.paroslawyers.com\/de\/wp-json\/wp\/v2\/pages\/1217\/revisions"}],"predecessor-version":[{"id":2341,"href":"https:\/\/www.paroslawyers.com\/de\/wp-json\/wp\/v2\/pages\/1217\/revisions\/2341"}],"wp:attachment":[{"href":"https:\/\/www.paroslawyers.com\/de\/wp-json\/wp\/v2\/media?parent=1217"}],"curies":[{"name":"wp","href":"https:\/\/api.w.org\/{rel}","templated":true}]}}